{"id":14573,"date":"2025-09-25T16:38:17","date_gmt":"2025-09-25T16:38:17","guid":{"rendered":"https:\/\/as-schwabe.de\/produkt\/przedluzacz-listwowy-6-gn-h05vv-f-3g15-bia-3-m-11631\/"},"modified":"2025-10-23T00:13:11","modified_gmt":"2025-10-23T00:13:11","slug":"przedluzacz-listwowy-6-gn-h05vv-f-3g15-bia-3-m-11631","status":"publish","type":"product","link":"https:\/\/as-schwabe.de\/pl\/produkt\/przedluzacz-listwowy-6-gn-h05vv-f-3g15-bia-3-m-11631\/","title":{"rendered":"Przed\u0142u\u017cacz listwowy 6-gniazdowy 3 m H05VV-F 3G1,5 BIA IP20 | 11631"},"content":{"rendered":"<p>Przed\u0142u\u017cacz listwowy 6-gniazdowy H05VV-F 3G1,5 w kolorze bia\u0142ym o d\u0142ugo\u015bci 3 m to niezawodne rozwi\u0105zanie do zasilania wielu urz\u0105dze\u0144 elektrycznych w pomieszczeniach. Wyposa\u017cony w wtyczk\u0119 k\u0105tow\u0105 2P+Z oraz sze\u015b\u0107 gniazd z uziemieniem 2P+Z, gwarantuje komfortowe i bezpieczne korzystanie z energii elektrycznej. Maksymalne napi\u0119cie robocze wynosi 230 V, z pr\u0105dem 16 A oraz moc\u0105 3500 W, co sprawia, \u017ce produkt doskonale sprawdzi si\u0119 w gospodarstwach domowych i biurach. Klasa ochrony IP20 pozwala na u\u017cytkowanie wewn\u0105trz pomieszcze\u0144, zapewniaj\u0105c efektywne zasilanie w ka\u017cdych warunkach. Wybieraj\u0105c nasz przed\u0142u\u017cacz, zyskujesz funkcjonalno\u015b\u0107 i bezpiecze\u0144stwo, kt\u00f3re s\u0105 niezb\u0119dne w codziennym u\u017cytkowaniu.<\/p>","protected":false},"excerpt":{"rendered":"<div class=\"icons\" style=\"display: flex; flex-wrap: wrap; gap: 5px; align-items: center; margin-top: 10px;\"><img decoding=\"async\" src=\"https:\/\/as-schwabe.de\/wp-content\/uploads\/ikony\/znak_SCH.png\" alt=\"\" width=\"45\" height=\"50\" \/><img decoding=\"async\" src=\"https:\/\/as-schwabe.de\/wp-content\/uploads\/ikony\/znak_CE.png\" alt=\"\" width=\"50\" height=\"50\" \/><img decoding=\"async\" src=\"https:\/\/as-schwabe.de\/wp-content\/uploads\/ikony\/znak_IP20.png\" alt=\"\" width=\"50\" height=\"50\" \/><img loading=\"lazy\" decoding=\"async\" src=\"https:\/\/as-schwabe.de\/wp-content\/uploads\/ikony\/znak_D.png\" alt=\"\" width=\"50\" height=\"50\" \/><\/div>\n<ul>\n<li>z kablem PCV H05VV-F 3G1,5 i k\u0105tow\u0105 wtyczk\u0105 z uziemieniem <\/li>\n<li>6 x gniazdo obr\u00f3cone o 45\u00b0, z przes\u0142onami tor\u00f3w pr\u0105dowych <\/li>\n<li>230 V, 16 A, maks. 3500 W<\/li>\n<\/ul>","protected":false},"featured_media":29311,"template":"","meta":{"inline_featured_image":false},"genre":[509],"product_cat":[525,526],"product_tag":[],"class_list":{"0":"post-14573","1":"product","2":"type-product","3":"status-publish","4":"has-post-thumbnail","6":"product_brand-as-schwabe-pl","7":"product_cat-dom-i-ogrod-2-pl","8":"product_cat-przedluzacze-listwowe-i-rozgalezniki-pl","10":"first","11":"instock","12":"shipping-taxable","13":"product-type-simple"},"aioseo_notices":[],"_links":{"self":[{"href":"https:\/\/as-schwabe.de\/pl\/wp-json\/wp\/v2\/product\/14573","targetHints":{"allow":["GET"]}}],"collection":[{"href":"https:\/\/as-schwabe.de\/pl\/wp-json\/wp\/v2\/product"}],"about":[{"href":"https:\/\/as-schwabe.de\/pl\/wp-json\/wp\/v2\/types\/product"}],"version-history":[{"count":0,"href":"https:\/\/as-schwabe.de\/pl\/wp-json\/wp\/v2\/product\/14573\/revisions"}],"wp:featuredmedia":[{"embeddable":true,"href":"https:\/\/as-schwabe.de\/pl\/wp-json\/wp\/v2\/media\/29311"}],"wp:attachment":[{"href":"https:\/\/as-schwabe.de\/pl\/wp-json\/wp\/v2\/media?parent=14573"}],"wp:term":[{"taxonomy":"product_brand","embeddable":true,"href":"https:\/\/as-schwabe.de\/pl\/wp-json\/wp\/v2\/genre?post=14573"},{"taxonomy":"product_cat","embeddable":true,"href":"https:\/\/as-schwabe.de\/pl\/wp-json\/wp\/v2\/product_cat?post=14573"},{"taxonomy":"product_tag","embeddable":true,"href":"https:\/\/as-schwabe.de\/pl\/wp-json\/wp\/v2\/product_tag?post=14573"}],"curies":[{"name":"wp","href":"https:\/\/api.w.org\/{rel}","templated":true}]}}