{"id":14571,"date":"2025-09-25T16:38:16","date_gmt":"2025-09-25T16:38:16","guid":{"rendered":"https:\/\/as-schwabe.de\/produkt\/przedluzacz-listwowy-6-gn-h05vv-f-3g15-cza-14-m-11612\/"},"modified":"2025-10-23T00:13:11","modified_gmt":"2025-10-23T00:13:11","slug":"przedluzacz-listwowy-6-gn-h05vv-f-3g15-cza-14-m-11612","status":"publish","type":"product","link":"https:\/\/as-schwabe.de\/pl\/produkt\/przedluzacz-listwowy-6-gn-h05vv-f-3g15-cza-14-m-11612\/","title":{"rendered":"Przed\u0142u\u017cacz listwowy 6-gniazdowy 1,4 m H05VV-F 3G1,5 CZA IP20 | 11612"},"content":{"rendered":"<p>Przed\u0142u\u017cacz listwowy 6-gniazdowy H05VV-F 3G1,5 to doskona\u0142e rozwi\u0105zanie do zasilania r\u00f3\u017cnych urz\u0105dze\u0144 elektrycznych w domach oraz biurach. Oferuje sze\u015b\u0107 gniazd z uziemieniem 2P+Z, zapewniaj\u0105c jednocze\u015bnie maksymalne napi\u0119cie 230 V, nat\u0119\u017cenie 16 A oraz moc do 3500 W. Dzi\u0119ki wtyczce k\u0105towej, przed\u0142u\u017cacz zajmuje mniej miejsca, a kablu o d\u0142ugo\u015bci 1,4 m daje elastyczno\u015b\u0107 w aran\u017cacji przestrzeni. Klasa ochrony IP20 wskazuje, \u017ce produkt jest przeznaczony do u\u017cytku wewn\u0119trznego, co czyni go idealnym wyborem do r\u00f3\u017cnych zastosowa\u0144 w pomieszczeniach. Wybieraj\u0105c ten przed\u0142u\u017cacz, zyskujesz wygod\u0119 i bezpiecze\u0144stwo, a tak\u017ce efektywne zarz\u0105dzanie zasilaniem.<\/p>","protected":false},"excerpt":{"rendered":"<div class=\"icons\" style=\"display: flex; flex-wrap: wrap; gap: 5px; align-items: center; margin-top: 10px;\"><img decoding=\"async\" src=\"https:\/\/as-schwabe.de\/wp-content\/uploads\/ikony\/znak_SCH.png\" alt=\"\" width=\"45\" height=\"50\" \/><img decoding=\"async\" src=\"https:\/\/as-schwabe.de\/wp-content\/uploads\/ikony\/znak_CE.png\" alt=\"\" width=\"50\" height=\"50\" \/><img decoding=\"async\" src=\"https:\/\/as-schwabe.de\/wp-content\/uploads\/ikony\/znak_IP20.png\" alt=\"\" width=\"50\" height=\"50\" \/><img loading=\"lazy\" decoding=\"async\" src=\"https:\/\/as-schwabe.de\/wp-content\/uploads\/ikony\/znak_D.png\" alt=\"\" width=\"50\" height=\"50\" \/><\/div>\n<ul>\n<li>gniazda skr\u0119cane, bez kabla, do samodzielnego monta\u017cu <\/li>\n<li>gniazda obr\u00f3cone o 45\u00b0, z przes\u0142onami tor\u00f3w pr\u0105dowych <\/li>\n<li>nadaj\u0105 si\u0119 do monta\u017cu na \u015bcianie <\/li>\n<li>230 V, 16 A, maks. 3500 W<\/li>\n<\/ul>","protected":false},"featured_media":29309,"template":"","meta":{"inline_featured_image":false},"genre":[509],"product_cat":[525,526],"product_tag":[],"class_list":{"0":"post-14571","1":"product","2":"type-product","3":"status-publish","4":"has-post-thumbnail","6":"product_brand-as-schwabe-pl","7":"product_cat-dom-i-ogrod-2-pl","8":"product_cat-przedluzacze-listwowe-i-rozgalezniki-pl","10":"first","11":"instock","12":"shipping-taxable","13":"product-type-simple"},"aioseo_notices":[],"_links":{"self":[{"href":"https:\/\/as-schwabe.de\/pl\/wp-json\/wp\/v2\/product\/14571","targetHints":{"allow":["GET"]}}],"collection":[{"href":"https:\/\/as-schwabe.de\/pl\/wp-json\/wp\/v2\/product"}],"about":[{"href":"https:\/\/as-schwabe.de\/pl\/wp-json\/wp\/v2\/types\/product"}],"version-history":[{"count":0,"href":"https:\/\/as-schwabe.de\/pl\/wp-json\/wp\/v2\/product\/14571\/revisions"}],"wp:featuredmedia":[{"embeddable":true,"href":"https:\/\/as-schwabe.de\/pl\/wp-json\/wp\/v2\/media\/29309"}],"wp:attachment":[{"href":"https:\/\/as-schwabe.de\/pl\/wp-json\/wp\/v2\/media?parent=14571"}],"wp:term":[{"taxonomy":"product_brand","embeddable":true,"href":"https:\/\/as-schwabe.de\/pl\/wp-json\/wp\/v2\/genre?post=14571"},{"taxonomy":"product_cat","embeddable":true,"href":"https:\/\/as-schwabe.de\/pl\/wp-json\/wp\/v2\/product_cat?post=14571"},{"taxonomy":"product_tag","embeddable":true,"href":"https:\/\/as-schwabe.de\/pl\/wp-json\/wp\/v2\/product_tag?post=14571"}],"curies":[{"name":"wp","href":"https:\/\/api.w.org\/{rel}","templated":true}]}}