{"id":14569,"date":"2025-09-25T16:38:15","date_gmt":"2025-09-25T16:38:15","guid":{"rendered":"https:\/\/as-schwabe.de\/produkt\/przedluzacz-listwowy-6-gn-h05vv-f-3g15-bia-14-m-11611\/"},"modified":"2025-10-23T00:13:10","modified_gmt":"2025-10-23T00:13:10","slug":"przedluzacz-listwowy-6-gn-h05vv-f-3g15-bia-14-m-11611","status":"publish","type":"product","link":"https:\/\/as-schwabe.de\/pl\/produkt\/przedluzacz-listwowy-6-gn-h05vv-f-3g15-bia-14-m-11611\/","title":{"rendered":"Przed\u0142u\u017cacz listwowy 6-gniazdowy 1,4 m H05VV-F 3G1,5 BIA IP20 | 11611"},"content":{"rendered":"<p>Przed\u0142u\u017cacz listwowy 6-gniazdowy H05VV-F 3G1,5 w kolorze bia\u0142ym o d\u0142ugo\u015bci 1,4 m to idealne rozwi\u0105zanie dla u\u017cytkownik\u00f3w potrzebuj\u0105cych wielofunkcyjnego i bezpiecznego rozdzielacza zasilania. Wyposa\u017cony w wtyczk\u0119 k\u0105tow\u0105 2P+Z, umo\u017cliwia komfortowe pod\u0142\u0105czenie sprz\u0119tu w trudno dost\u0119pnych miejscach. Z sze\u015bcioma gniazdami z uziemieniem 2P+Z oraz maksymalnymi parametrami roboczymi 230 V, 16 A i 3500 W, przed\u0142u\u017cacz zapewnia stabilne zasilanie dla r\u00f3\u017cnych urz\u0105dze\u0144 elektronicznych. Oznaczenie IP20 wskazuje na jego przeznaczenie do stosowania wewn\u0105trz pomieszcze\u0144, co dodatkowo podnosi bezpiecze\u0144stwo u\u017cytkowania. Produkt ten jest doskona\u0142ym wyborem dla biur, dom\u00f3w oraz warsztat\u00f3w, oferuj\u0105c wygod\u0119 i funkcjonalno\u015b\u0107 na co dzie\u0144.<\/p>","protected":false},"excerpt":{"rendered":"<div class=\"icons\" style=\"display: flex; flex-wrap: wrap; gap: 5px; align-items: center; margin-top: 10px;\"><img decoding=\"async\" src=\"https:\/\/as-schwabe.de\/wp-content\/uploads\/ikony\/znak_SCH.png\" alt=\"\" width=\"45\" height=\"50\" \/><img decoding=\"async\" src=\"https:\/\/as-schwabe.de\/wp-content\/uploads\/ikony\/znak_CE.png\" alt=\"\" width=\"50\" height=\"50\" \/><img decoding=\"async\" src=\"https:\/\/as-schwabe.de\/wp-content\/uploads\/ikony\/znak_IP20.png\" alt=\"\" width=\"50\" height=\"50\" \/><img loading=\"lazy\" decoding=\"async\" src=\"https:\/\/as-schwabe.de\/wp-content\/uploads\/ikony\/znak_D.png\" alt=\"\" width=\"50\" height=\"50\" \/><\/div>\n<ul>\n<li>gniazda skr\u0119cane, bez kabla, do samodzielnego monta\u017cu <\/li>\n<li>gniazda obr\u00f3cone o 45\u00b0, z przes\u0142onami tor\u00f3w pr\u0105dowych <\/li>\n<li>nadaj\u0105 si\u0119 do monta\u017cu na \u015bcianie <\/li>\n<li>230 V, 16 A, maks. 3500 W<\/li>\n<\/ul>","protected":false},"featured_media":29306,"template":"","meta":{"inline_featured_image":false},"genre":[509],"product_cat":[525,526],"product_tag":[],"class_list":{"0":"post-14569","1":"product","2":"type-product","3":"status-publish","4":"has-post-thumbnail","6":"product_brand-as-schwabe-pl","7":"product_cat-dom-i-ogrod-2-pl","8":"product_cat-przedluzacze-listwowe-i-rozgalezniki-pl","10":"first","11":"instock","12":"shipping-taxable","13":"product-type-simple"},"aioseo_notices":[],"_links":{"self":[{"href":"https:\/\/as-schwabe.de\/pl\/wp-json\/wp\/v2\/product\/14569","targetHints":{"allow":["GET"]}}],"collection":[{"href":"https:\/\/as-schwabe.de\/pl\/wp-json\/wp\/v2\/product"}],"about":[{"href":"https:\/\/as-schwabe.de\/pl\/wp-json\/wp\/v2\/types\/product"}],"version-history":[{"count":0,"href":"https:\/\/as-schwabe.de\/pl\/wp-json\/wp\/v2\/product\/14569\/revisions"}],"wp:featuredmedia":[{"embeddable":true,"href":"https:\/\/as-schwabe.de\/pl\/wp-json\/wp\/v2\/media\/29306"}],"wp:attachment":[{"href":"https:\/\/as-schwabe.de\/pl\/wp-json\/wp\/v2\/media?parent=14569"}],"wp:term":[{"taxonomy":"product_brand","embeddable":true,"href":"https:\/\/as-schwabe.de\/pl\/wp-json\/wp\/v2\/genre?post=14569"},{"taxonomy":"product_cat","embeddable":true,"href":"https:\/\/as-schwabe.de\/pl\/wp-json\/wp\/v2\/product_cat?post=14569"},{"taxonomy":"product_tag","embeddable":true,"href":"https:\/\/as-schwabe.de\/pl\/wp-json\/wp\/v2\/product_tag?post=14569"}],"curies":[{"name":"wp","href":"https:\/\/api.w.org\/{rel}","templated":true}]}}