{"id":14562,"date":"2025-09-25T16:38:11","date_gmt":"2025-09-25T16:38:11","guid":{"rendered":"https:\/\/as-schwabe.de\/produkt\/panel-3-gniazdowy-z-usb-z-sygnalizacja-napiecia-klapki-nie-11585\/"},"modified":"2025-10-23T00:13:10","modified_gmt":"2025-10-23T00:13:10","slug":"panel-3-gniazdowy-z-usb-z-sygnalizacja-napiecia-klapki-nie-11585","status":"publish","type":"product","link":"https:\/\/as-schwabe.de\/pl\/produkt\/panel-3-gniazdowy-z-usb-z-sygnalizacja-napiecia-klapki-nie-11585\/","title":{"rendered":"Panel 3-gniazdowy z USB z niebieskimi klapkami i sygnalizacj\u0105 napi\u0119cia IP44 | 11585"},"content":{"rendered":"<p>Panel 3-gniazdowy z USB z sygnalizacj\u0105 napi\u0119cia to idealne rozwi\u0105zanie dla u\u017cytkownik\u00f3w poszukuj\u0105cych niezawodnego zasilania w warunkach zewn\u0119trznych. Wyposa\u017cony w trzy gniazda IP44 z klapk\u0105 w kolorze niebieskim oraz uziemieniem, panel zapewnia bezpieczne u\u017cytkowanie na zewn\u0105trz przy maksymalnym obci\u0105\u017ceniu 16 A oraz 3500 W. Dodatkowe z\u0142\u0105cze USB o napi\u0119ciu 5 V i pr\u0105dzie 1 A umo\u017cliwia \u0142adowanie urz\u0105dze\u0144 mobilnych, co zwi\u0119ksza jego wszechstronno\u015b\u0107. Dzi\u0119ki sygnalizacji napi\u0119cia oraz wbudowanemu termikowi, u\u017cytkownik ma pe\u0142n\u0105 kontrol\u0119 nad poziomem zasilania, co wp\u0142ywa na bezpiecze\u0144stwo u\u017cytkowania. Klasa odporno\u015bci IP54 sprawia, \u017ce panel jest odporny na niekorzystne warunki atmosferyczne, co czyni go doskona\u0142ym wyborem do ogrod\u00f3w, warsztat\u00f3w czy na placu budowy.<\/p>","protected":false},"excerpt":{"rendered":"<div class=\"icons\" style=\"display: flex; flex-wrap: wrap; gap: 5px; align-items: center; margin-top: 10px;\"><img decoding=\"async\" src=\"https:\/\/as-schwabe.de\/wp-content\/uploads\/ikony\/znak_SCH.png\" alt=\"\" width=\"45\" height=\"50\" \/><img decoding=\"async\" src=\"https:\/\/as-schwabe.de\/wp-content\/uploads\/ikony\/znak_CE.png\" alt=\"\" width=\"50\" height=\"50\" \/><img decoding=\"async\" src=\"https:\/\/as-schwabe.de\/wp-content\/uploads\/ikony\/znak_IP54.png\" alt=\"\" width=\"50\" height=\"50\" \/><img loading=\"lazy\" decoding=\"async\" src=\"https:\/\/as-schwabe.de\/wp-content\/uploads\/ikony\/znak_DE.png\" alt=\"\" width=\"50\" height=\"40\" \/><\/div>\n<ul>\n<li>Panel 3-gniazdowy z USB i sygnalizacj\u0105 napi\u0119cia, IP44 z niebieskimi klapkami na zawiasach z wy\u0142\u0105cznikiem termicznym<\/li>\n<\/ul>","protected":false},"featured_media":29302,"template":"","meta":{"inline_featured_image":false},"genre":[509],"product_cat":[510,520],"product_tag":[],"class_list":{"0":"post-14562","1":"product","2":"type-product","3":"status-publish","4":"has-post-thumbnail","6":"product_brand-as-schwabe-pl","7":"product_cat-przedluzacze-bebnowe-pl","8":"product_cat-czesci-zamienne-pl","10":"first","11":"instock","12":"shipping-taxable","13":"product-type-simple"},"aioseo_notices":[],"_links":{"self":[{"href":"https:\/\/as-schwabe.de\/pl\/wp-json\/wp\/v2\/product\/14562","targetHints":{"allow":["GET"]}}],"collection":[{"href":"https:\/\/as-schwabe.de\/pl\/wp-json\/wp\/v2\/product"}],"about":[{"href":"https:\/\/as-schwabe.de\/pl\/wp-json\/wp\/v2\/types\/product"}],"version-history":[{"count":0,"href":"https:\/\/as-schwabe.de\/pl\/wp-json\/wp\/v2\/product\/14562\/revisions"}],"wp:featuredmedia":[{"embeddable":true,"href":"https:\/\/as-schwabe.de\/pl\/wp-json\/wp\/v2\/media\/29302"}],"wp:attachment":[{"href":"https:\/\/as-schwabe.de\/pl\/wp-json\/wp\/v2\/media?parent=14562"}],"wp:term":[{"taxonomy":"product_brand","embeddable":true,"href":"https:\/\/as-schwabe.de\/pl\/wp-json\/wp\/v2\/genre?post=14562"},{"taxonomy":"product_cat","embeddable":true,"href":"https:\/\/as-schwabe.de\/pl\/wp-json\/wp\/v2\/product_cat?post=14562"},{"taxonomy":"product_tag","embeddable":true,"href":"https:\/\/as-schwabe.de\/pl\/wp-json\/wp\/v2\/product_tag?post=14562"}],"curies":[{"name":"wp","href":"https:\/\/api.w.org\/{rel}","templated":true}]}}