{"id":14531,"date":"2025-09-25T16:37:50","date_gmt":"2025-09-25T16:37:50","guid":{"rendered":"https:\/\/as-schwabe.de\/produkt\/przedluzacz-listwowy-6-gn-bez-przeslon-z-wl-h05vv-f-3g15-bia-14-m-11501\/"},"modified":"2025-10-23T00:13:07","modified_gmt":"2025-10-23T00:13:07","slug":"przedluzacz-listwowy-6-gn-bez-przeslon-z-wl-h05vv-f-3g15-bia-14-m-11501","status":"publish","type":"product","link":"https:\/\/as-schwabe.de\/pl\/produkt\/przedluzacz-listwowy-6-gn-bez-przeslon-z-wl-h05vv-f-3g15-bia-14-m-11501\/","title":{"rendered":"Przed\u0142u\u017cacz listwowy 6-gniazdowy z w\u0142\u0105cznikiem bez przes\u0142on 1,4 m H05VV-F 3G1,5 BIA IP20 | 11501"},"content":{"rendered":"<p>Przed\u0142u\u017cacz listwowy 6-gniazdowy H05VV-F 3G1,5 w kolorze bia\u0142ym to praktyczne rozwi\u0105zanie dla ka\u017cdego pomieszczenia. Posiada wtyczk\u0119 k\u0105tow\u0105 2P+Z, co u\u0142atwia pod\u0142\u0105czanie w miejscach o ograniczonej przestrzeni. Wyposa\u017cony w pod\u015bwietlany w\u0142\u0105cznik, umo\u017cliwia \u0142atwe zarz\u0105dzanie zasilaniem, a sze\u015b\u0107 gniazd z uziemieniem zapewnia jednoczesne pod\u0142\u0105czenie wielu urz\u0105dze\u0144 elektrycznych. Oferuje maksymalne obci\u0105\u017cenie 230 V, 16 A, 3500 W, co czyni go idealnym do biur, salon\u00f3w czy domowych warsztat\u00f3w. Dzi\u0119ki stopniowi ochrony IP20, jest przeznaczony do u\u017cytku wewn\u0119trznego, co zwi\u0119ksza komfort i bezpiecze\u0144stwo u\u017cytkowania.<\/p>","protected":false},"excerpt":{"rendered":"<div class=\"icons\" style=\"display: flex; flex-wrap: wrap; gap: 5px; align-items: center; margin-top: 10px;\"><img decoding=\"async\" src=\"https:\/\/as-schwabe.de\/wp-content\/uploads\/ikony\/znak_SCH.png\" alt=\"\" width=\"45\" height=\"50\" \/><img decoding=\"async\" src=\"https:\/\/as-schwabe.de\/wp-content\/uploads\/ikony\/znak_CE.png\" alt=\"\" width=\"50\" height=\"50\" \/><img decoding=\"async\" src=\"https:\/\/as-schwabe.de\/wp-content\/uploads\/ikony\/znak_IP20.png\" alt=\"\" width=\"50\" height=\"50\" \/><img loading=\"lazy\" decoding=\"async\" src=\"https:\/\/as-schwabe.de\/wp-content\/uploads\/ikony\/znak_D.png\" alt=\"\" width=\"50\" height=\"50\" \/><\/div>\n<ul>\n<li>z kablem PCV H05VV-F 3G1,5 i k\u0105tow\u0105 wtyczk\u0105 z uziemieniem <\/li>\n<li>5 x gniazdo obr\u00f3cone o 45\u00b0 <\/li>\n<li>z pod\u015bwietlanym wy\u0142\u0105cznikiem <\/li>\n<li>230 V, 16 A, maks. 3500 W<\/li>\n<\/ul>","protected":false},"featured_media":29279,"template":"","meta":{"inline_featured_image":false},"genre":[509],"product_cat":[525,526],"product_tag":[],"class_list":{"0":"post-14531","1":"product","2":"type-product","3":"status-publish","4":"has-post-thumbnail","6":"product_brand-as-schwabe-pl","7":"product_cat-dom-i-ogrod-2-pl","8":"product_cat-przedluzacze-listwowe-i-rozgalezniki-pl","10":"first","11":"instock","12":"shipping-taxable","13":"product-type-simple"},"aioseo_notices":[],"_links":{"self":[{"href":"https:\/\/as-schwabe.de\/pl\/wp-json\/wp\/v2\/product\/14531","targetHints":{"allow":["GET"]}}],"collection":[{"href":"https:\/\/as-schwabe.de\/pl\/wp-json\/wp\/v2\/product"}],"about":[{"href":"https:\/\/as-schwabe.de\/pl\/wp-json\/wp\/v2\/types\/product"}],"version-history":[{"count":0,"href":"https:\/\/as-schwabe.de\/pl\/wp-json\/wp\/v2\/product\/14531\/revisions"}],"wp:featuredmedia":[{"embeddable":true,"href":"https:\/\/as-schwabe.de\/pl\/wp-json\/wp\/v2\/media\/29279"}],"wp:attachment":[{"href":"https:\/\/as-schwabe.de\/pl\/wp-json\/wp\/v2\/media?parent=14531"}],"wp:term":[{"taxonomy":"product_brand","embeddable":true,"href":"https:\/\/as-schwabe.de\/pl\/wp-json\/wp\/v2\/genre?post=14531"},{"taxonomy":"product_cat","embeddable":true,"href":"https:\/\/as-schwabe.de\/pl\/wp-json\/wp\/v2\/product_cat?post=14531"},{"taxonomy":"product_tag","embeddable":true,"href":"https:\/\/as-schwabe.de\/pl\/wp-json\/wp\/v2\/product_tag?post=14531"}],"curies":[{"name":"wp","href":"https:\/\/api.w.org\/{rel}","templated":true}]}}