{"id":14529,"date":"2025-09-25T16:37:49","date_gmt":"2025-09-25T16:37:49","guid":{"rendered":"https:\/\/as-schwabe.de\/produkt\/przedluzacz-listwowy-spiralny-6-gn-h05vv-f-3g15-cza-24-m-11462\/"},"modified":"2025-10-23T00:13:07","modified_gmt":"2025-10-23T00:13:07","slug":"przedluzacz-listwowy-spiralny-6-gn-h05vv-f-3g15-cza-24-m-11462","status":"publish","type":"product","link":"https:\/\/as-schwabe.de\/pl\/produkt\/przedluzacz-listwowy-spiralny-6-gn-h05vv-f-3g15-cza-24-m-11462\/","title":{"rendered":"Przed\u0142u\u017cacz listwowy spiralny 6-gniazdowy do 2,4 m H05VV-F 3G1,5 CZA IP20 | 11462"},"content":{"rendered":"<p>Przed\u0142u\u017cacz listwowy spiralny 6-gniazdowy H05VV-F 3G1,5 w kolorze czarnym jest idealnym rozwi\u0105zaniem dla u\u017cytkownik\u00f3w potrzebuj\u0105cych elastycznego dost\u0119pu do zasilania w pomieszczeniach. Z jego pomoc\u0105 mo\u017cna pod\u0142\u0105czy\u0107 jednocze\u015bnie sze\u015b\u0107 urz\u0105dze\u0144, dzi\u0119ki czemu doskonale sprawdzi si\u0119 w biurach, warsztatach oraz domach. Wtyczka k\u0105towa 2P+Z zapewnia wygod\u0119 pod\u0142\u0105czenia w trudnodost\u0119pnych miejscach, a maksymalna moc wynosz\u0105ca 3500 W przy napi\u0119ciu 230 V oraz pr\u0105dzie 16 A gwarantuje wysok\u0105 wydajno\u015b\u0107. Klasa odporno\u015bci IP20 zapewnia bezpiecze\u0144stwo u\u017cytkowania wewn\u0105trz pomieszcze\u0144. Dzi\u0119ki spiralnej konstrukcji, przed\u0142u\u017cacz zajmuje niewiele miejsca i mo\u017cna go \u0142atwo przechowywa\u0107.<\/p>","protected":false},"excerpt":{"rendered":"<div class=\"icons\" style=\"display: flex; flex-wrap: wrap; gap: 5px; align-items: center; margin-top: 10px;\"><img decoding=\"async\" src=\"https:\/\/as-schwabe.de\/wp-content\/uploads\/ikony\/znak_SCH.png\" alt=\"\" width=\"45\" height=\"50\" \/><img decoding=\"async\" src=\"https:\/\/as-schwabe.de\/wp-content\/uploads\/ikony\/znak_CE.png\" alt=\"\" width=\"50\" height=\"50\" \/><img decoding=\"async\" src=\"https:\/\/as-schwabe.de\/wp-content\/uploads\/ikony\/znak_IP20.png\" alt=\"\" width=\"50\" height=\"50\" \/><img loading=\"lazy\" decoding=\"async\" src=\"https:\/\/as-schwabe.de\/wp-content\/uploads\/ikony\/znak_D.png\" alt=\"\" width=\"50\" height=\"50\" \/><\/div>\n<ul>\n<li>z przewodem spiralnym PCV H05VV-F 3G1,5 i k\u0105tow\u0105 wtyczk\u0105 z uziemieniem <\/li>\n<li>gniazda obr\u00f3cone o 45\u00b0, z przes\u0142onami tor\u00f3w pr\u0105dowych <\/li>\n<li>nadaj\u0105 si\u0119 do monta\u017cu na \u015bcianie <\/li>\n<li>230 V, 16 A, maks. 3500 W<\/li>\n<\/ul>","protected":false},"featured_media":29278,"template":"","meta":{"inline_featured_image":false},"genre":[509],"product_cat":[525,526],"product_tag":[],"class_list":{"0":"post-14529","1":"product","2":"type-product","3":"status-publish","4":"has-post-thumbnail","6":"product_brand-as-schwabe-pl","7":"product_cat-dom-i-ogrod-2-pl","8":"product_cat-przedluzacze-listwowe-i-rozgalezniki-pl","10":"first","11":"instock","12":"shipping-taxable","13":"product-type-simple"},"aioseo_notices":[],"_links":{"self":[{"href":"https:\/\/as-schwabe.de\/pl\/wp-json\/wp\/v2\/product\/14529","targetHints":{"allow":["GET"]}}],"collection":[{"href":"https:\/\/as-schwabe.de\/pl\/wp-json\/wp\/v2\/product"}],"about":[{"href":"https:\/\/as-schwabe.de\/pl\/wp-json\/wp\/v2\/types\/product"}],"version-history":[{"count":0,"href":"https:\/\/as-schwabe.de\/pl\/wp-json\/wp\/v2\/product\/14529\/revisions"}],"wp:featuredmedia":[{"embeddable":true,"href":"https:\/\/as-schwabe.de\/pl\/wp-json\/wp\/v2\/media\/29278"}],"wp:attachment":[{"href":"https:\/\/as-schwabe.de\/pl\/wp-json\/wp\/v2\/media?parent=14529"}],"wp:term":[{"taxonomy":"product_brand","embeddable":true,"href":"https:\/\/as-schwabe.de\/pl\/wp-json\/wp\/v2\/genre?post=14529"},{"taxonomy":"product_cat","embeddable":true,"href":"https:\/\/as-schwabe.de\/pl\/wp-json\/wp\/v2\/product_cat?post=14529"},{"taxonomy":"product_tag","embeddable":true,"href":"https:\/\/as-schwabe.de\/pl\/wp-json\/wp\/v2\/product_tag?post=14529"}],"curies":[{"name":"wp","href":"https:\/\/api.w.org\/{rel}","templated":true}]}}