{"id":14527,"date":"2025-09-25T16:37:48","date_gmt":"2025-09-25T16:37:48","guid":{"rendered":"https:\/\/as-schwabe.de\/produkt\/przedluzacz-listwowy-spiralny-6-gn-h05vv-f-3g15-bia-24-m-11461\/"},"modified":"2025-10-23T00:13:07","modified_gmt":"2025-10-23T00:13:07","slug":"przedluzacz-listwowy-spiralny-6-gn-h05vv-f-3g15-bia-24-m-11461","status":"publish","type":"product","link":"https:\/\/as-schwabe.de\/pl\/produkt\/przedluzacz-listwowy-spiralny-6-gn-h05vv-f-3g15-bia-24-m-11461\/","title":{"rendered":"Przed\u0142u\u017cacz listwowy spiralny 6-gniazdowy do 2,4 m H05VV-F 3G1,5 BIA IP20 | 11461"},"content":{"rendered":"<p>Przed\u0142u\u017cacz listwowy spiralny 6-gniazdowy H05VV-F 3G1,5 w kolorze bia\u0142ym to funkcjonalne rozwi\u0105zanie dla os\u00f3b potrzebuj\u0105cych elastycznego zasilania w pomieszczeniach. Wyposa\u017cony w wtyczk\u0119 k\u0105tow\u0105 2P+Z oraz sze\u015b\u0107 gniazd z uziemieniem, zapewnia maksymalne obci\u0105\u017cenie do 230 V, 16 A i 3500 W. Dzi\u0119ki spiralnej konstrukcji, listwa doskonale sprawdzi si\u0119 w ograniczonej przestrzeni, a jej d\u0142ugo\u015b\u0107 do 2,4 m umo\u017cliwia swobodne pod\u0142\u0105czenie sprz\u0119tu elektrycznego w r\u00f3\u017cnych lokalizacjach. Oznaczenie IP20 gwarantuje, \u017ce produkt jest przystosowany do u\u017cytku wewn\u0119trznego, co czyni go bezpiecznym narz\u0119dziem w ka\u017cdym domu czy biurze. Wybieraj\u0105c ten przed\u0142u\u017cacz, zyskujesz nie tylko komfort u\u017cytkowania, ale tak\u017ce wysok\u0105 jako\u015b\u0107 i niezawodno\u015b\u0107 ka\u017cdego dnia.<\/p>","protected":false},"excerpt":{"rendered":"<div class=\"icons\" style=\"display: flex; flex-wrap: wrap; gap: 5px; align-items: center; margin-top: 10px;\"><img decoding=\"async\" src=\"https:\/\/as-schwabe.de\/wp-content\/uploads\/ikony\/znak_SCH.png\" alt=\"\" width=\"45\" height=\"50\" \/><img decoding=\"async\" src=\"https:\/\/as-schwabe.de\/wp-content\/uploads\/ikony\/znak_CE.png\" alt=\"\" width=\"50\" height=\"50\" \/><img decoding=\"async\" src=\"https:\/\/as-schwabe.de\/wp-content\/uploads\/ikony\/znak_IP20.png\" alt=\"\" width=\"50\" height=\"50\" \/><img loading=\"lazy\" decoding=\"async\" src=\"https:\/\/as-schwabe.de\/wp-content\/uploads\/ikony\/znak_D.png\" alt=\"\" width=\"50\" height=\"50\" \/><\/div>\n<ul>\n<li>z przewodem spiralnym PCV H05VV-F 3G1,5 i k\u0105tow\u0105 wtyczk\u0105 z uziemieniem <\/li>\n<li>gniazda obr\u00f3cone o 45\u00b0, z przes\u0142onami tor\u00f3w pr\u0105dowych <\/li>\n<li>nadaj\u0105 si\u0119 do monta\u017cu na \u015bcianie <\/li>\n<li>230 V, 16 A, maks. 3500 W<\/li>\n<\/ul>","protected":false},"featured_media":29277,"template":"","meta":{"inline_featured_image":false},"genre":[509],"product_cat":[525,526],"product_tag":[],"class_list":{"0":"post-14527","1":"product","2":"type-product","3":"status-publish","4":"has-post-thumbnail","6":"product_brand-as-schwabe-pl","7":"product_cat-dom-i-ogrod-2-pl","8":"product_cat-przedluzacze-listwowe-i-rozgalezniki-pl","10":"first","11":"instock","12":"shipping-taxable","13":"product-type-simple"},"aioseo_notices":[],"_links":{"self":[{"href":"https:\/\/as-schwabe.de\/pl\/wp-json\/wp\/v2\/product\/14527","targetHints":{"allow":["GET"]}}],"collection":[{"href":"https:\/\/as-schwabe.de\/pl\/wp-json\/wp\/v2\/product"}],"about":[{"href":"https:\/\/as-schwabe.de\/pl\/wp-json\/wp\/v2\/types\/product"}],"version-history":[{"count":0,"href":"https:\/\/as-schwabe.de\/pl\/wp-json\/wp\/v2\/product\/14527\/revisions"}],"wp:featuredmedia":[{"embeddable":true,"href":"https:\/\/as-schwabe.de\/pl\/wp-json\/wp\/v2\/media\/29277"}],"wp:attachment":[{"href":"https:\/\/as-schwabe.de\/pl\/wp-json\/wp\/v2\/media?parent=14527"}],"wp:term":[{"taxonomy":"product_brand","embeddable":true,"href":"https:\/\/as-schwabe.de\/pl\/wp-json\/wp\/v2\/genre?post=14527"},{"taxonomy":"product_cat","embeddable":true,"href":"https:\/\/as-schwabe.de\/pl\/wp-json\/wp\/v2\/product_cat?post=14527"},{"taxonomy":"product_tag","embeddable":true,"href":"https:\/\/as-schwabe.de\/pl\/wp-json\/wp\/v2\/product_tag?post=14527"}],"curies":[{"name":"wp","href":"https:\/\/api.w.org\/{rel}","templated":true}]}}