{"id":14523,"date":"2025-09-25T16:37:45","date_gmt":"2025-09-25T16:37:45","guid":{"rendered":"https:\/\/as-schwabe.de\/produkt\/przedluzacz-listwowy-spiralny-3-gn-h05vv-f-3g15-bia-24-m-11431\/"},"modified":"2025-10-23T00:13:06","modified_gmt":"2025-10-23T00:13:06","slug":"przedluzacz-listwowy-spiralny-3-gn-h05vv-f-3g15-bia-24-m-11431","status":"publish","type":"product","link":"https:\/\/as-schwabe.de\/pl\/produkt\/przedluzacz-listwowy-spiralny-3-gn-h05vv-f-3g15-bia-24-m-11431\/","title":{"rendered":"Przed\u0142u\u017cacz listwowy spiralny 3-gniazdowy do 2,4 m H05VV-F 3G1,5 BIA IP20 | 11431"},"content":{"rendered":"<p>Przed\u0142u\u017cacz listwowy spiralny 3-gniazdowy H05VV-F 3G1,5 w kolorze bia\u0142ym to idealne rozwi\u0105zanie dla u\u017cytkownik\u00f3w potrzebuj\u0105cych elastycznego dost\u0119pu do \u017ar\u00f3de\u0142 zasilania w pomieszczeniach. Dzi\u0119ki przemy\u015blanej konstrukcji i maksymalnej mocy wynosz\u0105cej 3500 W, 16 A oraz napi\u0119ciu 230 V, umo\u017cliwia pod\u0142\u0105czenie trzech urz\u0105dze\u0144 jednocze\u015bnie, co \u015bwietnie sprawdzi si\u0119 w biurach, domach czy warsztatach. Wtyczka k\u0105towa 2P+Z zapewnia wygod\u0119 u\u017cytkowania w ciasnych przestrzeniach, a gniazda z uziemieniem gwarantuj\u0105 bezpiecze\u0144stwo podczas pracy z urz\u0105dzeniami elektrycznymi. Produkt posiada klas\u0119 szczelno\u015bci IP20, co czyni go przeznaczonym do u\u017cytku wewn\u0119trznego, a spiralna konstrukcja pozwala na \u0142atwe przechowywanie i transport. Wybieraj\u0105c nasz przed\u0142u\u017cacz, inwestujesz w wysok\u0105 jako\u015b\u0107 i niezawodno\u015b\u0107.<\/p>","protected":false},"excerpt":{"rendered":"<div class=\"icons\" style=\"display: flex; flex-wrap: wrap; gap: 5px; align-items: center; margin-top: 10px;\"><img decoding=\"async\" src=\"https:\/\/as-schwabe.de\/wp-content\/uploads\/ikony\/znak_SCH.png\" alt=\"\" width=\"45\" height=\"50\" \/><img decoding=\"async\" src=\"https:\/\/as-schwabe.de\/wp-content\/uploads\/ikony\/znak_CE.png\" alt=\"\" width=\"50\" height=\"50\" \/><img decoding=\"async\" src=\"https:\/\/as-schwabe.de\/wp-content\/uploads\/ikony\/znak_IP20.png\" alt=\"\" width=\"50\" height=\"50\" \/><img loading=\"lazy\" decoding=\"async\" src=\"https:\/\/as-schwabe.de\/wp-content\/uploads\/ikony\/znak_D.png\" alt=\"\" width=\"50\" height=\"50\" \/><\/div>\n<ul>\n<li>z przewodem spiralnym PCV H05VV-F 3G1,5 i k\u0105tow\u0105 wtyczk\u0105 z uziemieniem <\/li>\n<li>gniazda obr\u00f3cone o 45\u00b0, z przes\u0142onami tor\u00f3w pr\u0105dowych <\/li>\n<li>nadaj\u0105 si\u0119 do monta\u017cu na \u015bcianie <\/li>\n<li>230 V, 16 A, maks. 3500 W<\/li>\n<\/ul>","protected":false},"featured_media":29272,"template":"","meta":{"inline_featured_image":false},"genre":[509],"product_cat":[525,526],"product_tag":[],"class_list":{"0":"post-14523","1":"product","2":"type-product","3":"status-publish","4":"has-post-thumbnail","6":"product_brand-as-schwabe-pl","7":"product_cat-dom-i-ogrod-2-pl","8":"product_cat-przedluzacze-listwowe-i-rozgalezniki-pl","10":"first","11":"instock","12":"shipping-taxable","13":"product-type-simple"},"aioseo_notices":[],"_links":{"self":[{"href":"https:\/\/as-schwabe.de\/pl\/wp-json\/wp\/v2\/product\/14523","targetHints":{"allow":["GET"]}}],"collection":[{"href":"https:\/\/as-schwabe.de\/pl\/wp-json\/wp\/v2\/product"}],"about":[{"href":"https:\/\/as-schwabe.de\/pl\/wp-json\/wp\/v2\/types\/product"}],"version-history":[{"count":0,"href":"https:\/\/as-schwabe.de\/pl\/wp-json\/wp\/v2\/product\/14523\/revisions"}],"wp:featuredmedia":[{"embeddable":true,"href":"https:\/\/as-schwabe.de\/pl\/wp-json\/wp\/v2\/media\/29272"}],"wp:attachment":[{"href":"https:\/\/as-schwabe.de\/pl\/wp-json\/wp\/v2\/media?parent=14523"}],"wp:term":[{"taxonomy":"product_brand","embeddable":true,"href":"https:\/\/as-schwabe.de\/pl\/wp-json\/wp\/v2\/genre?post=14523"},{"taxonomy":"product_cat","embeddable":true,"href":"https:\/\/as-schwabe.de\/pl\/wp-json\/wp\/v2\/product_cat?post=14523"},{"taxonomy":"product_tag","embeddable":true,"href":"https:\/\/as-schwabe.de\/pl\/wp-json\/wp\/v2\/product_tag?post=14523"}],"curies":[{"name":"wp","href":"https:\/\/api.w.org\/{rel}","templated":true}]}}