{"id":14516,"date":"2025-09-25T16:37:40","date_gmt":"2025-09-25T16:37:40","guid":{"rendered":"https:\/\/as-schwabe.de\/produkt\/przedluzacz-listwowy-5-gn-z-ultraplaska-wtyczka-katowa-cza-11394\/"},"modified":"2025-10-23T00:13:05","modified_gmt":"2025-10-23T00:13:05","slug":"przedluzacz-listwowy-5-gn-z-ultraplaska-wtyczka-katowa-cza-11394","status":"publish","type":"product","link":"https:\/\/as-schwabe.de\/pl\/produkt\/przedluzacz-listwowy-5-gn-z-ultraplaska-wtyczka-katowa-cza-11394\/","title":{"rendered":"Przed\u0142u\u017cacz listwowy 5-gniazdowy z Ultra p\u0142ask\u0105 wtyczk\u0105 k\u0105tow\u0105 2 m H05VV-F 3G1,5 CZA IP20 | 11394"},"content":{"rendered":"<p>Przed\u0142u\u017cacz listwowy 5-gniazdowy z ultra p\u0142ask\u0105 wtyczk\u0105 k\u0105tow\u0105 to idealne rozwi\u0105zanie dla os\u00f3b poszukuj\u0105cych funkcjonalno\u015bci i oszcz\u0119dno\u015bci miejsca. Charakteryzuje si\u0119 wej\u015bciem wtykowym typu Ultra p\u0142askiego 2P+Z oraz pi\u0119cioma gniazdami z uziemieniem, co zapewnia wygodne zasilanie r\u00f3\u017cnych urz\u0105dze\u0144 jednocze\u015bnie. Produkt obs\u0142uguje maksymalne napi\u0119cie 230 V oraz pr\u0105d do 16 A, co przek\u0142ada si\u0119 na \u0142\u0105czn\u0105 moc 3500 W. Dodatkowo, pod\u015bwietlany w\u0142\u0105cznik u\u0142atwia kontrol\u0119 nad w\u0142\u0105czonymi urz\u0105dzeniami, a klasa ochrony IP20 wskazuje na przeznaczenie zestawu do u\u017cytku wewn\u0119trznego. Dzi\u0119ki d\u0142ugo\u015bci 2 metr\u00f3w, przed\u0142u\u017cacz mo\u017cna \u0142atwo dopasowa\u0107 do ka\u017cdego wn\u0119trza, co czyni go praktycznym wyborem w domach i biurach.<\/p>","protected":false},"excerpt":{"rendered":"<div class=\"icons\" style=\"display: flex; flex-wrap: wrap; gap: 5px; align-items: center; margin-top: 10px;\"><img decoding=\"async\" src=\"https:\/\/as-schwabe.de\/wp-content\/uploads\/ikony\/znak_SCH.png\" alt=\"\" width=\"45\" height=\"50\" \/><img decoding=\"async\" src=\"https:\/\/as-schwabe.de\/wp-content\/uploads\/ikony\/znak_CE.png\" alt=\"\" width=\"50\" height=\"50\" \/><img decoding=\"async\" src=\"https:\/\/as-schwabe.de\/wp-content\/uploads\/ikony\/znak_IP20.png\" alt=\"\" width=\"50\" height=\"50\" \/><img loading=\"lazy\" decoding=\"async\" src=\"https:\/\/as-schwabe.de\/wp-content\/uploads\/ikony\/znak_D.png\" alt=\"\" width=\"50\" height=\"50\" \/><\/div>\n<ul>\n<li>z 2 m kablem PCV H05VV-F 3G1,5 i p\u0142ask\u0105 wtyczk\u0105 z uziemieniem <\/li>\n<li>gniazda obr\u00f3cone o 45\u00b0, z przes\u0142onami tor\u00f3w pr\u0105dowych <\/li>\n<li>z pod\u015bwietlanym wy\u0142\u0105cznikiem <\/li>\n<li>230 V, 16 A, maks. 3500 W<\/li>\n<\/ul>","protected":false},"featured_media":29269,"template":"","meta":{"inline_featured_image":false},"genre":[509],"product_cat":[525,526],"product_tag":[],"class_list":{"0":"post-14516","1":"product","2":"type-product","3":"status-publish","4":"has-post-thumbnail","6":"product_brand-as-schwabe-pl","7":"product_cat-dom-i-ogrod-2-pl","8":"product_cat-przedluzacze-listwowe-i-rozgalezniki-pl","10":"first","11":"instock","12":"shipping-taxable","13":"product-type-simple"},"aioseo_notices":[],"_links":{"self":[{"href":"https:\/\/as-schwabe.de\/pl\/wp-json\/wp\/v2\/product\/14516","targetHints":{"allow":["GET"]}}],"collection":[{"href":"https:\/\/as-schwabe.de\/pl\/wp-json\/wp\/v2\/product"}],"about":[{"href":"https:\/\/as-schwabe.de\/pl\/wp-json\/wp\/v2\/types\/product"}],"version-history":[{"count":0,"href":"https:\/\/as-schwabe.de\/pl\/wp-json\/wp\/v2\/product\/14516\/revisions"}],"wp:featuredmedia":[{"embeddable":true,"href":"https:\/\/as-schwabe.de\/pl\/wp-json\/wp\/v2\/media\/29269"}],"wp:attachment":[{"href":"https:\/\/as-schwabe.de\/pl\/wp-json\/wp\/v2\/media?parent=14516"}],"wp:term":[{"taxonomy":"product_brand","embeddable":true,"href":"https:\/\/as-schwabe.de\/pl\/wp-json\/wp\/v2\/genre?post=14516"},{"taxonomy":"product_cat","embeddable":true,"href":"https:\/\/as-schwabe.de\/pl\/wp-json\/wp\/v2\/product_cat?post=14516"},{"taxonomy":"product_tag","embeddable":true,"href":"https:\/\/as-schwabe.de\/pl\/wp-json\/wp\/v2\/product_tag?post=14516"}],"curies":[{"name":"wp","href":"https:\/\/api.w.org\/{rel}","templated":true}]}}