{"id":14502,"date":"2025-09-25T16:37:32","date_gmt":"2025-09-25T16:37:32","guid":{"rendered":"https:\/\/as-schwabe.de\/produkt\/przedluzacz-listwowy-3-gn-z-ultraplaska-wtyczka-katowa-cza-11392\/"},"modified":"2025-10-23T00:13:04","modified_gmt":"2025-10-23T00:13:04","slug":"przedluzacz-listwowy-3-gn-z-ultraplaska-wtyczka-katowa-cza-11392","status":"publish","type":"product","link":"https:\/\/as-schwabe.de\/pl\/produkt\/przedluzacz-listwowy-3-gn-z-ultraplaska-wtyczka-katowa-cza-11392\/","title":{"rendered":"Przed\u0142u\u017cacz listwowy 3-gniazdowy z Ultra p\u0142ask\u0105 wtyczk\u0105 k\u0105tow\u0105 2 m H05VV-F 3G1,5 CZA IP20 | 11392"},"content":{"rendered":"<p>Przed\u0142u\u017cacz listwowy 3-gniazdowy z ultra p\u0142ask\u0105 wtyczk\u0105 k\u0105tow\u0105 to idealne rozwi\u0105zanie dla os\u00f3b poszukuj\u0105cych funkcjonalno\u015bci oraz estetyki. Wykonany z wysokiej jako\u015bci materia\u0142\u00f3w, zapewnia maksymalne obci\u0105\u017cenie do 230 V i 16 A, co pozwala na pod\u0142\u0105czenie sprz\u0119t\u00f3w o \u0142\u0105cznej mocy do 3500 W. Dzi\u0119ki pod\u015bwietlanemu w\u0142\u0105cznikowi, u\u017cytkownik \u0142atwo zidentyfikuje stan zasilania, co zwi\u0119ksza komfort korzystania z produktu. Ultra p\u0142aska wtyczka k\u0105towa u\u0142atwia umieszczenie go w trudno dost\u0119pnych miejscach, a 3 gniazda z uziemieniem gwarantuj\u0105 bezpiecze\u0144stwo u\u017cytkowania. Przeznaczony do u\u017cytku wewn\u0119trznego (IP20), doskonale sprawdzi si\u0119 w biurach, domach oraz wsz\u0119dzie tam, gdzie niezb\u0119dne jest rozszerzenie mo\u017cliwo\u015bci zasilania.<\/p>","protected":false},"excerpt":{"rendered":"<div class=\"icons\" style=\"display: flex; flex-wrap: wrap; gap: 5px; align-items: center; margin-top: 10px;\"><img decoding=\"async\" src=\"https:\/\/as-schwabe.de\/wp-content\/uploads\/ikony\/znak_SCH.png\" alt=\"\" width=\"45\" height=\"50\" \/><img decoding=\"async\" src=\"https:\/\/as-schwabe.de\/wp-content\/uploads\/ikony\/znak_CE.png\" alt=\"\" width=\"50\" height=\"50\" \/><img decoding=\"async\" src=\"https:\/\/as-schwabe.de\/wp-content\/uploads\/ikony\/znak_IP20.png\" alt=\"\" width=\"50\" height=\"50\" \/><img loading=\"lazy\" decoding=\"async\" src=\"https:\/\/as-schwabe.de\/wp-content\/uploads\/ikony\/znak_D.png\" alt=\"\" width=\"50\" height=\"50\" \/><\/div>\n<ul>\n<li>z 2 m kablem PCV H05VV-F 3G1,5 i p\u0142ask\u0105 wtyczk\u0105 z uziemieniem <\/li>\n<li>gniazda obr\u00f3cone o 45\u00b0, z przes\u0142onami tor\u00f3w pr\u0105dowych <\/li>\n<li>z pod\u015bwietlanym wy\u0142\u0105cznikiem <\/li>\n<li>230 V, 16 A, maks. 3500 W<\/li>\n<\/ul>","protected":false},"featured_media":29253,"template":"","meta":{"inline_featured_image":false},"genre":[509],"product_cat":[525,526],"product_tag":[],"class_list":{"0":"post-14502","1":"product","2":"type-product","3":"status-publish","4":"has-post-thumbnail","6":"product_brand-as-schwabe-pl","7":"product_cat-dom-i-ogrod-2-pl","8":"product_cat-przedluzacze-listwowe-i-rozgalezniki-pl","10":"first","11":"instock","12":"shipping-taxable","13":"product-type-simple"},"aioseo_notices":[],"_links":{"self":[{"href":"https:\/\/as-schwabe.de\/pl\/wp-json\/wp\/v2\/product\/14502","targetHints":{"allow":["GET"]}}],"collection":[{"href":"https:\/\/as-schwabe.de\/pl\/wp-json\/wp\/v2\/product"}],"about":[{"href":"https:\/\/as-schwabe.de\/pl\/wp-json\/wp\/v2\/types\/product"}],"version-history":[{"count":0,"href":"https:\/\/as-schwabe.de\/pl\/wp-json\/wp\/v2\/product\/14502\/revisions"}],"wp:featuredmedia":[{"embeddable":true,"href":"https:\/\/as-schwabe.de\/pl\/wp-json\/wp\/v2\/media\/29253"}],"wp:attachment":[{"href":"https:\/\/as-schwabe.de\/pl\/wp-json\/wp\/v2\/media?parent=14502"}],"wp:term":[{"taxonomy":"product_brand","embeddable":true,"href":"https:\/\/as-schwabe.de\/pl\/wp-json\/wp\/v2\/genre?post=14502"},{"taxonomy":"product_cat","embeddable":true,"href":"https:\/\/as-schwabe.de\/pl\/wp-json\/wp\/v2\/product_cat?post=14502"},{"taxonomy":"product_tag","embeddable":true,"href":"https:\/\/as-schwabe.de\/pl\/wp-json\/wp\/v2\/product_tag?post=14502"}],"curies":[{"name":"wp","href":"https:\/\/api.w.org\/{rel}","templated":true}]}}