{"id":14495,"date":"2025-09-25T16:37:26","date_gmt":"2025-09-25T16:37:26","guid":{"rendered":"https:\/\/as-schwabe.de\/produkt\/przedluzacz-listwowy-3-gn-z-ultraplaska-wtyczka-katowa-bia-11391\/"},"modified":"2025-10-23T00:13:04","modified_gmt":"2025-10-23T00:13:04","slug":"przedluzacz-listwowy-3-gn-z-ultraplaska-wtyczka-katowa-bia-11391","status":"publish","type":"product","link":"https:\/\/as-schwabe.de\/pl\/produkt\/przedluzacz-listwowy-3-gn-z-ultraplaska-wtyczka-katowa-bia-11391\/","title":{"rendered":"Przed\u0142u\u017cacz listwowy 3-gniazdowy z Ultra p\u0142ask\u0105 wtyczk\u0105 k\u0105tow\u0105 2 m H05VV-F 3G1,5 BIA IP20 | 11391"},"content":{"rendered":"<p>Przed\u0142u\u017cacz listwowy 3-gniazdowy z Ultra p\u0142ask\u0105 wtyczk\u0105 k\u0105tow\u0105 to wydajne i praktyczne rozwi\u0105zanie dla Twojego domu lub biura. Jego wykonanie zgodne z norm\u0105 H05VV-F 3G1,5 oraz maksymalne obci\u0105\u017cenie 3500 W przy 230 V i 16 A zapewniaj\u0105 niezawodno\u015b\u0107 i bezpiecze\u0144stwo w u\u017cytkowaniu. Dzi\u0119ki pod\u015bwietlanemu w\u0142\u0105cznikowi, \u0142atwo sprawdzisz, czy urz\u0105dzenie jest w\u0142\u0105czone, co zwi\u0119ksza komfort u\u017cywania. Ultra p\u0142aska wtyczka k\u0105towa umo\u017cliwia oszcz\u0119dno\u015b\u0107 miejsca, idealnie nadaj\u0105c si\u0119 do ciasnych przestrzeni za meblami. Z gniazdami z uziemieniem, przed\u0142u\u017cacz jest odpowiedni do urz\u0105dze\u0144 wymagaj\u0105cych dodatkowego zabezpieczenia, a klas\u0105 ochrony IP20 przeznaczony jest do u\u017cytku wewn\u0105trz pomieszcze\u0144.<\/p>","protected":false},"excerpt":{"rendered":"<div class=\"icons\" style=\"display: flex; flex-wrap: wrap; gap: 5px; align-items: center; margin-top: 10px;\"><img decoding=\"async\" src=\"https:\/\/as-schwabe.de\/wp-content\/uploads\/ikony\/znak_SCH.png\" alt=\"\" width=\"45\" height=\"50\" \/><img decoding=\"async\" src=\"https:\/\/as-schwabe.de\/wp-content\/uploads\/ikony\/znak_CE.png\" alt=\"\" width=\"50\" height=\"50\" \/><img decoding=\"async\" src=\"https:\/\/as-schwabe.de\/wp-content\/uploads\/ikony\/znak_IP20.png\" alt=\"\" width=\"50\" height=\"50\" \/><img loading=\"lazy\" decoding=\"async\" src=\"https:\/\/as-schwabe.de\/wp-content\/uploads\/ikony\/znak_D.png\" alt=\"\" width=\"50\" height=\"50\" \/><\/div>\n<ul>\n<li>z 2 m kablem PCV H05VV-F 3G1,5 i p\u0142ask\u0105 wtyczk\u0105 z uziemieniem <\/li>\n<li>gniazda obr\u00f3cone o 45\u00b0, z przes\u0142onami tor\u00f3w pr\u0105dowych <\/li>\n<li>z pod\u015bwietlanym wy\u0142\u0105cznikiem <\/li>\n<li>230 V, 16 A, maks. 3500 W<\/li>\n<\/ul>","protected":false},"featured_media":29250,"template":"","meta":{"inline_featured_image":false},"genre":[509],"product_cat":[525,526],"product_tag":[],"class_list":{"0":"post-14495","1":"product","2":"type-product","3":"status-publish","4":"has-post-thumbnail","6":"product_brand-as-schwabe-pl","7":"product_cat-dom-i-ogrod-2-pl","8":"product_cat-przedluzacze-listwowe-i-rozgalezniki-pl","10":"first","11":"instock","12":"shipping-taxable","13":"product-type-simple"},"aioseo_notices":[],"_links":{"self":[{"href":"https:\/\/as-schwabe.de\/pl\/wp-json\/wp\/v2\/product\/14495","targetHints":{"allow":["GET"]}}],"collection":[{"href":"https:\/\/as-schwabe.de\/pl\/wp-json\/wp\/v2\/product"}],"about":[{"href":"https:\/\/as-schwabe.de\/pl\/wp-json\/wp\/v2\/types\/product"}],"version-history":[{"count":0,"href":"https:\/\/as-schwabe.de\/pl\/wp-json\/wp\/v2\/product\/14495\/revisions"}],"wp:featuredmedia":[{"embeddable":true,"href":"https:\/\/as-schwabe.de\/pl\/wp-json\/wp\/v2\/media\/29250"}],"wp:attachment":[{"href":"https:\/\/as-schwabe.de\/pl\/wp-json\/wp\/v2\/media?parent=14495"}],"wp:term":[{"taxonomy":"product_brand","embeddable":true,"href":"https:\/\/as-schwabe.de\/pl\/wp-json\/wp\/v2\/genre?post=14495"},{"taxonomy":"product_cat","embeddable":true,"href":"https:\/\/as-schwabe.de\/pl\/wp-json\/wp\/v2\/product_cat?post=14495"},{"taxonomy":"product_tag","embeddable":true,"href":"https:\/\/as-schwabe.de\/pl\/wp-json\/wp\/v2\/product_tag?post=14495"}],"curies":[{"name":"wp","href":"https:\/\/api.w.org\/{rel}","templated":true}]}}