{"id":14493,"date":"2025-09-25T16:37:24","date_gmt":"2025-09-25T16:37:24","guid":{"rendered":"https:\/\/as-schwabe.de\/produkt\/przedluzacz-listwowy-3-gn-z-wl-h05vv-f-3g15-cza-5-m-11372\/"},"modified":"2025-10-23T00:13:04","modified_gmt":"2025-10-23T00:13:04","slug":"przedluzacz-listwowy-3-gn-z-wl-h05vv-f-3g15-cza-5-m-11372","status":"publish","type":"product","link":"https:\/\/as-schwabe.de\/pl\/produkt\/przedluzacz-listwowy-3-gn-z-wl-h05vv-f-3g15-cza-5-m-11372\/","title":{"rendered":"Przed\u0142u\u017cacz listwowy 3-gniazdowy 5 m H05VV-F 3G1,5 CZA IP20 | 11372"},"content":{"rendered":"<p>Przed\u0142u\u017cacz listwowy 3-gniazdowy o d\u0142ugo\u015bci 5 m to doskona\u0142e rozwi\u0105zanie do u\u017cytku wewn\u0119trznego, idealne do biur, dom\u00f3w i innych pomieszcze\u0144. Wykonany z wysokiej jako\u015bci kabla H05VV-F 3G1,5, zapewnia bezpieczne zasilanie dzi\u0119ki maksymalnemu obci\u0105\u017ceniu wynosz\u0105cemu 230 V, 16 A oraz 3500 W. Wyposa\u017cony w wtyczk\u0119 k\u0105tow\u0105 2P+Z oraz 3 gniazda z uziemieniem, gwarantuje wygodny dost\u0119p do energii elektrycznej dla wielu urz\u0105dze\u0144 jednocze\u015bnie. Dodatkowo, pod\u015bwietlany w\u0142\u0105cznik umo\u017cliwia \u0142atwe w\u0142\u0105czanie i wy\u0142\u0105czanie zasilania, a stopie\u0144 ochrony IP20 wskazuje, \u017ce produkt jest przeznaczony do stosowania w suchych pomieszczeniach. Dzi\u0119ki temu przed\u0142u\u017cacz \u0142\u0105czy funkcjonalno\u015b\u0107 z bezpiecze\u0144stwem, zaspokajaj\u0105c potrzeby wsp\u00f3\u0142czesnych u\u017cytkownik\u00f3w.<\/p>","protected":false},"excerpt":{"rendered":"<div class=\"icons\" style=\"display: flex; flex-wrap: wrap; gap: 5px; align-items: center; margin-top: 10px;\"><img decoding=\"async\" src=\"https:\/\/as-schwabe.de\/wp-content\/uploads\/ikony\/znak_SCH.png\" alt=\"\" width=\"45\" height=\"50\" \/><img decoding=\"async\" src=\"https:\/\/as-schwabe.de\/wp-content\/uploads\/ikony\/znak_CE.png\" alt=\"\" width=\"50\" height=\"50\" \/><img decoding=\"async\" src=\"https:\/\/as-schwabe.de\/wp-content\/uploads\/ikony\/znak_IP20.png\" alt=\"\" width=\"50\" height=\"50\" \/><img loading=\"lazy\" decoding=\"async\" src=\"https:\/\/as-schwabe.de\/wp-content\/uploads\/ikony\/znak_D.png\" alt=\"\" width=\"50\" height=\"50\" \/><\/div>\n<ul>\n<li>z kablem PCV H05VV-F 3G1,5 i k\u0105tow\u0105 wtyczk\u0105 z uziemieniem <\/li>\n<li>3 x gniazda obr\u00f3cone o 45\u00b0, z przes\u0142onami tor\u00f3w pr\u0105dowych <\/li>\n<li>z pod\u015bwietlanym wy\u0142\u0105cznikiem <\/li>\n<li>230 V, 16 A, maks. 3500 W<\/li>\n<\/ul>","protected":false},"featured_media":29249,"template":"","meta":{"inline_featured_image":false},"genre":[509],"product_cat":[525,526],"product_tag":[],"class_list":{"0":"post-14493","1":"product","2":"type-product","3":"status-publish","4":"has-post-thumbnail","6":"product_brand-as-schwabe-pl","7":"product_cat-dom-i-ogrod-2-pl","8":"product_cat-przedluzacze-listwowe-i-rozgalezniki-pl","10":"first","11":"instock","12":"shipping-taxable","13":"product-type-simple"},"aioseo_notices":[],"_links":{"self":[{"href":"https:\/\/as-schwabe.de\/pl\/wp-json\/wp\/v2\/product\/14493","targetHints":{"allow":["GET"]}}],"collection":[{"href":"https:\/\/as-schwabe.de\/pl\/wp-json\/wp\/v2\/product"}],"about":[{"href":"https:\/\/as-schwabe.de\/pl\/wp-json\/wp\/v2\/types\/product"}],"version-history":[{"count":0,"href":"https:\/\/as-schwabe.de\/pl\/wp-json\/wp\/v2\/product\/14493\/revisions"}],"wp:featuredmedia":[{"embeddable":true,"href":"https:\/\/as-schwabe.de\/pl\/wp-json\/wp\/v2\/media\/29249"}],"wp:attachment":[{"href":"https:\/\/as-schwabe.de\/pl\/wp-json\/wp\/v2\/media?parent=14493"}],"wp:term":[{"taxonomy":"product_brand","embeddable":true,"href":"https:\/\/as-schwabe.de\/pl\/wp-json\/wp\/v2\/genre?post=14493"},{"taxonomy":"product_cat","embeddable":true,"href":"https:\/\/as-schwabe.de\/pl\/wp-json\/wp\/v2\/product_cat?post=14493"},{"taxonomy":"product_tag","embeddable":true,"href":"https:\/\/as-schwabe.de\/pl\/wp-json\/wp\/v2\/product_tag?post=14493"}],"curies":[{"name":"wp","href":"https:\/\/api.w.org\/{rel}","templated":true}]}}