{"id":14488,"date":"2025-09-25T16:37:21","date_gmt":"2025-09-25T16:37:21","guid":{"rendered":"https:\/\/as-schwabe.de\/produkt\/przedluzacz-listwowy-3-gn-z-wl-h05vv-f-3g15-cza-14-m-11362\/"},"modified":"2025-10-23T00:13:03","modified_gmt":"2025-10-23T00:13:03","slug":"przedluzacz-listwowy-3-gn-z-wl-h05vv-f-3g15-cza-14-m-11362","status":"publish","type":"product","link":"https:\/\/as-schwabe.de\/pl\/produkt\/przedluzacz-listwowy-3-gn-z-wl-h05vv-f-3g15-cza-14-m-11362\/","title":{"rendered":"Przed\u0142u\u017cacz listwowy 3-gniazdowy z w\u0142\u0105cznikiem 1,4 m H05VV-F 3G1,5 CZA IP20 | 11362"},"content":{"rendered":"<p>Przed\u0142u\u017cacz listwowy 3-gniazdowy H05VV-F 3G1,5 w kolorze czarnym o d\u0142ugo\u015bci 1,4 m to idealne rozwi\u0105zanie do zasilania wielu urz\u0105dze\u0144 elektrycznych w domach i biurach. Wyposa\u017cony w wtyczk\u0119 k\u0105tow\u0105 2P+Z oraz 3 gniazda z uziemieniem, umo\u017cliwia jednoczesne pod\u0142\u0105czenie trzech urz\u0105dze\u0144, co zwi\u0119ksza komfort u\u017cytkowania. Dzi\u0119ki maksymalnej mocy 230 V, 16 A i 3500 W oraz pod\u015bwietlanemu w\u0142\u0105cznikowi, u\u017cytkownik ma pe\u0142n\u0105 kontrol\u0119 nad zasilaniem. Produkt jest przeznaczony do u\u017cytku wewn\u0119trznego, a jego konstrukcja o klasie ochrony IP20 zapewnia bezpiecze\u0144stwo w codziennym u\u017cytkowaniu. Optymalne po\u0142\u0105czenie funkcjonalno\u015bci i estetyki sprawia, \u017ce jest to niezb\u0119dny element wyposa\u017cenia ka\u017cdego wn\u0119trza.<\/p>","protected":false},"excerpt":{"rendered":"<div class=\"icons\" style=\"display: flex; flex-wrap: wrap; gap: 5px; align-items: center; margin-top: 10px;\"><img decoding=\"async\" src=\"https:\/\/as-schwabe.de\/wp-content\/uploads\/ikony\/znak_SCH.png\" alt=\"\" width=\"45\" height=\"50\" \/><img decoding=\"async\" src=\"https:\/\/as-schwabe.de\/wp-content\/uploads\/ikony\/znak_CE.png\" alt=\"\" width=\"50\" height=\"50\" \/><img decoding=\"async\" src=\"https:\/\/as-schwabe.de\/wp-content\/uploads\/ikony\/znak_IP20.png\" alt=\"\" width=\"50\" height=\"50\" \/><img loading=\"lazy\" decoding=\"async\" src=\"https:\/\/as-schwabe.de\/wp-content\/uploads\/ikony\/znak_D.png\" alt=\"\" width=\"50\" height=\"50\" \/><\/div>\n<ul>\n<li>z kablem PCV H05VV-F 3G1,5 i k\u0105tow\u0105 wtyczk\u0105 z uziemieniem <\/li>\n<li>3 x gniazda obr\u00f3cone o 45\u00b0, z przes\u0142onami tor\u00f3w pr\u0105dowych <\/li>\n<li>z pod\u015bwietlanym wy\u0142\u0105cznikiem <\/li>\n<li>230 V, 16 A, maks. 3500 W<\/li>\n<\/ul>","protected":false},"featured_media":29246,"template":"","meta":{"inline_featured_image":false},"genre":[509],"product_cat":[525,526],"product_tag":[],"class_list":{"0":"post-14488","1":"product","2":"type-product","3":"status-publish","4":"has-post-thumbnail","6":"product_brand-as-schwabe-pl","7":"product_cat-dom-i-ogrod-2-pl","8":"product_cat-przedluzacze-listwowe-i-rozgalezniki-pl","10":"first","11":"instock","12":"shipping-taxable","13":"product-type-simple"},"aioseo_notices":[],"_links":{"self":[{"href":"https:\/\/as-schwabe.de\/pl\/wp-json\/wp\/v2\/product\/14488","targetHints":{"allow":["GET"]}}],"collection":[{"href":"https:\/\/as-schwabe.de\/pl\/wp-json\/wp\/v2\/product"}],"about":[{"href":"https:\/\/as-schwabe.de\/pl\/wp-json\/wp\/v2\/types\/product"}],"version-history":[{"count":0,"href":"https:\/\/as-schwabe.de\/pl\/wp-json\/wp\/v2\/product\/14488\/revisions"}],"wp:featuredmedia":[{"embeddable":true,"href":"https:\/\/as-schwabe.de\/pl\/wp-json\/wp\/v2\/media\/29246"}],"wp:attachment":[{"href":"https:\/\/as-schwabe.de\/pl\/wp-json\/wp\/v2\/media?parent=14488"}],"wp:term":[{"taxonomy":"product_brand","embeddable":true,"href":"https:\/\/as-schwabe.de\/pl\/wp-json\/wp\/v2\/genre?post=14488"},{"taxonomy":"product_cat","embeddable":true,"href":"https:\/\/as-schwabe.de\/pl\/wp-json\/wp\/v2\/product_cat?post=14488"},{"taxonomy":"product_tag","embeddable":true,"href":"https:\/\/as-schwabe.de\/pl\/wp-json\/wp\/v2\/product_tag?post=14488"}],"curies":[{"name":"wp","href":"https:\/\/api.w.org\/{rel}","templated":true}]}}