{"id":14484,"date":"2025-09-25T16:37:18","date_gmt":"2025-09-25T16:37:18","guid":{"rendered":"https:\/\/as-schwabe.de\/produkt\/przedluzacz-listwowy-3-gn-h05vv-f-3g15-cza-3-m-11332\/"},"modified":"2025-10-23T00:13:02","modified_gmt":"2025-10-23T00:13:02","slug":"przedluzacz-listwowy-3-gn-h05vv-f-3g15-cza-3-m-11332","status":"publish","type":"product","link":"https:\/\/as-schwabe.de\/pl\/produkt\/przedluzacz-listwowy-3-gn-h05vv-f-3g15-cza-3-m-11332\/","title":{"rendered":"Przed\u0142u\u017cacz listwowy 3-gniazdowy 3 m H05VV-F 3G1,5 CZA IP20 | 11332"},"content":{"rendered":"<p>Przed\u0142u\u017cacz listwowy 3-gniazdowy H05VV-F 3G1,5 o d\u0142ugo\u015bci 3 metr\u00f3w to niezawodne rozwi\u0105zanie do zasilania urz\u0105dze\u0144 w pomieszczeniach. Wyposa\u017cony w k\u0105tow\u0105 wtyczk\u0119 2P+Z oraz trzy gniazda z uziemieniem, umo\u017cliwia jednoczesne korzystanie z kilku sprz\u0119t\u00f3w elektrycznych, zapewniaj\u0105c maksymalne obci\u0105\u017cenie do 230 V, 16 A i 3500 W. Dzi\u0119ki klasie ochrony IP20, produkt ten jest przeznaczony do u\u017cytku wewn\u0119trznego, co czyni go idealnym wyborem do biura, salonu lub sypialni. Wysoka jako\u015b\u0107 zastosowanych materia\u0142\u00f3w oraz staranne wykonanie gwarantuj\u0105 bezpiecze\u0144stwo i funkcjonalno\u015b\u0107 w codziennym u\u017cytkowaniu. Przed\u0142u\u017cacz ten doskonale \u0142\u0105czy w sobie praktyczno\u015b\u0107 i nowoczesny design, spe\u0142niaj\u0105c potrzeby zar\u00f3wno u\u017cytkownik\u00f3w indywidualnych, jak i firmowych.<\/p>","protected":false},"excerpt":{"rendered":"<div class=\"icons\" style=\"display: flex; flex-wrap: wrap; gap: 5px; align-items: center; margin-top: 10px;\"><img decoding=\"async\" src=\"https:\/\/as-schwabe.de\/wp-content\/uploads\/ikony\/znak_SCH.png\" alt=\"\" width=\"45\" height=\"50\" \/><img decoding=\"async\" src=\"https:\/\/as-schwabe.de\/wp-content\/uploads\/ikony\/znak_CE.png\" alt=\"\" width=\"50\" height=\"50\" \/><img decoding=\"async\" src=\"https:\/\/as-schwabe.de\/wp-content\/uploads\/ikony\/znak_IP20.png\" alt=\"\" width=\"50\" height=\"50\" \/><img loading=\"lazy\" decoding=\"async\" src=\"https:\/\/as-schwabe.de\/wp-content\/uploads\/ikony\/znak_D.png\" alt=\"\" width=\"50\" height=\"50\" \/><\/div>\n<ul>\n<li>gniazda skr\u0119cane, bez kabla, do samodzielnego monta\u017cu <\/li>\n<li>gniazda obr\u00f3cone o 45\u00b0, z przes\u0142onami tor\u00f3w pr\u0105dowych <\/li>\n<li>nadaj\u0105 si\u0119 do monta\u017cu na \u015bcianie <\/li>\n<li>230 V, 16 A, maks. 3500 W<\/li>\n<\/ul>","protected":false},"featured_media":29244,"template":"","meta":{"inline_featured_image":false},"genre":[509],"product_cat":[525,526],"product_tag":[],"class_list":{"0":"post-14484","1":"product","2":"type-product","3":"status-publish","4":"has-post-thumbnail","6":"product_brand-as-schwabe-pl","7":"product_cat-dom-i-ogrod-2-pl","8":"product_cat-przedluzacze-listwowe-i-rozgalezniki-pl","10":"first","11":"instock","12":"shipping-taxable","13":"product-type-simple"},"aioseo_notices":[],"_links":{"self":[{"href":"https:\/\/as-schwabe.de\/pl\/wp-json\/wp\/v2\/product\/14484","targetHints":{"allow":["GET"]}}],"collection":[{"href":"https:\/\/as-schwabe.de\/pl\/wp-json\/wp\/v2\/product"}],"about":[{"href":"https:\/\/as-schwabe.de\/pl\/wp-json\/wp\/v2\/types\/product"}],"version-history":[{"count":0,"href":"https:\/\/as-schwabe.de\/pl\/wp-json\/wp\/v2\/product\/14484\/revisions"}],"wp:featuredmedia":[{"embeddable":true,"href":"https:\/\/as-schwabe.de\/pl\/wp-json\/wp\/v2\/media\/29244"}],"wp:attachment":[{"href":"https:\/\/as-schwabe.de\/pl\/wp-json\/wp\/v2\/media?parent=14484"}],"wp:term":[{"taxonomy":"product_brand","embeddable":true,"href":"https:\/\/as-schwabe.de\/pl\/wp-json\/wp\/v2\/genre?post=14484"},{"taxonomy":"product_cat","embeddable":true,"href":"https:\/\/as-schwabe.de\/pl\/wp-json\/wp\/v2\/product_cat?post=14484"},{"taxonomy":"product_tag","embeddable":true,"href":"https:\/\/as-schwabe.de\/pl\/wp-json\/wp\/v2\/product_tag?post=14484"}],"curies":[{"name":"wp","href":"https:\/\/api.w.org\/{rel}","templated":true}]}}