{"id":14478,"date":"2025-09-25T16:37:13","date_gmt":"2025-09-25T16:37:13","guid":{"rendered":"https:\/\/as-schwabe.de\/produkt\/przedluzacz-listwowy-6-gn-euro-h05vv-f-2x10-14-m-11315\/"},"modified":"2025-10-23T00:13:01","modified_gmt":"2025-10-23T00:13:01","slug":"przedluzacz-listwowy-6-gn-euro-h05vv-f-2x10-14-m-11315","status":"publish","type":"product","link":"https:\/\/as-schwabe.de\/pl\/produkt\/przedluzacz-listwowy-6-gn-euro-h05vv-f-2x10-14-m-11315\/","title":{"rendered":"Przed\u0142u\u017cacz listwowy 6-gniazdowy Euro 1,4 m H05VV-F 2&#215;1,0 BIA IP20 | 11315"},"content":{"rendered":"<p>Przed\u0142u\u017cacz listwowy 6-gniazdowy Euro to idealne rozwi\u0105zanie dla os\u00f3b potrzebuj\u0105cych wygodnego pod\u0142\u0105czenia wielu urz\u0105dze\u0144 elektrycznych w jednym miejscu. Dzi\u0119ki wtyczce k\u0105towej 2P\/II oraz sze\u015bciu gniazdom p\u0142askim Euro 2P\/II, umo\u017cliwia \u0142atwe i komfortowe korzystanie z r\u00f3\u017cnorodnych sprz\u0119t\u00f3w w domach i biurach. Produkt obs\u0142uguje napi\u0119cie do 230 V i maksymalne obci\u0105\u017cenie 16 A (1800 W), co gwarantuje stabiln\u0105 i bezpieczn\u0105 prac\u0119 pod\u0142\u0105czonych urz\u0105dze\u0144. Przed\u0142u\u017cacz wykonany jest z wysokiej jako\u015bci kabla H05VV-F 2&#215;1, a jego stopie\u0144 ochrony IP20 oznacza, \u017ce jest przeznaczony do stosowania wy\u0142\u0105cznie w pomieszczeniach. Dzi\u0119ki d\u0142ugo\u015bci 1,4 m, u\u017cytkownik ma wi\u0119ksz\u0105 swobod\u0119 w rozmieszczaniu sprz\u0119tu elektronicznego, co wp\u0142ywa na komfort codziennego u\u017cytkowania.<\/p>","protected":false},"excerpt":{"rendered":"<div class=\"icons\" style=\"display: flex; flex-wrap: wrap; gap: 5px; align-items: center; margin-top: 10px;\"><img decoding=\"async\" src=\"https:\/\/as-schwabe.de\/wp-content\/uploads\/ikony\/znak_CE.png\" alt=\"\" width=\"50\" height=\"50\" \/><img decoding=\"async\" src=\"https:\/\/as-schwabe.de\/wp-content\/uploads\/ikony\/znak_IP20.png\" alt=\"\" width=\"50\" height=\"50\" \/><img decoding=\"async\" src=\"https:\/\/as-schwabe.de\/wp-content\/uploads\/ikony\/znak_D.png\" alt=\"\" width=\"50\" height=\"50\" \/><\/div>\n<ul>\n<li>z przewodem PCV H05VV-F 2&#215;1,0 z wtyczk\u0105 konturow\u0105 2P\/II <\/li>\n<li>gniazda Euro z przes\u0142onami tor\u00f3w pr\u0105dowych <\/li>\n<li>230 V, 16 A, maks. 1700 W<\/li>\n<\/ul>","protected":false},"featured_media":29240,"template":"","meta":{"inline_featured_image":false},"genre":[509],"product_cat":[525,526],"product_tag":[],"class_list":{"0":"post-14478","1":"product","2":"type-product","3":"status-publish","4":"has-post-thumbnail","6":"product_brand-as-schwabe-pl","7":"product_cat-dom-i-ogrod-2-pl","8":"product_cat-przedluzacze-listwowe-i-rozgalezniki-pl","10":"first","11":"instock","12":"shipping-taxable","13":"product-type-simple"},"aioseo_notices":[],"_links":{"self":[{"href":"https:\/\/as-schwabe.de\/pl\/wp-json\/wp\/v2\/product\/14478","targetHints":{"allow":["GET"]}}],"collection":[{"href":"https:\/\/as-schwabe.de\/pl\/wp-json\/wp\/v2\/product"}],"about":[{"href":"https:\/\/as-schwabe.de\/pl\/wp-json\/wp\/v2\/types\/product"}],"version-history":[{"count":0,"href":"https:\/\/as-schwabe.de\/pl\/wp-json\/wp\/v2\/product\/14478\/revisions"}],"wp:featuredmedia":[{"embeddable":true,"href":"https:\/\/as-schwabe.de\/pl\/wp-json\/wp\/v2\/media\/29240"}],"wp:attachment":[{"href":"https:\/\/as-schwabe.de\/pl\/wp-json\/wp\/v2\/media?parent=14478"}],"wp:term":[{"taxonomy":"product_brand","embeddable":true,"href":"https:\/\/as-schwabe.de\/pl\/wp-json\/wp\/v2\/genre?post=14478"},{"taxonomy":"product_cat","embeddable":true,"href":"https:\/\/as-schwabe.de\/pl\/wp-json\/wp\/v2\/product_cat?post=14478"},{"taxonomy":"product_tag","embeddable":true,"href":"https:\/\/as-schwabe.de\/pl\/wp-json\/wp\/v2\/product_tag?post=14478"}],"curies":[{"name":"wp","href":"https:\/\/api.w.org\/{rel}","templated":true}]}}