{"id":14474,"date":"2025-09-25T16:37:11","date_gmt":"2025-09-25T16:37:11","guid":{"rendered":"https:\/\/as-schwabe.de\/produkt\/przedluzacz-listwowy-6-gn-euro-z-wl-h05vv-f-2x1-14-m-11314\/"},"modified":"2025-10-23T00:13:00","modified_gmt":"2025-10-23T00:13:00","slug":"przedluzacz-listwowy-6-gn-euro-z-wl-h05vv-f-2x1-14-m-11314","status":"publish","type":"product","link":"https:\/\/as-schwabe.de\/pl\/produkt\/przedluzacz-listwowy-6-gn-euro-z-wl-h05vv-f-2x1-14-m-11314\/","title":{"rendered":"Przed\u0142u\u017cacz listwowy 6-gniazdowy Euro z w\u0142\u0105cznikiem 1,4 m H05VV-F 2&#215;1,0 BIA IP20 | 11314"},"content":{"rendered":"<p>Przed\u0142u\u017cacz listwowy 6-gniazdowy Euro to niezawodne rozwi\u0105zanie dla os\u00f3b potrzebuj\u0105cych dodatkowych \u017ar\u00f3de\u0142 zasilania w domowych lub biurowych warunkach. Z usytuowan\u0105 wtyczk\u0105 k\u0105tow\u0105 2P\/II, d\u0142ugo\u015b\u0107 kabla wynosz\u0105ca 1,4 m oraz maksymalna moc 1800 W (230 V, 16 A) gwarantuj\u0105 wygod\u0119 u\u017cytkowania i elastyczno\u015b\u0107 w lokalizacji sprz\u0119tu elektronicznego. Listwa zosta\u0142a wyposa\u017cona w sze\u015b\u0107 gniazd p\u0142askich Euro 2P\/II, co umo\u017cliwia pod\u0142\u0105czenie wielu urz\u0105dze\u0144 jednocze\u015bnie. Dodatkowo, w\u0142\u0105cznik pod\u015bwietlany zapewnia \u0142atw\u0105 kontrol\u0119 nad zasilaniem. Oznaczenie IP20 oznacza, \u017ce produkt jest przeznaczony do u\u017cytku wewn\u0119trznego, co czyni go idealnym w ka\u017cdej domowej przestrzeni.<\/p>","protected":false},"excerpt":{"rendered":"<div class=\"icons\" style=\"display: flex; flex-wrap: wrap; gap: 5px; align-items: center; margin-top: 10px;\"><img decoding=\"async\" src=\"https:\/\/as-schwabe.de\/wp-content\/uploads\/ikony\/znak_CE.png\" alt=\"\" width=\"50\" height=\"50\" \/><img decoding=\"async\" src=\"https:\/\/as-schwabe.de\/wp-content\/uploads\/ikony\/znak_IP20.png\" alt=\"\" width=\"50\" height=\"50\" \/><img decoding=\"async\" src=\"https:\/\/as-schwabe.de\/wp-content\/uploads\/ikony\/znak_D.png\" alt=\"\" width=\"50\" height=\"50\" \/><\/div>\n<ul>\n<li>z przewodem PCV H05VV-F 2&#215;1,0 z wtyczk\u0105 konturow\u0105 2P\/II <\/li>\n<li>gniazda Euro z przes\u0142onami tor\u00f3w pr\u0105dowych <\/li>\n<li> z pod\u015bwietlanym wy\u0142\u0105cznikiem<\/li>\n<li> 230 V, 16 A, maks. 1700 W<\/li>\n<\/ul>","protected":false},"featured_media":29237,"template":"","meta":{"inline_featured_image":false},"genre":[509],"product_cat":[525,526],"product_tag":[],"class_list":{"0":"post-14474","1":"product","2":"type-product","3":"status-publish","4":"has-post-thumbnail","6":"product_brand-as-schwabe-pl","7":"product_cat-dom-i-ogrod-2-pl","8":"product_cat-przedluzacze-listwowe-i-rozgalezniki-pl","10":"first","11":"instock","12":"shipping-taxable","13":"product-type-simple"},"aioseo_notices":[],"_links":{"self":[{"href":"https:\/\/as-schwabe.de\/pl\/wp-json\/wp\/v2\/product\/14474","targetHints":{"allow":["GET"]}}],"collection":[{"href":"https:\/\/as-schwabe.de\/pl\/wp-json\/wp\/v2\/product"}],"about":[{"href":"https:\/\/as-schwabe.de\/pl\/wp-json\/wp\/v2\/types\/product"}],"version-history":[{"count":0,"href":"https:\/\/as-schwabe.de\/pl\/wp-json\/wp\/v2\/product\/14474\/revisions"}],"wp:featuredmedia":[{"embeddable":true,"href":"https:\/\/as-schwabe.de\/pl\/wp-json\/wp\/v2\/media\/29237"}],"wp:attachment":[{"href":"https:\/\/as-schwabe.de\/pl\/wp-json\/wp\/v2\/media?parent=14474"}],"wp:term":[{"taxonomy":"product_brand","embeddable":true,"href":"https:\/\/as-schwabe.de\/pl\/wp-json\/wp\/v2\/genre?post=14474"},{"taxonomy":"product_cat","embeddable":true,"href":"https:\/\/as-schwabe.de\/pl\/wp-json\/wp\/v2\/product_cat?post=14474"},{"taxonomy":"product_tag","embeddable":true,"href":"https:\/\/as-schwabe.de\/pl\/wp-json\/wp\/v2\/product_tag?post=14474"}],"curies":[{"name":"wp","href":"https:\/\/api.w.org\/{rel}","templated":true}]}}