{"id":14470,"date":"2025-09-25T16:37:09","date_gmt":"2025-09-25T16:37:09","guid":{"rendered":"https:\/\/as-schwabe.de\/produkt\/przedluzacz-listwowy-3-gn-euro-h05vv-f-2x1-14-m-11313\/"},"modified":"2025-10-23T00:13:00","modified_gmt":"2025-10-23T00:13:00","slug":"przedluzacz-listwowy-3-gn-euro-h05vv-f-2x1-14-m-11313","status":"publish","type":"product","link":"https:\/\/as-schwabe.de\/pl\/produkt\/przedluzacz-listwowy-3-gn-euro-h05vv-f-2x1-14-m-11313\/","title":{"rendered":"Przed\u0142u\u017cacz listwowy 3-gniazdowy Euro 1,4 m H05VV-F 2&#215;1,0 BIA IP20 | 11313"},"content":{"rendered":"<p>Przed\u0142u\u017cacz listwowy 3-gniazdowy Euro to funkcjonalne rozwi\u0105zanie dla ka\u017cdego wn\u0119trza, umo\u017cliwiaj\u0105ce efektywne zasilanie urz\u0105dze\u0144 elektrycznych. Wykonany z wysokiej jako\u015bci materia\u0142\u00f3w, charakteryzuje si\u0119 wtyczk\u0105 k\u0105tow\u0105 2P\/II oraz trzema gniazdami p\u0142askimi Euro 2P\/II, co zapewnia elastyczno\u015b\u0107 w pod\u0142\u0105czaniu r\u00f3\u017cnych sprz\u0119t\u00f3w. Produkt obs\u0142uguje maksymalne napi\u0119cie 230 V oraz pr\u0105d do 16 A, co przek\u0142ada si\u0119 na moc wynosz\u0105c\u0105 a\u017c 1700 W, idealn\u0105 do u\u017cytku domowego oraz biurowego. Klasa ochrony IP20 sprawia, \u017ce jest przeznaczony do stosowania wewn\u0105trz pomieszcze\u0144, co czyni go nie tylko praktycznym, ale i bezpiecznym rozwi\u0105zaniem dla Twojego biura czy mieszkania. D\u0142ugo\u015b\u0107 1,4 m zapewnia komfortowe zasi\u0119g, eliminuj\u0105c problem z niewystarczaj\u0105c\u0105 ilo\u015bci\u0105 gniazdek. Wybierz nasz przed\u0142u\u017cacz, aby zyska\u0107 pewno\u015b\u0107, \u017ce Twoje urz\u0105dzenia b\u0119d\u0105 zawsze gotowe do pracy.<\/p>","protected":false},"excerpt":{"rendered":"<div class=\"icons\" style=\"display: flex; flex-wrap: wrap; gap: 5px; align-items: center; margin-top: 10px;\"><img decoding=\"async\" src=\"https:\/\/as-schwabe.de\/wp-content\/uploads\/ikony\/znak_CE.png\" alt=\"\" width=\"50\" height=\"50\" \/><img decoding=\"async\" src=\"https:\/\/as-schwabe.de\/wp-content\/uploads\/ikony\/znak_IP20.png\" alt=\"\" width=\"50\" height=\"50\" \/><img decoding=\"async\" src=\"https:\/\/as-schwabe.de\/wp-content\/uploads\/ikony\/znak_D.png\" alt=\"\" width=\"50\" height=\"50\" \/><\/div>\n<ul>\n<li>z przewodem PCV H05VV-F 2&#215;1,0 z wtyczk\u0105 konturow\u0105 2P\/II <\/li>\n<li>gniazda Euro z przes\u0142onami tor\u00f3w pr\u0105dowych <\/li>\n<li>230 V, 16 A, maks. 1700 W<\/li>\n<\/ul>","protected":false},"featured_media":29232,"template":"","meta":{"inline_featured_image":false},"genre":[509],"product_cat":[525,526],"product_tag":[],"class_list":{"0":"post-14470","1":"product","2":"type-product","3":"status-publish","4":"has-post-thumbnail","6":"product_brand-as-schwabe-pl","7":"product_cat-dom-i-ogrod-2-pl","8":"product_cat-przedluzacze-listwowe-i-rozgalezniki-pl","10":"first","11":"instock","12":"shipping-taxable","13":"product-type-simple"},"aioseo_notices":[],"_links":{"self":[{"href":"https:\/\/as-schwabe.de\/pl\/wp-json\/wp\/v2\/product\/14470","targetHints":{"allow":["GET"]}}],"collection":[{"href":"https:\/\/as-schwabe.de\/pl\/wp-json\/wp\/v2\/product"}],"about":[{"href":"https:\/\/as-schwabe.de\/pl\/wp-json\/wp\/v2\/types\/product"}],"version-history":[{"count":0,"href":"https:\/\/as-schwabe.de\/pl\/wp-json\/wp\/v2\/product\/14470\/revisions"}],"wp:featuredmedia":[{"embeddable":true,"href":"https:\/\/as-schwabe.de\/pl\/wp-json\/wp\/v2\/media\/29232"}],"wp:attachment":[{"href":"https:\/\/as-schwabe.de\/pl\/wp-json\/wp\/v2\/media?parent=14470"}],"wp:term":[{"taxonomy":"product_brand","embeddable":true,"href":"https:\/\/as-schwabe.de\/pl\/wp-json\/wp\/v2\/genre?post=14470"},{"taxonomy":"product_cat","embeddable":true,"href":"https:\/\/as-schwabe.de\/pl\/wp-json\/wp\/v2\/product_cat?post=14470"},{"taxonomy":"product_tag","embeddable":true,"href":"https:\/\/as-schwabe.de\/pl\/wp-json\/wp\/v2\/product_tag?post=14470"}],"curies":[{"name":"wp","href":"https:\/\/api.w.org\/{rel}","templated":true}]}}