{"id":14466,"date":"2025-09-25T16:37:07","date_gmt":"2025-09-25T16:37:07","guid":{"rendered":"https:\/\/as-schwabe.de\/produkt\/przedluzacz-listwowy-3-gn-euro-z-wl-h05vv-f-2x1-14-m-11312\/"},"modified":"2025-10-23T00:12:59","modified_gmt":"2025-10-23T00:12:59","slug":"przedluzacz-listwowy-3-gn-euro-z-wl-h05vv-f-2x1-14-m-11312","status":"publish","type":"product","link":"https:\/\/as-schwabe.de\/pl\/produkt\/przedluzacz-listwowy-3-gn-euro-z-wl-h05vv-f-2x1-14-m-11312\/","title":{"rendered":"Przed\u0142u\u017cacz listwowy 3-gniazdowy Euro z w\u0142\u0105cznikiem 1,4 m H05VV-F 2&#215;1,0 BIA IP20 | 11312"},"content":{"rendered":"<p>Przed\u0142u\u017cacz listwowy 3-gniazdowy Euro to idealne rozwi\u0105zanie dla os\u00f3b poszukuj\u0105cych praktycznego i efektywnego sposobu na zasilanie urz\u0105dze\u0144 elektrycznych w pomieszczeniach. Wyposa\u017cony w wtyczk\u0119 k\u0105tow\u0105 2P\/II oraz trzy gniazda p\u0142askie Euro 2P\/II, umo\u017cliwia pod\u0142\u0105czenie jednocze\u015bnie kilku urz\u0105dze\u0144, co zwi\u0119ksza wygod\u0119 u\u017cytkowania. Jego maksymalne obci\u0105\u017cenie wynosi 230 V i 16 A, co odpowiada mocy 1700 W, co sprawia, \u017ce sprawdzi si\u0119 w r\u00f3\u017cnych warunkach. Dodatkowo, wbudowany pod\u015bwietlany w\u0142\u0105cznik pozwala na \u0142atwe zarz\u0105dzanie zasilaniem. Przed\u0142u\u017cacz zaprojektowany zosta\u0142 do u\u017cytku wewn\u0119trznego (klasa IP20), co czyni go doskona\u0142ym wyborem do biura, domu oraz innych zamkni\u0119tych przestrzeni.<\/p>","protected":false},"excerpt":{"rendered":"<div class=\"icons\" style=\"display: flex; flex-wrap: wrap; gap: 5px; align-items: center; margin-top: 10px;\"><img decoding=\"async\" src=\"https:\/\/as-schwabe.de\/wp-content\/uploads\/ikony\/znak_CE.png\" alt=\"\" width=\"50\" height=\"50\" \/><img decoding=\"async\" src=\"https:\/\/as-schwabe.de\/wp-content\/uploads\/ikony\/znak_IP20.png\" alt=\"\" width=\"50\" height=\"50\" \/><img decoding=\"async\" src=\"https:\/\/as-schwabe.de\/wp-content\/uploads\/ikony\/znak_D.png\" alt=\"\" width=\"50\" height=\"50\" \/><\/div>\n<ul>\n<li>z przewodem PCV H05VV-F 2&#215;1,0 z wtyczk\u0105 konturow\u0105 2P\/II <\/li>\n<li>gniazda Euro z przes\u0142onami tor\u00f3w pr\u0105dowych <\/li>\n<li> z pod\u015bwietlanym wy\u0142\u0105cznikiem<\/li>\n<li> 230 V, 16 A, maks. 1700 W<\/li>\n<\/ul>","protected":false},"featured_media":29223,"template":"","meta":{"inline_featured_image":false},"genre":[509],"product_cat":[525,526],"product_tag":[],"class_list":{"0":"post-14466","1":"product","2":"type-product","3":"status-publish","4":"has-post-thumbnail","6":"product_brand-as-schwabe-pl","7":"product_cat-dom-i-ogrod-2-pl","8":"product_cat-przedluzacze-listwowe-i-rozgalezniki-pl","10":"first","11":"instock","12":"shipping-taxable","13":"product-type-simple"},"aioseo_notices":[],"_links":{"self":[{"href":"https:\/\/as-schwabe.de\/pl\/wp-json\/wp\/v2\/product\/14466","targetHints":{"allow":["GET"]}}],"collection":[{"href":"https:\/\/as-schwabe.de\/pl\/wp-json\/wp\/v2\/product"}],"about":[{"href":"https:\/\/as-schwabe.de\/pl\/wp-json\/wp\/v2\/types\/product"}],"version-history":[{"count":0,"href":"https:\/\/as-schwabe.de\/pl\/wp-json\/wp\/v2\/product\/14466\/revisions"}],"wp:featuredmedia":[{"embeddable":true,"href":"https:\/\/as-schwabe.de\/pl\/wp-json\/wp\/v2\/media\/29223"}],"wp:attachment":[{"href":"https:\/\/as-schwabe.de\/pl\/wp-json\/wp\/v2\/media?parent=14466"}],"wp:term":[{"taxonomy":"product_brand","embeddable":true,"href":"https:\/\/as-schwabe.de\/pl\/wp-json\/wp\/v2\/genre?post=14466"},{"taxonomy":"product_cat","embeddable":true,"href":"https:\/\/as-schwabe.de\/pl\/wp-json\/wp\/v2\/product_cat?post=14466"},{"taxonomy":"product_tag","embeddable":true,"href":"https:\/\/as-schwabe.de\/pl\/wp-json\/wp\/v2\/product_tag?post=14466"}],"curies":[{"name":"wp","href":"https:\/\/api.w.org\/{rel}","templated":true}]}}