{"id":14452,"date":"2025-09-25T16:36:48","date_gmt":"2025-09-25T16:36:48","guid":{"rendered":"https:\/\/as-schwabe.de\/produkt\/przedluzacz-bebnowy-plastikowy-ip20-4xgn-h05vv-f-3g15-50-m-11151\/"},"modified":"2025-10-23T00:12:58","modified_gmt":"2025-10-23T00:12:58","slug":"przedluzacz-bebnowy-plastikowy-ip20-4xgn-h05vv-f-3g15-50-m-11151","status":"publish","type":"product","link":"https:\/\/as-schwabe.de\/pl\/produkt\/przedluzacz-bebnowy-plastikowy-ip20-4xgn-h05vv-f-3g15-50-m-11151\/","title":{"rendered":"Przed\u0142u\u017cacz b\u0119bnowy plastikowy &#8211; Action 50 m H05VV-F 3G1,5 IP20 | 11151"},"content":{"rendered":"<p>Przed\u0142u\u017cacz b\u0119bnowy plastikowy o \u015brednicy 285 mm model &#8222;F&#8220; to idealne rozwi\u0105zanie dla u\u017cytkownik\u00f3w potrzebuj\u0105cych mobilnego zasilania wewn\u0105trz pomieszcze\u0144. Wyposa\u017cony w przew\u00f3d H05VV-F 3G1,5 czarny o d\u0142ugo\u015bci 50 m oraz solidn\u0105 metalow\u0105 szpul\u0119, zapewnia wygod\u0119 i bezpiecze\u0144stwo u\u017cytkowania dzi\u0119ki zabezpieczeniu termicznemu oraz hamulcowi. Funkcjonalno\u015b\u0107 przed\u0142u\u017cacza wzmacniaj\u0105 cztery gniazda IP20 z uziemieniem, co umo\u017cliwia jednoczesne zasilanie kilku urz\u0105dze\u0144 o maksymalnej mocy 3500 W. Ergonomiczny uchwyt z tworzywa oraz atrakcyjny niebieski kolor szpuli czyni\u0105 ten produkt nie tylko praktycznym, ale i estetycznym elementem wyposa\u017cenia ka\u017cdego miejsca pracy. Idealny do u\u017cytku w biurach, warsztatach oraz podczas r\u00f3\u017cnego rodzaju prac instalacyjnych.<\/p>","protected":false},"excerpt":{"rendered":"<div class=\"icons\" style=\"display: flex; flex-wrap: wrap; gap: 5px; align-items: center; margin-top: 10px;\"><img decoding=\"async\" src=\"https:\/\/as-schwabe.de\/wp-content\/uploads\/ikony\/znak_SCH.png\" alt=\"\" width=\"45\" height=\"50\" \/><img decoding=\"async\" src=\"https:\/\/as-schwabe.de\/wp-content\/uploads\/ikony\/znak_CE.png\" alt=\"\" width=\"50\" height=\"50\" \/><img decoding=\"async\" src=\"https:\/\/as-schwabe.de\/wp-content\/uploads\/ikony\/znak_IP20.png\" alt=\"\" width=\"50\" height=\"50\" \/><img loading=\"lazy\" decoding=\"async\" src=\"https:\/\/as-schwabe.de\/wp-content\/uploads\/ikony\/znak_D.png\" alt=\"\" width=\"50\" height=\"50\" \/><img loading=\"lazy\" decoding=\"async\" src=\"https:\/\/as-schwabe.de\/wp-content\/uploads\/ikony\/znak_DE.png\" alt=\"\" width=\"50\" height=\"40\" \/><\/div>\n<ul>\n<li>korpus b\u0119bna wykonany z wytrzyma\u0142ego, bardzo odpornego na uszkodzenia specjalnego tworzywa sztucznego <\/li>\n<li>ze stabiln\u0105, amortyzuj\u0105c\u0105 i ocynkowan\u0105 ram\u0105 podstawy <\/li>\n<li>z wbudowanym wy\u0142\u0105cznikiem termicznym <\/li>\n<li>IP20: do u\u017cytku wewn\u0105trz pomieszcze\u0144 <\/li>\n<li>z wtyczk\u0105 z uziemieniem <\/li>\n<li>4x gniazdo z uziemieniem <\/li>\n<li>port USB 5 V \/ 1 A <\/li>\n<li>230 V, 16 A, maks. 3500 W<\/li>\n<\/ul>","protected":false},"featured_media":29219,"template":"","meta":{"inline_featured_image":false},"genre":[509],"product_cat":[510,512],"product_tag":[],"class_list":{"0":"post-14452","1":"product","2":"type-product","3":"status-publish","4":"has-post-thumbnail","6":"product_brand-as-schwabe-pl","7":"product_cat-przedluzacze-bebnowe-pl","8":"product_cat-przedluzacze-bebnowe-do-uzytku-wewnetrznego-pl","10":"first","11":"instock","12":"shipping-taxable","13":"product-type-simple"},"aioseo_notices":[],"_links":{"self":[{"href":"https:\/\/as-schwabe.de\/pl\/wp-json\/wp\/v2\/product\/14452","targetHints":{"allow":["GET"]}}],"collection":[{"href":"https:\/\/as-schwabe.de\/pl\/wp-json\/wp\/v2\/product"}],"about":[{"href":"https:\/\/as-schwabe.de\/pl\/wp-json\/wp\/v2\/types\/product"}],"version-history":[{"count":0,"href":"https:\/\/as-schwabe.de\/pl\/wp-json\/wp\/v2\/product\/14452\/revisions"}],"wp:featuredmedia":[{"embeddable":true,"href":"https:\/\/as-schwabe.de\/pl\/wp-json\/wp\/v2\/media\/29219"}],"wp:attachment":[{"href":"https:\/\/as-schwabe.de\/pl\/wp-json\/wp\/v2\/media?parent=14452"}],"wp:term":[{"taxonomy":"product_brand","embeddable":true,"href":"https:\/\/as-schwabe.de\/pl\/wp-json\/wp\/v2\/genre?post=14452"},{"taxonomy":"product_cat","embeddable":true,"href":"https:\/\/as-schwabe.de\/pl\/wp-json\/wp\/v2\/product_cat?post=14452"},{"taxonomy":"product_tag","embeddable":true,"href":"https:\/\/as-schwabe.de\/pl\/wp-json\/wp\/v2\/product_tag?post=14452"}],"curies":[{"name":"wp","href":"https:\/\/api.w.org\/{rel}","templated":true}]}}