{"id":14431,"date":"2025-09-25T16:36:26","date_gmt":"2025-09-25T16:36:26","guid":{"rendered":"https:\/\/as-schwabe.de\/produkt\/panel-3-gniazdowy-cee-230-v-10976\/"},"modified":"2025-10-23T00:12:56","modified_gmt":"2025-10-23T00:12:56","slug":"panel-3-gniazdowy-cee-230-v-10976","status":"publish","type":"product","link":"https:\/\/as-schwabe.de\/pl\/produkt\/panel-3-gniazdowy-cee-230-v-10976\/","title":{"rendered":"Panel 3-gniazdowy CEE 230 V, z niebieskimi klapkami IP44 | 10976"},"content":{"rendered":"<p>Panel 3-gniazdowy CEE 230 V to wszechstronne rozwi\u0105zanie do zasilania urz\u0105dze\u0144 w warunkach zewn\u0119trznych. Wyposa\u017cony w jedno gniazdo CEE 230V o nat\u0119\u017ceniu 16 A oraz dwa gniazda IP44 z klapk\u0105, zapewnia doskona\u0142\u0105 ochron\u0119 przed niekorzystnymi warunkami atmosferycznymi. Panel jest r\u00f3wnie\u017c wyposa\u017cony w termik, co zwi\u0119ksza bezpiecze\u0144stwo u\u017cytkowania, a jego maksymalne obci\u0105\u017cenie wynosi 230 V, 16 A, co przek\u0142ada si\u0119 na moc 3500 W. Dzi\u0119ki stopniowi ochrony IP44, produkt idealnie sprawdza si\u0119 w zastosowaniach na tarasach, w ogrodach oraz na placach budowy, gwarantuj\u0105c niezawodne zasilanie urz\u0105dze\u0144 elektrycznych. Elegancki czarny design sprawia, \u017ce panel wkomponuje si\u0119 w r\u00f3\u017cnorodne otoczenie.<\/p>","protected":false},"excerpt":{"rendered":"<div class=\"icons\" style=\"display: flex; flex-wrap: wrap; gap: 5px; align-items: center; margin-top: 10px;\"><img decoding=\"async\" src=\"https:\/\/as-schwabe.de\/wp-content\/uploads\/ikony\/znak_SCH.png\" alt=\"\" width=\"45\" height=\"50\" \/><img decoding=\"async\" src=\"https:\/\/as-schwabe.de\/wp-content\/uploads\/ikony\/znak_CE.png\" alt=\"\" width=\"50\" height=\"50\" \/><img decoding=\"async\" src=\"https:\/\/as-schwabe.de\/wp-content\/uploads\/ikony\/znak_IP44.png\" alt=\"\" width=\"50\" height=\"50\" \/><img loading=\"lazy\" decoding=\"async\" src=\"https:\/\/as-schwabe.de\/wp-content\/uploads\/ikony\/znak_DE.png\" alt=\"\" width=\"50\" height=\"40\" \/><\/div>\n<ul>\n<li>Panel 3-gniazdowy CEE 230 V IP44 z niebieskimi klapkami na zawiasach z wy\u0142\u0105cznikiem termicznym<\/li>\n<\/ul>","protected":false},"featured_media":29186,"template":"","meta":{"inline_featured_image":false},"genre":[509],"product_cat":[510,520],"product_tag":[],"class_list":{"0":"post-14431","1":"product","2":"type-product","3":"status-publish","4":"has-post-thumbnail","6":"product_brand-as-schwabe-pl","7":"product_cat-przedluzacze-bebnowe-pl","8":"product_cat-czesci-zamienne-pl","10":"first","11":"instock","12":"shipping-taxable","13":"product-type-simple"},"aioseo_notices":[],"_links":{"self":[{"href":"https:\/\/as-schwabe.de\/pl\/wp-json\/wp\/v2\/product\/14431","targetHints":{"allow":["GET"]}}],"collection":[{"href":"https:\/\/as-schwabe.de\/pl\/wp-json\/wp\/v2\/product"}],"about":[{"href":"https:\/\/as-schwabe.de\/pl\/wp-json\/wp\/v2\/types\/product"}],"version-history":[{"count":0,"href":"https:\/\/as-schwabe.de\/pl\/wp-json\/wp\/v2\/product\/14431\/revisions"}],"wp:featuredmedia":[{"embeddable":true,"href":"https:\/\/as-schwabe.de\/pl\/wp-json\/wp\/v2\/media\/29186"}],"wp:attachment":[{"href":"https:\/\/as-schwabe.de\/pl\/wp-json\/wp\/v2\/media?parent=14431"}],"wp:term":[{"taxonomy":"product_brand","embeddable":true,"href":"https:\/\/as-schwabe.de\/pl\/wp-json\/wp\/v2\/genre?post=14431"},{"taxonomy":"product_cat","embeddable":true,"href":"https:\/\/as-schwabe.de\/pl\/wp-json\/wp\/v2\/product_cat?post=14431"},{"taxonomy":"product_tag","embeddable":true,"href":"https:\/\/as-schwabe.de\/pl\/wp-json\/wp\/v2\/product_tag?post=14431"}],"curies":[{"name":"wp","href":"https:\/\/api.w.org\/{rel}","templated":true}]}}