{"id":14424,"date":"2025-09-25T16:36:15","date_gmt":"2025-09-25T16:36:15","guid":{"rendered":"https:\/\/as-schwabe.de\/produkt\/panel-3-gniazdowy-cee-400v-10975\/"},"modified":"2025-10-23T00:12:56","modified_gmt":"2025-10-23T00:12:56","slug":"panel-3-gniazdowy-cee-400v-10975","status":"publish","type":"product","link":"https:\/\/as-schwabe.de\/pl\/produkt\/panel-3-gniazdowy-cee-400v-10975\/","title":{"rendered":"Panel 3-gniazdowy CEE 400 V, z czerwonymi klapkami IP44 | 10975"},"content":{"rendered":"<p>Panel 3-gniazdowy CEE 400V to wszechstronne rozwi\u0105zanie do zasilania urz\u0105dze\u0144 w wymagaj\u0105cych warunkach zewn\u0119trznych. Wyposa\u017cony w jedno gniazdo CEE 400V o nat\u0119\u017ceniu 16 A oraz dwa gniazda IP44 z klapk\u0105, ka\u017cde o nat\u0119\u017ceniu 16 A (2P+Z), zapewnia niezawodno\u015b\u0107 i bezpiecze\u0144stwo u\u017cytkowania. Oferuj\u0105c maksymaln\u0105 moc 11 kW przy 400 V, panel idealnie sprawdzi si\u0119 w zastosowaniach przemys\u0142owych oraz budowlanych. Dodatkowo, wbudowany termik chroni przed przeci\u0105\u017ceniem, a wytrzyma\u0142a konstrukcja czarnego panelu spe\u0142nia norm\u0119 IP44, co gwarantuje odporno\u015b\u0107 na dzia\u0142anie wody i py\u0142u. To innowacyjne rozwi\u0105zanie u\u0142atwia organizacj\u0119 pracy oraz zwi\u0119ksza efektywno\u015b\u0107 zasilania sprz\u0119tu elektrycznego na zewn\u0105trz.<\/p>","protected":false},"excerpt":{"rendered":"<div class=\"icons\" style=\"display: flex; flex-wrap: wrap; gap: 5px; align-items: center; margin-top: 10px;\"><img decoding=\"async\" src=\"https:\/\/as-schwabe.de\/wp-content\/uploads\/ikony\/znak_SCH.png\" alt=\"\" width=\"45\" height=\"50\" \/><img decoding=\"async\" src=\"https:\/\/as-schwabe.de\/wp-content\/uploads\/ikony\/znak_CE.png\" alt=\"\" width=\"50\" height=\"50\" \/><img decoding=\"async\" src=\"https:\/\/as-schwabe.de\/wp-content\/uploads\/ikony\/znak_IP44.png\" alt=\"\" width=\"50\" height=\"50\" \/><img loading=\"lazy\" decoding=\"async\" src=\"https:\/\/as-schwabe.de\/wp-content\/uploads\/ikony\/znak_DE.png\" alt=\"\" width=\"50\" height=\"40\" \/><\/div>\n<ul>\n<li>Panel 3-gniazdowy CEE 400 V IP44 z czerwonymi klapkami na zawiasach z wy\u0142\u0105cznikiem termicznym<\/li>\n<\/ul>","protected":false},"featured_media":29185,"template":"","meta":{"inline_featured_image":false},"genre":[509],"product_cat":[510,520],"product_tag":[],"class_list":{"0":"post-14424","1":"product","2":"type-product","3":"status-publish","4":"has-post-thumbnail","6":"product_brand-as-schwabe-pl","7":"product_cat-przedluzacze-bebnowe-pl","8":"product_cat-czesci-zamienne-pl","10":"first","11":"instock","12":"shipping-taxable","13":"product-type-simple"},"aioseo_notices":[],"_links":{"self":[{"href":"https:\/\/as-schwabe.de\/pl\/wp-json\/wp\/v2\/product\/14424","targetHints":{"allow":["GET"]}}],"collection":[{"href":"https:\/\/as-schwabe.de\/pl\/wp-json\/wp\/v2\/product"}],"about":[{"href":"https:\/\/as-schwabe.de\/pl\/wp-json\/wp\/v2\/types\/product"}],"version-history":[{"count":0,"href":"https:\/\/as-schwabe.de\/pl\/wp-json\/wp\/v2\/product\/14424\/revisions"}],"wp:featuredmedia":[{"embeddable":true,"href":"https:\/\/as-schwabe.de\/pl\/wp-json\/wp\/v2\/media\/29185"}],"wp:attachment":[{"href":"https:\/\/as-schwabe.de\/pl\/wp-json\/wp\/v2\/media?parent=14424"}],"wp:term":[{"taxonomy":"product_brand","embeddable":true,"href":"https:\/\/as-schwabe.de\/pl\/wp-json\/wp\/v2\/genre?post=14424"},{"taxonomy":"product_cat","embeddable":true,"href":"https:\/\/as-schwabe.de\/pl\/wp-json\/wp\/v2\/product_cat?post=14424"},{"taxonomy":"product_tag","embeddable":true,"href":"https:\/\/as-schwabe.de\/pl\/wp-json\/wp\/v2\/product_tag?post=14424"}],"curies":[{"name":"wp","href":"https:\/\/api.w.org\/{rel}","templated":true}]}}