{"id":14411,"date":"2025-09-25T16:14:10","date_gmt":"2025-09-25T16:14:10","guid":{"rendered":"https:\/\/as-schwabe.de\/produkt\/gniazdo-tablicowe-do-wbudowania-230-v-16-a-f-10924\/"},"modified":"2025-10-23T00:12:56","modified_gmt":"2025-10-23T00:12:56","slug":"gniazdo-tablicowe-do-wbudowania-230-v-16-a-f-10924","status":"publish","type":"product","link":"https:\/\/as-schwabe.de\/pl\/produkt\/gniazdo-tablicowe-do-wbudowania-230-v-16-a-f-10924\/","title":{"rendered":"Gniazdo tablicowe do wbudowania 230 V, 16 A 2P+Z NIE IP44 &#8222;F&#8220; | 10924"},"content":{"rendered":"<p>Gniazdo tablicowe do wbudowania 230 V, 16 A, 2P+Z niebieskie &#8222;F&#8220;; IP44 to solidne rozwi\u0105zanie przeznaczone do u\u017cytku na zewn\u0105trz, zapewniaj\u0105ce bezpiecze\u0144stwo i niezawodno\u015b\u0107 w trudnych warunkach atmosferycznych. Klasa szczelno\u015bci IP44 chroni przed zachlapaniami oraz wnikaniem cia\u0142 sta\u0142ych, co czyni je idealnym wyborem do zastosowa\u0144 w ogrodach, na budowach czy w innych przestrzeniach zewn\u0119trznych. Z\u0142\u0105cze 2P+Z umo\u017cliwia pod\u0142\u0105czenie urz\u0105dze\u0144 o standardowym napi\u0119ciu, a maksymalne obci\u0105\u017cenie 16 A zapewnia efektywne zasilanie sprz\u0119tu elektrycznego. Niebieski kolor gniazda wyr\u00f3\u017cnia je w terenie, co zwi\u0119ksza widoczno\u015b\u0107 i u\u0142atwia u\u017cytkowanie. Dzi\u0119ki prostej konstrukcji monta\u017cowej, produkt ten pozwala na szybkie i wygodne zainstalowanie w r\u00f3\u017cnorodnych miejscach.<\/p>","protected":false},"excerpt":{"rendered":"<div class=\"icons\" style=\"display: flex; flex-wrap: wrap; gap: 5px; align-items: center; margin-top: 10px;\"><img decoding=\"async\" src=\"https:\/\/as-schwabe.de\/wp-content\/uploads\/ikony\/znak_IP44.png\" alt=\"\" width=\"50\" height=\"50\" \/><img decoding=\"async\" src=\"https:\/\/as-schwabe.de\/wp-content\/uploads\/ikony\/znak_Z.png\" alt=\"\" width=\"50\" height=\"50\" \/><img decoding=\"async\" src=\"https:\/\/as-schwabe.de\/wp-content\/uploads\/ikony\/znak_D.png\" alt=\"\" width=\"50\" height=\"50\" \/><img loading=\"lazy\" decoding=\"async\" src=\"https:\/\/as-schwabe.de\/wp-content\/uploads\/ikony\/znak_DE.png\" alt=\"\" width=\"50\" height=\"40\" \/><\/div>\n<ul>\n<li>gniazdo do wbudowania z uziemieniem \u2013 tablicowe <\/li>\n<li>rozmiar: 50&#215;50 mm <\/li>\n<li>rozstaw otwor\u00f3w monta\u017cowych: 38mm <\/li>\n<li>IP44: odporny na kurz i zachlapania <\/li>\n<li>230 V, 16 A<\/li>\n<\/ul>","protected":false},"featured_media":29189,"template":"","meta":{"inline_featured_image":false},"genre":[509],"product_cat":[523,524],"product_tag":[],"class_list":{"0":"post-14411","1":"product","2":"type-product","3":"status-publish","4":"has-post-thumbnail","6":"product_brand-as-schwabe-pl","7":"product_cat-produkty-do-samodzielnego-montazu-pl","8":"product_cat-wtyczki-i-gniazda-z-uziemieniem-pl","10":"first","11":"instock","12":"shipping-taxable","13":"product-type-simple"},"aioseo_notices":[],"_links":{"self":[{"href":"https:\/\/as-schwabe.de\/pl\/wp-json\/wp\/v2\/product\/14411","targetHints":{"allow":["GET"]}}],"collection":[{"href":"https:\/\/as-schwabe.de\/pl\/wp-json\/wp\/v2\/product"}],"about":[{"href":"https:\/\/as-schwabe.de\/pl\/wp-json\/wp\/v2\/types\/product"}],"version-history":[{"count":0,"href":"https:\/\/as-schwabe.de\/pl\/wp-json\/wp\/v2\/product\/14411\/revisions"}],"wp:featuredmedia":[{"embeddable":true,"href":"https:\/\/as-schwabe.de\/pl\/wp-json\/wp\/v2\/media\/29189"}],"wp:attachment":[{"href":"https:\/\/as-schwabe.de\/pl\/wp-json\/wp\/v2\/media?parent=14411"}],"wp:term":[{"taxonomy":"product_brand","embeddable":true,"href":"https:\/\/as-schwabe.de\/pl\/wp-json\/wp\/v2\/genre?post=14411"},{"taxonomy":"product_cat","embeddable":true,"href":"https:\/\/as-schwabe.de\/pl\/wp-json\/wp\/v2\/product_cat?post=14411"},{"taxonomy":"product_tag","embeddable":true,"href":"https:\/\/as-schwabe.de\/pl\/wp-json\/wp\/v2\/product_tag?post=14411"}],"curies":[{"name":"wp","href":"https:\/\/api.w.org\/{rel}","templated":true}]}}