{"id":14405,"date":"2025-09-25T16:14:05","date_gmt":"2025-09-25T16:14:05","guid":{"rendered":"https:\/\/as-schwabe.de\/produkt\/przedluzacz-bebnowy-plastikowy-prcd-30-ma-h07rn-f-3g15-40-m-10829\/"},"modified":"2025-10-23T00:12:55","modified_gmt":"2025-10-23T00:12:55","slug":"przedluzacz-bebnowy-plastikowy-prcd-30-ma-h07rn-f-3g15-40-m-10829","status":"publish","type":"product","link":"https:\/\/as-schwabe.de\/pl\/produkt\/przedluzacz-bebnowy-plastikowy-prcd-30-ma-h07rn-f-3g15-40-m-10829\/","title":{"rendered":"Przed\u0142u\u017cacz b\u0119bnowy plastikowy PRCD 30 mA 40 m H07RN-F 3G1,5 IP44 | 10829"},"content":{"rendered":"<p>Przed\u0142u\u017cacz b\u0119bnowy plastikowy PRCD 30 mA to doskona\u0142e rozwi\u0105zanie do zasilania urz\u0105dze\u0144 elektrycznych w warunkach zewn\u0119trznych. Dzi\u0119ki d\u0142ugo\u015bci 40 m i zastosowaniu kabla H07RN-F 3G1,5, urz\u0105dzenie zapewnia du\u017c\u0105 mobilno\u015b\u0107 oraz wygod\u0119 u\u017cytkowania. Wyposa\u017cony w wtyczk\u0119 PRCD 30 mA i 3 gniazda z klapk\u0105 w kolorze czerwonym, przed\u0142u\u017cacz gwarantuje bezpiecze\u0144stwo na poziomie IP44, co czyni go idealnym do u\u017cytku na zewn\u0105trz. Ergonomiczny uchwyt oraz plastikowa prowadnica do kabli u\u0142atwiaj\u0105 transport i przechowywanie, a ocynkowana rama podstawy zapewnia stabilno\u015b\u0107 konstrukcji. Maksymalne obci\u0105\u017cenie 230 V, 16 A (3500 W) sprawia, \u017ce przed\u0142u\u017cacz sprawdzi si\u0119 w r\u00f3\u017cnych zastosowaniach, od pracy w ogrodzie po zasilanie sprz\u0119tu budowlanego.<\/p>","protected":false},"excerpt":{"rendered":"<div class=\"icons\" style=\"display: flex; flex-wrap: wrap; gap: 5px; align-items: center; margin-top: 10px;\"><img decoding=\"async\" src=\"https:\/\/as-schwabe.de\/wp-content\/uploads\/ikony\/znak_SCH.png\" alt=\"\" width=\"45\" height=\"50\" \/><img decoding=\"async\" src=\"https:\/\/as-schwabe.de\/wp-content\/uploads\/ikony\/znak_CE.png\" alt=\"\" width=\"50\" height=\"50\" \/><img decoding=\"async\" src=\"https:\/\/as-schwabe.de\/wp-content\/uploads\/ikony\/znak_IP44.png\" alt=\"\" width=\"50\" height=\"50\" \/><img loading=\"lazy\" decoding=\"async\" src=\"https:\/\/as-schwabe.de\/wp-content\/uploads\/ikony\/znak_Z.png\" alt=\"\" width=\"50\" height=\"50\" \/><img loading=\"lazy\" decoding=\"async\" src=\"https:\/\/as-schwabe.de\/wp-content\/uploads\/ikony\/znak_D.png\" alt=\"\" width=\"50\" height=\"50\" \/><img loading=\"lazy\" decoding=\"async\" src=\"https:\/\/as-schwabe.de\/wp-content\/uploads\/ikony\/znak_DE.png\" alt=\"\" width=\"50\" height=\"40\" \/><\/div>\n<ul>\n<li>znamionowy pr\u0105d r\u00f3\u017cnicowy 30 mA <\/li>\n<li>wyzwalacz podnapi\u0119ciowy <\/li>\n<li>czas wyzwalania kr\u00f3tszy ni\u017c 30 ms <\/li>\n<li>IP44: chroniony przed cia\u0142ami obcymi i bryzgami wody <\/li>\n<li>korpus b\u0119bna wykonany z wytrzyma\u0142ego, bardzo odpornego na uszkodzenia specjalnego tworzywa sztucznego <\/li>\n<li>z wytrzyma\u0142\u0105, poch\u0142aniaj\u0105c\u0105 wstrz\u0105sy i ocynkowan\u0105 pojedyncz\u0105 ram\u0105 podstawy z hamulcem postojowym <\/li>\n<li>rama z ergonomicznie ukszta\u0142towanym uchwytem i opatentowanym prowadzeniem kabli <\/li>\n<li>z wbudowanym wy\u0142\u0105cznikiem termicznym <\/li>\n<li>z opisem funkcji i przyciskiem testowym oraz z elektronicznym urz\u0105dzeniem pomiarowym <\/li>\n<li>z wtyczk\u0105 ochronn\u0105 PRCD <\/li>\n<li>230 V, 16 A, maks. 3500 W<\/li>\n<\/ul>","protected":false},"featured_media":29176,"template":"","meta":{"inline_featured_image":false},"genre":[509],"product_cat":[521,522],"product_tag":[],"class_list":{"0":"post-14405","1":"product","2":"type-product","3":"status-publish","4":"has-post-thumbnail","6":"product_brand-as-schwabe-pl","7":"product_cat-produkty-z-zakresu-elektrycznej-ochrony-indywidualnej-pl","8":"product_cat-p-seria-prcd-pl","10":"first","11":"instock","12":"shipping-taxable","13":"product-type-simple"},"aioseo_notices":[],"_links":{"self":[{"href":"https:\/\/as-schwabe.de\/pl\/wp-json\/wp\/v2\/product\/14405","targetHints":{"allow":["GET"]}}],"collection":[{"href":"https:\/\/as-schwabe.de\/pl\/wp-json\/wp\/v2\/product"}],"about":[{"href":"https:\/\/as-schwabe.de\/pl\/wp-json\/wp\/v2\/types\/product"}],"version-history":[{"count":0,"href":"https:\/\/as-schwabe.de\/pl\/wp-json\/wp\/v2\/product\/14405\/revisions"}],"wp:featuredmedia":[{"embeddable":true,"href":"https:\/\/as-schwabe.de\/pl\/wp-json\/wp\/v2\/media\/29176"}],"wp:attachment":[{"href":"https:\/\/as-schwabe.de\/pl\/wp-json\/wp\/v2\/media?parent=14405"}],"wp:term":[{"taxonomy":"product_brand","embeddable":true,"href":"https:\/\/as-schwabe.de\/pl\/wp-json\/wp\/v2\/genre?post=14405"},{"taxonomy":"product_cat","embeddable":true,"href":"https:\/\/as-schwabe.de\/pl\/wp-json\/wp\/v2\/product_cat?post=14405"},{"taxonomy":"product_tag","embeddable":true,"href":"https:\/\/as-schwabe.de\/pl\/wp-json\/wp\/v2\/product_tag?post=14405"}],"curies":[{"name":"wp","href":"https:\/\/api.w.org\/{rel}","templated":true}]}}