{"id":14398,"date":"2025-09-25T16:13:59","date_gmt":"2025-09-25T16:13:59","guid":{"rendered":"https:\/\/as-schwabe.de\/produkt\/panel-3-gniazdowy-ip44-klapki-nie-10566\/"},"modified":"2025-10-23T00:12:55","modified_gmt":"2025-10-23T00:12:55","slug":"panel-3-gniazdowy-ip44-klapki-nie-10566","status":"publish","type":"product","link":"https:\/\/as-schwabe.de\/pl\/produkt\/panel-3-gniazdowy-ip44-klapki-nie-10566\/","title":{"rendered":"Panel 3-gniazdowy, z niebieskimi klapkami IP44 | 10566"},"content":{"rendered":"<p>Panel 3-gniazdowy IP44 to idealne rozwi\u0105zanie do zastosowa\u0144 zar\u00f3wno w budynkach, jak i przestrzeni na zewn\u0105trz. Wyposa\u017cony w trzy gniazda IP44 z klapk\u0105 w kolorze niebieskim oraz uziemieniem, zapewnia bezpieczne zasilanie urz\u0105dze\u0144 elektrycznych o maksymalnym napi\u0119ciu 230 V i pr\u0105dzie 16 A (3500 W). Dzi\u0119ki zastosowaniu termika, panel chroni przed przeci\u0105\u017ceniem, zwi\u0119kszaj\u0105c tym samym bezpiecze\u0144stwo u\u017cytkowania. Czarna obudowa gwarantuje estetyczny wygl\u0105d, a klasa szczelno\u015bci IP44 sprawia, \u017ce produkt jest odporny na dzia\u0142anie wilgoci i py\u0142\u00f3w, co czyni go doskona\u0142ym wyborem do u\u017cytku w trudnych warunkach atmosferycznych. Panel jest \u0142atwy w instalacji i obs\u0142udze, co czyni go funkcjonalnym elementem ka\u017cdego systemu zasilania.<\/p>","protected":false},"excerpt":{"rendered":"<div class=\"icons\" style=\"display: flex; flex-wrap: wrap; gap: 5px; align-items: center; margin-top: 10px;\"><img decoding=\"async\" src=\"https:\/\/as-schwabe.de\/wp-content\/uploads\/ikony\/znak_SCH.png\" alt=\"\" width=\"45\" height=\"50\" \/><img decoding=\"async\" src=\"https:\/\/as-schwabe.de\/wp-content\/uploads\/ikony\/znak_CE.png\" alt=\"\" width=\"50\" height=\"50\" \/><img decoding=\"async\" src=\"https:\/\/as-schwabe.de\/wp-content\/uploads\/ikony\/znak_IP44.png\" alt=\"\" width=\"50\" height=\"50\" \/><img loading=\"lazy\" decoding=\"async\" src=\"https:\/\/as-schwabe.de\/wp-content\/uploads\/ikony\/znak_DE.png\" alt=\"\" width=\"50\" height=\"40\" \/><\/div>\n<ul>\n<li>Panel 3-gniazdowy IP44 z niebieskimi klapkami na zawiasach z wy\u0142\u0105cznikiem termicznym<\/li>\n<\/ul>","protected":false},"featured_media":29167,"template":"","meta":{"inline_featured_image":false},"genre":[509],"product_cat":[510,520],"product_tag":[],"class_list":{"0":"post-14398","1":"product","2":"type-product","3":"status-publish","4":"has-post-thumbnail","6":"product_brand-as-schwabe-pl","7":"product_cat-przedluzacze-bebnowe-pl","8":"product_cat-czesci-zamienne-pl","10":"first","11":"instock","12":"shipping-taxable","13":"product-type-simple"},"aioseo_notices":[],"_links":{"self":[{"href":"https:\/\/as-schwabe.de\/pl\/wp-json\/wp\/v2\/product\/14398","targetHints":{"allow":["GET"]}}],"collection":[{"href":"https:\/\/as-schwabe.de\/pl\/wp-json\/wp\/v2\/product"}],"about":[{"href":"https:\/\/as-schwabe.de\/pl\/wp-json\/wp\/v2\/types\/product"}],"version-history":[{"count":0,"href":"https:\/\/as-schwabe.de\/pl\/wp-json\/wp\/v2\/product\/14398\/revisions"}],"wp:featuredmedia":[{"embeddable":true,"href":"https:\/\/as-schwabe.de\/pl\/wp-json\/wp\/v2\/media\/29167"}],"wp:attachment":[{"href":"https:\/\/as-schwabe.de\/pl\/wp-json\/wp\/v2\/media?parent=14398"}],"wp:term":[{"taxonomy":"product_brand","embeddable":true,"href":"https:\/\/as-schwabe.de\/pl\/wp-json\/wp\/v2\/genre?post=14398"},{"taxonomy":"product_cat","embeddable":true,"href":"https:\/\/as-schwabe.de\/pl\/wp-json\/wp\/v2\/product_cat?post=14398"},{"taxonomy":"product_tag","embeddable":true,"href":"https:\/\/as-schwabe.de\/pl\/wp-json\/wp\/v2\/product_tag?post=14398"}],"curies":[{"name":"wp","href":"https:\/\/api.w.org\/{rel}","templated":true}]}}