{"id":14389,"date":"2025-09-25T16:13:53","date_gmt":"2025-09-25T16:13:53","guid":{"rendered":"https:\/\/as-schwabe.de\/produkt\/panel-3-gniazdowy-ip44-f-10564\/"},"modified":"2025-10-23T00:12:54","modified_gmt":"2025-10-23T00:12:54","slug":"panel-3-gniazdowy-ip44-f-10564","status":"publish","type":"product","link":"https:\/\/as-schwabe.de\/pl\/produkt\/panel-3-gniazdowy-ip44-f-10564\/","title":{"rendered":"Panel 3-gniazdowy, z niebieskimi klapkami IP44 &#8222;F&#8220; | 10564"},"content":{"rendered":"<p>Panel 3-gniazdowy IP44 &#8222;F&#8220; to wysokiej jako\u015bci rozwi\u0105zanie do zasilania urz\u0105dze\u0144 elektrycznych na zewn\u0105trz, zaprojektowane z my\u015bl\u0105 o bezpiecze\u0144stwie i trwa\u0142o\u015bci. Wyposa\u017cony w trzy gniazda z uziemieniem, umo\u017cliwia jednoczesne pod\u0142\u0105czenie kilku urz\u0105dze\u0144 o \u0142\u0105cznej mocy do 3500 W przy napi\u0119ciu 230 V i pr\u0105dzie 16 A. Panel posiada niebieskie klapki, kt\u00f3re chroni\u0105 gniazda przed niekorzystnymi warunkami atmosferycznymi, zapewniaj\u0105c jednocze\u015bnie klas\u0119 ochrony IP44. Idealnie sprawdza si\u0119 w ogrodach, na budowach oraz wsz\u0119dzie tam, gdzie wymagana jest niezawodna i bezpieczna dostawa energii elektrycznej. Dodatkowo, zastosowany termik zwi\u0119ksza ochron\u0119 przed przeci\u0105\u017ceniem, co przek\u0142ada si\u0119 na d\u0142ugotrwa\u0142e i bezawaryjne u\u017cytkowanie.<\/p>","protected":false},"excerpt":{"rendered":"<div class=\"icons\" style=\"display: flex; flex-wrap: wrap; gap: 5px; align-items: center; margin-top: 10px;\"><img decoding=\"async\" src=\"https:\/\/as-schwabe.de\/wp-content\/uploads\/ikony\/znak_CE.png\" alt=\"\" width=\"50\" height=\"50\" \/><img decoding=\"async\" src=\"https:\/\/as-schwabe.de\/wp-content\/uploads\/ikony\/znak_IP54.png\" alt=\"\" width=\"50\" height=\"50\" \/><img decoding=\"async\" src=\"https:\/\/as-schwabe.de\/wp-content\/uploads\/ikony\/znak_DE.png\" alt=\"\" width=\"50\" height=\"40\" \/><\/div>\n<ul>\n<li>Panel 3-gniazdowy IP44 z niebieskimi klapkami na zawiasach z wy\u0142\u0105cznikiem termicznym &#8222;F&#8220;<\/li>\n<\/ul>","protected":false},"featured_media":29159,"template":"","meta":{"inline_featured_image":false},"genre":[509],"product_cat":[510,520],"product_tag":[],"class_list":{"0":"post-14389","1":"product","2":"type-product","3":"status-publish","4":"has-post-thumbnail","6":"product_brand-as-schwabe-pl","7":"product_cat-przedluzacze-bebnowe-pl","8":"product_cat-czesci-zamienne-pl","10":"first","11":"instock","12":"shipping-taxable","13":"product-type-simple"},"aioseo_notices":[],"_links":{"self":[{"href":"https:\/\/as-schwabe.de\/pl\/wp-json\/wp\/v2\/product\/14389","targetHints":{"allow":["GET"]}}],"collection":[{"href":"https:\/\/as-schwabe.de\/pl\/wp-json\/wp\/v2\/product"}],"about":[{"href":"https:\/\/as-schwabe.de\/pl\/wp-json\/wp\/v2\/types\/product"}],"version-history":[{"count":0,"href":"https:\/\/as-schwabe.de\/pl\/wp-json\/wp\/v2\/product\/14389\/revisions"}],"wp:featuredmedia":[{"embeddable":true,"href":"https:\/\/as-schwabe.de\/pl\/wp-json\/wp\/v2\/media\/29159"}],"wp:attachment":[{"href":"https:\/\/as-schwabe.de\/pl\/wp-json\/wp\/v2\/media?parent=14389"}],"wp:term":[{"taxonomy":"product_brand","embeddable":true,"href":"https:\/\/as-schwabe.de\/pl\/wp-json\/wp\/v2\/genre?post=14389"},{"taxonomy":"product_cat","embeddable":true,"href":"https:\/\/as-schwabe.de\/pl\/wp-json\/wp\/v2\/product_cat?post=14389"},{"taxonomy":"product_tag","embeddable":true,"href":"https:\/\/as-schwabe.de\/pl\/wp-json\/wp\/v2\/product_tag?post=14389"}],"curies":[{"name":"wp","href":"https:\/\/api.w.org\/{rel}","templated":true}]}}