{"id":14376,"date":"2025-09-25T16:13:45","date_gmt":"2025-09-25T16:13:45","guid":{"rendered":"https:\/\/as-schwabe.de\/produkt\/pret-uziemiajacy-profil-50x50x3-mm-dlugosc-2-m-10509\/"},"modified":"2025-10-23T00:12:53","modified_gmt":"2025-10-23T00:12:53","slug":"pret-uziemiajacy-profil-50x50x3-mm-dlugosc-2-m-10509","status":"publish","type":"product","link":"https:\/\/as-schwabe.de\/pl\/produkt\/pret-uziemiajacy-profil-50x50x3-mm-dlugosc-2-m-10509\/","title":{"rendered":"Pr\u0119t uziemiaj\u0105cy, stal hartowana, ocynkowana ogniowo, z oczkami, profil 50x50x3 mm, d\u0142ugo\u015b\u0107 2 m | 10509"},"content":{"rendered":"<p>Pr\u0119t uziemiaj\u0105cy wykonany ze stali hartowanej, ocynkowanej ogniowo, to niezawodne rozwi\u0105zanie w systemach uziemiaj\u0105cych. Oferowany produkt o profilu 50x50x3 mm i d\u0142ugo\u015bci 2 m charakteryzuje si\u0119 wysok\u0105 odporno\u015bci\u0105 na korozj\u0119, co zapewnia d\u0142ugotrwa\u0142\u0105 trwa\u0142o\u015b\u0107 oraz niezawodno\u015b\u0107 w trudnych warunkach atmosferycznych. Dzi\u0119ki zastosowanym oczkom, monta\u017c pr\u0119ta jest szybki i \u0142atwy, co znacz\u0105co zwi\u0119ksza efektywno\u015b\u0107 procesu instalacji. Idealnie nadaje si\u0119 do zastosowa\u0144 w budownictwie, przemy\u015ble oraz wsz\u0119dzie tam, gdzie wymagana jest skuteczna ochrona przed przepi\u0119ciami oraz promieniowaniem elektromagnetycznym. Wybieraj\u0105c nasz pr\u0119t uziemiaj\u0105cy, zyskujesz pewno\u015b\u0107, \u017ce Twoje systemy zasilania b\u0119d\u0105 bezpieczne i stabilne.<\/p>","protected":false},"excerpt":{"rendered":"<div class=\"icons\" style=\"display: flex; flex-wrap: wrap; gap: 5px; align-items: center; margin-top: 10px;\"><img decoding=\"async\" src=\"https:\/\/as-schwabe.de\/wp-content\/uploads\/ikony\/znak_CE.png\" alt=\"\" width=\"50\" height=\"50\" \/><img decoding=\"async\" src=\"https:\/\/as-schwabe.de\/wp-content\/uploads\/ikony\/znak_PB.png\" alt=\"\" width=\"50\" height=\"50\" \/><img decoding=\"async\" src=\"https:\/\/as-schwabe.de\/wp-content\/uploads\/ikony\/znak_Z.png\" alt=\"\" width=\"50\" height=\"50\" \/><img loading=\"lazy\" decoding=\"async\" src=\"https:\/\/as-schwabe.de\/wp-content\/uploads\/ikony\/znak_D.png\" alt=\"\" width=\"50\" height=\"50\" \/><img loading=\"lazy\" decoding=\"async\" src=\"https:\/\/as-schwabe.de\/wp-content\/uploads\/ikony\/znak_DE.png\" alt=\"\" width=\"50\" height=\"40\" \/><\/div>\n<ul>\n<li>Pr\u0119t uziemiaj\u0105cy 2m <\/li>\n<li>wykonany z hartowanej stali <\/li>\n<li>z oczkiem w obszarze g\u0142\u00f3wki (1x \u015brednica 13 mm, 2x \u015brednica 11 mm) <\/li>\n<li>profil poprzeczny 50x50x3 mm<\/li>\n<\/ul>","protected":false},"featured_media":29152,"template":"","meta":{"inline_featured_image":false},"genre":[509],"product_cat":[518,519],"product_tag":[],"class_list":{"0":"post-14376","1":"product","2":"type-product","3":"status-publish","4":"has-post-thumbnail","6":"product_brand-as-schwabe-pl","7":"product_cat-asortyment-produktow-cee-400-v-pl","8":"product_cat-budowlane-szafy-rozdzielcze-cee-i-akcesoria-pl","10":"first","11":"instock","12":"shipping-taxable","13":"product-type-simple"},"aioseo_notices":[],"_links":{"self":[{"href":"https:\/\/as-schwabe.de\/pl\/wp-json\/wp\/v2\/product\/14376","targetHints":{"allow":["GET"]}}],"collection":[{"href":"https:\/\/as-schwabe.de\/pl\/wp-json\/wp\/v2\/product"}],"about":[{"href":"https:\/\/as-schwabe.de\/pl\/wp-json\/wp\/v2\/types\/product"}],"version-history":[{"count":0,"href":"https:\/\/as-schwabe.de\/pl\/wp-json\/wp\/v2\/product\/14376\/revisions"}],"wp:featuredmedia":[{"embeddable":true,"href":"https:\/\/as-schwabe.de\/pl\/wp-json\/wp\/v2\/media\/29152"}],"wp:attachment":[{"href":"https:\/\/as-schwabe.de\/pl\/wp-json\/wp\/v2\/media?parent=14376"}],"wp:term":[{"taxonomy":"product_brand","embeddable":true,"href":"https:\/\/as-schwabe.de\/pl\/wp-json\/wp\/v2\/genre?post=14376"},{"taxonomy":"product_cat","embeddable":true,"href":"https:\/\/as-schwabe.de\/pl\/wp-json\/wp\/v2\/product_cat?post=14376"},{"taxonomy":"product_tag","embeddable":true,"href":"https:\/\/as-schwabe.de\/pl\/wp-json\/wp\/v2\/product_tag?post=14376"}],"curies":[{"name":"wp","href":"https:\/\/api.w.org\/{rel}","templated":true}]}}