{"id":14362,"date":"2025-09-25T16:13:32","date_gmt":"2025-09-25T16:13:32","guid":{"rendered":"https:\/\/as-schwabe.de\/produkt\/przedluzacz-bebnowy-metalowy-ip20-h05rr-f-3g15-50-m-10412\/"},"modified":"2025-10-23T00:12:52","modified_gmt":"2025-10-23T00:12:52","slug":"przedluzacz-bebnowy-metalowy-ip20-h05rr-f-3g15-50-m-10412","status":"publish","type":"product","link":"https:\/\/as-schwabe.de\/pl\/produkt\/przedluzacz-bebnowy-metalowy-ip20-h05rr-f-3g15-50-m-10412\/","title":{"rendered":"Przed\u0142u\u017cacz b\u0119bnowy metalowy 50 m H05RR-F 3G1,5 IP20 | 10412"},"content":{"rendered":"<p>Przed\u0142u\u017cacz b\u0119bnowy metalowy o \u015brednicy 285 mm \u0142\u0105czy w sobie solidno\u015b\u0107 wykonania oraz funkcjonalno\u015b\u0107, co czyni go idealnym rozwi\u0105zaniem do u\u017cytku wewn\u0105trz pomieszcze\u0144. Wyposa\u017cony w 50 m kabla H05RR-F 3G1,5 oraz 4 gniazda IP20 z klapk\u0105, pozwala na wygodne pod\u0142\u0105czenie r\u00f3\u017cnych urz\u0105dze\u0144 elektrycznych, zapewniaj\u0105c jednocze\u015bnie ochron\u0119 przed zanieczyszczeniami. Metalowy stela\u017c oraz szpula w kolorze srebrnym gwarantuj\u0105 trwa\u0142o\u015b\u0107, a zastosowanie uchwytu z tworzywa i hamulca sprawia, \u017ce spooling kabla jest szybkie i ergonomiczne. Dzi\u0119ki maksymalnej mocy 3500 W oraz termikowi zabezpieczaj\u0105cemu, urz\u0105dzenie jest bezpieczne w u\u017cytkowaniu, a jego klasyfikacja IP20 wskazuje na przeznaczenie do pracy w suchych pomieszczeniach. Przed\u0142u\u017cacz to doskona\u0142e rozwi\u0105zanie dla profesjonalist\u00f3w poszukuj\u0105cych niezawodno\u015bci w codziennej pracy.<\/p>","protected":false},"excerpt":{"rendered":"<div class=\"icons\" style=\"display: flex; flex-wrap: wrap; gap: 5px; align-items: center; margin-top: 10px;\"><img decoding=\"async\" src=\"https:\/\/as-schwabe.de\/wp-content\/uploads\/ikony\/znak_SCH.png\" alt=\"\" width=\"45\" height=\"50\" \/><img decoding=\"async\" src=\"https:\/\/as-schwabe.de\/wp-content\/uploads\/ikony\/znak_CE.png\" alt=\"\" width=\"50\" height=\"50\" \/><img decoding=\"async\" src=\"https:\/\/as-schwabe.de\/wp-content\/uploads\/ikony\/znak_IP20.png\" alt=\"\" width=\"50\" height=\"50\" \/><img loading=\"lazy\" decoding=\"async\" src=\"https:\/\/as-schwabe.de\/wp-content\/uploads\/ikony\/znak_D.png\" alt=\"\" width=\"50\" height=\"50\" \/><img loading=\"lazy\" decoding=\"async\" src=\"https:\/\/as-schwabe.de\/wp-content\/uploads\/ikony\/znak_DE.png\" alt=\"\" width=\"50\" height=\"40\" \/><\/div>\n<ul>\n<li>z wytrzyma\u0142\u0105, poch\u0142aniaj\u0105c\u0105 wstrz\u0105sy i ocynkowan\u0105 pojedyncz\u0105 ram\u0105 podstawy z hamulcem postojowym <\/li>\n<li>z wbudowanym wy\u0142\u0105cznikiem termicznym <\/li>\n<li>IP20: do u\u017cytku wewn\u0105trz pomieszcze\u0144 <\/li>\n<li>korpus b\u0119bna wykonany z blachy stalowej cynkowanej ogniowo <\/li>\n<li>z wtyczk\u0105 z uziemieniem <\/li>\n<li>230 V, 16 A, maks. 3500 W<\/li>\n<\/ul>","protected":false},"featured_media":29136,"template":"","meta":{"inline_featured_image":false},"genre":[509],"product_cat":[510,512],"product_tag":[],"class_list":{"0":"post-14362","1":"product","2":"type-product","3":"status-publish","4":"has-post-thumbnail","6":"product_brand-as-schwabe-pl","7":"product_cat-przedluzacze-bebnowe-pl","8":"product_cat-przedluzacze-bebnowe-do-uzytku-wewnetrznego-pl","10":"first","11":"instock","12":"shipping-taxable","13":"product-type-simple"},"aioseo_notices":[],"_links":{"self":[{"href":"https:\/\/as-schwabe.de\/pl\/wp-json\/wp\/v2\/product\/14362","targetHints":{"allow":["GET"]}}],"collection":[{"href":"https:\/\/as-schwabe.de\/pl\/wp-json\/wp\/v2\/product"}],"about":[{"href":"https:\/\/as-schwabe.de\/pl\/wp-json\/wp\/v2\/types\/product"}],"version-history":[{"count":0,"href":"https:\/\/as-schwabe.de\/pl\/wp-json\/wp\/v2\/product\/14362\/revisions"}],"wp:featuredmedia":[{"embeddable":true,"href":"https:\/\/as-schwabe.de\/pl\/wp-json\/wp\/v2\/media\/29136"}],"wp:attachment":[{"href":"https:\/\/as-schwabe.de\/pl\/wp-json\/wp\/v2\/media?parent=14362"}],"wp:term":[{"taxonomy":"product_brand","embeddable":true,"href":"https:\/\/as-schwabe.de\/pl\/wp-json\/wp\/v2\/genre?post=14362"},{"taxonomy":"product_cat","embeddable":true,"href":"https:\/\/as-schwabe.de\/pl\/wp-json\/wp\/v2\/product_cat?post=14362"},{"taxonomy":"product_tag","embeddable":true,"href":"https:\/\/as-schwabe.de\/pl\/wp-json\/wp\/v2\/product_tag?post=14362"}],"curies":[{"name":"wp","href":"https:\/\/api.w.org\/{rel}","templated":true}]}}