{"id":14355,"date":"2025-09-25T16:13:26","date_gmt":"2025-09-25T16:13:26","guid":{"rendered":"https:\/\/as-schwabe.de\/produkt\/przedluzacz-bebnowy-metalowy-ip20-h05rr-f-3g15-25-m-10411\/"},"modified":"2025-10-23T00:12:51","modified_gmt":"2025-10-23T00:12:51","slug":"przedluzacz-bebnowy-metalowy-ip20-h05rr-f-3g15-25-m-10411","status":"publish","type":"product","link":"https:\/\/as-schwabe.de\/pl\/produkt\/przedluzacz-bebnowy-metalowy-ip20-h05rr-f-3g15-25-m-10411\/","title":{"rendered":"Przed\u0142u\u017cacz b\u0119bnowy metalowy 25 m H05RR-F 3G1,5 IP20 | 10411"},"content":{"rendered":"<p>Przed\u0142u\u017cacz b\u0119bnowy metalowy o \u015brednicy 285 mm to idealne rozwi\u0105zanie dla u\u017cytkownik\u00f3w poszukuj\u0105cych niezawodno\u015bci i wygody w codziennym u\u017cytkowaniu. Wyposa\u017cony w 25 metr\u00f3w kabla H05RR-F 3G1,5, umo\u017cliwia \u0142atwe pod\u0142\u0105czenie do \u017ar\u00f3d\u0142a zasilania z napi\u0119ciem 230 V i maksymalnym obci\u0105\u017ceniem 16 A, co czyni go odpowiednim do zasilania r\u00f3\u017cnych urz\u0105dze\u0144 elektrycznych wewn\u0105trz pomieszcze\u0144. Cztery gniazda IP20 z niebieskimi klapkami zapewniaj\u0105 dodatkowe bezpiecze\u0144stwo dzi\u0119ki uziemieniu, a konstrukcja z metalowego stela\u017ca i prowadnicy do kabla gwarantuje trwa\u0142o\u015b\u0107 i stabilno\u015b\u0107. Funkcja hamulca oraz termik zabezpieczaj\u0105 przed przypadkowym rozwini\u0119ciem kabla oraz przeci\u0105\u017ceniem, co zwi\u0119ksza komfort i bezpiecze\u0144stwo u\u017cytkowania. Dzi\u0119ki eleganckiemu wyko\u0144czeniu w kolorze srebrnym oraz panelowi w kolorze czarnym, przed\u0142u\u017cacz wkomponuje si\u0119 w ka\u017cde wn\u0119trze.<\/p>","protected":false},"excerpt":{"rendered":"<div class=\"icons\" style=\"display: flex; flex-wrap: wrap; gap: 5px; align-items: center; margin-top: 10px;\"><img decoding=\"async\" src=\"https:\/\/as-schwabe.de\/wp-content\/uploads\/ikony\/znak_SCH.png\" alt=\"\" width=\"45\" height=\"50\" \/><img decoding=\"async\" src=\"https:\/\/as-schwabe.de\/wp-content\/uploads\/ikony\/znak_CE.png\" alt=\"\" width=\"50\" height=\"50\" \/><img decoding=\"async\" src=\"https:\/\/as-schwabe.de\/wp-content\/uploads\/ikony\/znak_IP20.png\" alt=\"\" width=\"50\" height=\"50\" \/><img loading=\"lazy\" decoding=\"async\" src=\"https:\/\/as-schwabe.de\/wp-content\/uploads\/ikony\/znak_D.png\" alt=\"\" width=\"50\" height=\"50\" \/><img loading=\"lazy\" decoding=\"async\" src=\"https:\/\/as-schwabe.de\/wp-content\/uploads\/ikony\/znak_DE.png\" alt=\"\" width=\"50\" height=\"40\" \/><\/div>\n<ul>\n<li>z wytrzyma\u0142\u0105, poch\u0142aniaj\u0105c\u0105 wstrz\u0105sy i ocynkowan\u0105 pojedyncz\u0105 ram\u0105 podstawy z hamulcem postojowym <\/li>\n<li>z wbudowanym wy\u0142\u0105cznikiem termicznym <\/li>\n<li>IP20: do u\u017cytku wewn\u0105trz pomieszcze\u0144 <\/li>\n<li>korpus b\u0119bna wykonany z blachy stalowej cynkowanej ogniowo <\/li>\n<li>z wtyczk\u0105 z uziemieniem <\/li>\n<li>230 V, 16 A, maks. 3500 W<\/li>\n<\/ul>","protected":false},"featured_media":29132,"template":"","meta":{"inline_featured_image":false},"genre":[509],"product_cat":[510,512],"product_tag":[],"class_list":{"0":"post-14355","1":"product","2":"type-product","3":"status-publish","4":"has-post-thumbnail","6":"product_brand-as-schwabe-pl","7":"product_cat-przedluzacze-bebnowe-pl","8":"product_cat-przedluzacze-bebnowe-do-uzytku-wewnetrznego-pl","10":"first","11":"instock","12":"shipping-taxable","13":"product-type-simple"},"aioseo_notices":[],"_links":{"self":[{"href":"https:\/\/as-schwabe.de\/pl\/wp-json\/wp\/v2\/product\/14355","targetHints":{"allow":["GET"]}}],"collection":[{"href":"https:\/\/as-schwabe.de\/pl\/wp-json\/wp\/v2\/product"}],"about":[{"href":"https:\/\/as-schwabe.de\/pl\/wp-json\/wp\/v2\/types\/product"}],"version-history":[{"count":0,"href":"https:\/\/as-schwabe.de\/pl\/wp-json\/wp\/v2\/product\/14355\/revisions"}],"wp:featuredmedia":[{"embeddable":true,"href":"https:\/\/as-schwabe.de\/pl\/wp-json\/wp\/v2\/media\/29132"}],"wp:attachment":[{"href":"https:\/\/as-schwabe.de\/pl\/wp-json\/wp\/v2\/media?parent=14355"}],"wp:term":[{"taxonomy":"product_brand","embeddable":true,"href":"https:\/\/as-schwabe.de\/pl\/wp-json\/wp\/v2\/genre?post=14355"},{"taxonomy":"product_cat","embeddable":true,"href":"https:\/\/as-schwabe.de\/pl\/wp-json\/wp\/v2\/product_cat?post=14355"},{"taxonomy":"product_tag","embeddable":true,"href":"https:\/\/as-schwabe.de\/pl\/wp-json\/wp\/v2\/product_tag?post=14355"}],"curies":[{"name":"wp","href":"https:\/\/api.w.org\/{rel}","templated":true}]}}