{"id":14345,"date":"2025-09-25T16:13:18","date_gmt":"2025-09-25T16:13:18","guid":{"rendered":"https:\/\/as-schwabe.de\/produkt\/przedluzacz-bebnowy-metalowy-n07v3v3-f-3g25-33-m-10347\/"},"modified":"2025-10-23T00:12:51","modified_gmt":"2025-10-23T00:12:51","slug":"przedluzacz-bebnowy-metalowy-n07v3v3-f-3g25-33-m-10347","status":"publish","type":"product","link":"https:\/\/as-schwabe.de\/pl\/produkt\/przedluzacz-bebnowy-metalowy-n07v3v3-f-3g25-33-m-10347\/","title":{"rendered":"Przed\u0142u\u017cacz b\u0119bnowy metalowy 33 m AT-N07V3V3-F 3G2,5 IP44 | 10347"},"content":{"rendered":"<p>Przed\u0142u\u017cacz b\u0119bnowy metalowy o \u015brednicy 285 mm to niezawodne rozwi\u0105zanie do zasilania narz\u0119dzi i urz\u0105dze\u0144 w warunkach zewn\u0119trznych. Wyposa\u017cony w wysokiej jako\u015bci kabel o d\u0142ugo\u015bci 33 m oraz gniazdo IP44, zapewnia bezpieczne u\u017cytkowanie w trudnych warunkach atmosferycznych. Dzi\u0119ki metalowej szpuli w kolorze srebrnym i solidnemu stela\u017cowi, przed\u0142u\u017cacz jest odporny na uszkodzenia mechaniczne i korozj\u0119. Umo\u017cliwia pod\u0142\u0105czenie trzech urz\u0105dze\u0144 jednocze\u015bnie dzi\u0119ki wyj\u015bciu z gniazdem o parametrach 230 V, 16 A, 2P+Z z uziemieniem. Dodatkowe funkcje, takie jak hamulec czy wbudowany termik, zapewniaj\u0105 komfort i bezpiecze\u0144stwo u\u017cytkowania. To idealne rozwi\u0105zanie dla profesjonalist\u00f3w oraz do zastosowa\u0144 domowych w ogrodzie czy na budowie.<\/p>","protected":false},"excerpt":{"rendered":"<div class=\"icons\" style=\"display: flex; flex-wrap: wrap; gap: 5px; align-items: center; margin-top: 10px;\"><img decoding=\"async\" src=\"https:\/\/as-schwabe.de\/wp-content\/uploads\/ikony\/znak_SCH.png\" alt=\"\" width=\"45\" height=\"50\" \/><img decoding=\"async\" src=\"https:\/\/as-schwabe.de\/wp-content\/uploads\/ikony\/znak_CE.png\" alt=\"\" width=\"50\" height=\"50\" \/><img decoding=\"async\" src=\"https:\/\/as-schwabe.de\/wp-content\/uploads\/ikony\/znak_IP44.png\" alt=\"\" width=\"50\" height=\"50\" \/><img loading=\"lazy\" decoding=\"async\" src=\"https:\/\/as-schwabe.de\/wp-content\/uploads\/ikony\/znak_Z.png\" alt=\"\" width=\"50\" height=\"50\" \/><img loading=\"lazy\" decoding=\"async\" src=\"https:\/\/as-schwabe.de\/wp-content\/uploads\/ikony\/znak_D.png\" alt=\"\" width=\"50\" height=\"50\" \/><img loading=\"lazy\" decoding=\"async\" src=\"https:\/\/as-schwabe.de\/wp-content\/uploads\/ikony\/znak_DE.png\" alt=\"\" width=\"50\" height=\"40\" \/><\/div>\n<ul>\n<li>IP44: chroniony przed cia\u0142ami obcymi i bryzgami wody <\/li>\n<li>korpus b\u0119bna wykonany z blachy stalowej cynkowanej ogniowo <\/li>\n<li>z wytrzyma\u0142\u0105, poch\u0142aniaj\u0105c\u0105 wstrz\u0105sy i ocynkowan\u0105 pojedyncz\u0105 ram\u0105 podstawy z hamulcem postojowym <\/li>\n<li>rama z ergonomicznie ukszta\u0142towanym uchwytem i opatentowanym prowadzeniem kabli <\/li>\n<li>z wbudowanym wy\u0142\u0105cznikiem termicznym <\/li>\n<li>z wtyczk\u0105 z uziemieniem <\/li>\n<li>230 V, 16 A, maks. 3500 W<\/li>\n<\/ul>","protected":false},"featured_media":29126,"template":"","meta":{"inline_featured_image":false},"genre":[509],"product_cat":[510,511],"product_tag":[],"class_list":{"0":"post-14345","1":"product","2":"type-product","3":"status-publish","4":"has-post-thumbnail","6":"product_brand-as-schwabe-pl","7":"product_cat-przedluzacze-bebnowe-pl","8":"product_cat-przedluzacze-bebnowe-do-uzytku-na-zewnatrz-pl","10":"first","11":"instock","12":"shipping-taxable","13":"product-type-simple"},"aioseo_notices":[],"_links":{"self":[{"href":"https:\/\/as-schwabe.de\/pl\/wp-json\/wp\/v2\/product\/14345","targetHints":{"allow":["GET"]}}],"collection":[{"href":"https:\/\/as-schwabe.de\/pl\/wp-json\/wp\/v2\/product"}],"about":[{"href":"https:\/\/as-schwabe.de\/pl\/wp-json\/wp\/v2\/types\/product"}],"version-history":[{"count":0,"href":"https:\/\/as-schwabe.de\/pl\/wp-json\/wp\/v2\/product\/14345\/revisions"}],"wp:featuredmedia":[{"embeddable":true,"href":"https:\/\/as-schwabe.de\/pl\/wp-json\/wp\/v2\/media\/29126"}],"wp:attachment":[{"href":"https:\/\/as-schwabe.de\/pl\/wp-json\/wp\/v2\/media?parent=14345"}],"wp:term":[{"taxonomy":"product_brand","embeddable":true,"href":"https:\/\/as-schwabe.de\/pl\/wp-json\/wp\/v2\/genre?post=14345"},{"taxonomy":"product_cat","embeddable":true,"href":"https:\/\/as-schwabe.de\/pl\/wp-json\/wp\/v2\/product_cat?post=14345"},{"taxonomy":"product_tag","embeddable":true,"href":"https:\/\/as-schwabe.de\/pl\/wp-json\/wp\/v2\/product_tag?post=14345"}],"curies":[{"name":"wp","href":"https:\/\/api.w.org\/{rel}","templated":true}]}}