{"id":14307,"date":"2025-09-25T16:12:43","date_gmt":"2025-09-25T16:12:43","guid":{"rendered":"https:\/\/as-schwabe.de\/produkt\/przedluzacz-bebnowy-metalowy-h05vv-f-3g15-50-m-10319\/"},"modified":"2025-10-23T00:12:48","modified_gmt":"2025-10-23T00:12:48","slug":"przedluzacz-bebnowy-metalowy-h05vv-f-3g15-50-m-10319","status":"publish","type":"product","link":"https:\/\/as-schwabe.de\/pl\/produkt\/przedluzacz-bebnowy-metalowy-h05vv-f-3g15-50-m-10319\/","title":{"rendered":"Przed\u0142u\u017cacz b\u0119bnowy metalowy 50 m H05VV-F 3G1,5 IP20 | 10319"},"content":{"rendered":"<p>Przed\u0142u\u017cacz b\u0119bnowy metalowy o \u015brednicy 285 mm to idealne rozwi\u0105zanie dla profesjonalnych u\u017cytkownik\u00f3w poszukuj\u0105cych niezawodnego zasilania w pomieszczeniach. Wyposa\u017cony w 50-metrowy kabel H05VV-F 3G1,5 oraz metalowy stela\u017c, zapewnia wysok\u0105 trwa\u0142o\u015b\u0107 i stabilno\u015b\u0107. Dzi\u0119ki czterem gniazdom IP20 z uziemieniem, ka\u017cde o pr\u0105dzie maksymalnym 16 A, u\u017cytkownik zyskuje mo\u017cliwo\u015b\u0107 pod\u0142\u0105czenia r\u00f3\u017cnych urz\u0105dze\u0144 elektrycznych jednocze\u015bnie. Dodatkowe funkcje, takie jak regulowany hamulec oraz prowadnica kabla, chroni\u0105 przed pl\u0105taniem i u\u0142atwiaj\u0105 u\u017cytkowanie. Przed\u0142u\u017cacz jest zaprojektowany do pracy w warunkach wewn\u0119trznych, co czyni go wszechstronnym narz\u0119dziem dla ka\u017cdej przestrzeni roboczej. <\/p>\n<p>Wysoka jako\u015b\u0107 materia\u0142\u00f3w, takie jak metalowa szpula w kolorze srebrnym i ergonomiczny uchwyt z tworzywa, gwarantuj\u0105 wygod\u0119 oraz bezpiecze\u0144stwo u\u017cytkowania.<\/p>","protected":false},"excerpt":{"rendered":"<div class=\"icons\" style=\"display: flex; flex-wrap: wrap; gap: 5px; align-items: center; margin-top: 10px;\"><img decoding=\"async\" src=\"https:\/\/as-schwabe.de\/wp-content\/uploads\/ikony\/znak_SCH.png\" alt=\"\" width=\"45\" height=\"50\" \/><img decoding=\"async\" src=\"https:\/\/as-schwabe.de\/wp-content\/uploads\/ikony\/znak_CE.png\" alt=\"\" width=\"50\" height=\"50\" \/><img decoding=\"async\" src=\"https:\/\/as-schwabe.de\/wp-content\/uploads\/ikony\/znak_IP20.png\" alt=\"\" width=\"50\" height=\"50\" \/><img loading=\"lazy\" decoding=\"async\" src=\"https:\/\/as-schwabe.de\/wp-content\/uploads\/ikony\/znak_D.png\" alt=\"\" width=\"50\" height=\"50\" \/><img loading=\"lazy\" decoding=\"async\" src=\"https:\/\/as-schwabe.de\/wp-content\/uploads\/ikony\/znak_DE.png\" alt=\"\" width=\"50\" height=\"40\" \/><\/div>\n<ul>\n<li>z wytrzyma\u0142\u0105, poch\u0142aniaj\u0105c\u0105 wstrz\u0105sy i ocynkowan\u0105 pojedyncz\u0105 ram\u0105 podstawy z hamulcem postojowym <\/li>\n<li>z wbudowanym wy\u0142\u0105cznikiem termicznym <\/li>\n<li>IP20: do u\u017cytku wewn\u0105trz pomieszcze\u0144 <\/li>\n<li>korpus b\u0119bna wykonany z blachy stalowej cynkowanej ogniowo <\/li>\n<li>z wtyczk\u0105 z uziemieniem <\/li>\n<li>230 V, 16 A, maks. 3500 W<\/li>\n<\/ul>","protected":false},"featured_media":29014,"template":"","meta":{"inline_featured_image":false},"genre":[509],"product_cat":[510,512],"product_tag":[],"class_list":{"0":"post-14307","1":"product","2":"type-product","3":"status-publish","4":"has-post-thumbnail","6":"product_brand-as-schwabe-pl","7":"product_cat-przedluzacze-bebnowe-pl","8":"product_cat-przedluzacze-bebnowe-do-uzytku-wewnetrznego-pl","10":"first","11":"instock","12":"shipping-taxable","13":"product-type-simple"},"aioseo_notices":[],"_links":{"self":[{"href":"https:\/\/as-schwabe.de\/pl\/wp-json\/wp\/v2\/product\/14307","targetHints":{"allow":["GET"]}}],"collection":[{"href":"https:\/\/as-schwabe.de\/pl\/wp-json\/wp\/v2\/product"}],"about":[{"href":"https:\/\/as-schwabe.de\/pl\/wp-json\/wp\/v2\/types\/product"}],"version-history":[{"count":0,"href":"https:\/\/as-schwabe.de\/pl\/wp-json\/wp\/v2\/product\/14307\/revisions"}],"wp:featuredmedia":[{"embeddable":true,"href":"https:\/\/as-schwabe.de\/pl\/wp-json\/wp\/v2\/media\/29014"}],"wp:attachment":[{"href":"https:\/\/as-schwabe.de\/pl\/wp-json\/wp\/v2\/media?parent=14307"}],"wp:term":[{"taxonomy":"product_brand","embeddable":true,"href":"https:\/\/as-schwabe.de\/pl\/wp-json\/wp\/v2\/genre?post=14307"},{"taxonomy":"product_cat","embeddable":true,"href":"https:\/\/as-schwabe.de\/pl\/wp-json\/wp\/v2\/product_cat?post=14307"},{"taxonomy":"product_tag","embeddable":true,"href":"https:\/\/as-schwabe.de\/pl\/wp-json\/wp\/v2\/product_tag?post=14307"}],"curies":[{"name":"wp","href":"https:\/\/api.w.org\/{rel}","templated":true}]}}