{"id":14301,"date":"2025-09-25T16:12:38","date_gmt":"2025-09-25T16:12:38","guid":{"rendered":"https:\/\/as-schwabe.de\/produkt\/przedluzacz-bebnowy-metalowy-h05rr-f-3g15-25-m-10317\/"},"modified":"2025-10-23T00:12:48","modified_gmt":"2025-10-23T00:12:48","slug":"przedluzacz-bebnowy-metalowy-h05rr-f-3g15-25-m-10317","status":"publish","type":"product","link":"https:\/\/as-schwabe.de\/pl\/produkt\/przedluzacz-bebnowy-metalowy-h05rr-f-3g15-25-m-10317\/","title":{"rendered":"Przed\u0142u\u017cacz b\u0119bnowy metalowy 25 m H05RR-F 3G1,5 IP44 | 10317"},"content":{"rendered":"<p>Przed\u0142u\u017cacz b\u0119bnowy metalowy o \u015brednicy 285 mm jest idealnym rozwi\u0105zaniem do u\u017cytku na zewn\u0105trz, zapewniaj\u0105c wygod\u0119 i bezpiecze\u0144stwo w r\u00f3\u017cnorodnych warunkach. Wyposa\u017cony w wysokiej jako\u015bci przew\u00f3d H05RR-F 3G1,5 o d\u0142ugo\u015bci 25 m oraz gniazda IP44 z klapk\u0105, umo\u017cliwia pod\u0142\u0105czenie urz\u0105dze\u0144 o mocy do 3500 W przy napi\u0119ciu 230 V i nat\u0119\u017ceniu 16 A. Solidna metalowa konstrukcja z uchwytem z tworzywa oraz hamulcem gwarantuje stabilno\u015b\u0107 i \u0142atwo\u015b\u0107 w u\u017cytkowaniu, a metalowa szpula w kolorze srebrnym estetycznie komponuje si\u0119 w ka\u017cdym otoczeniu. Dzi\u0119ki termikowi oraz podw\u00f3jnemu uziemieniu, produkt zapewnia wysoki poziom bezpiecze\u0144stwa, idealny do zastosowa\u0144 w ogrodach, na budowach czy podczas r\u00f3\u017cnych wydarze\u0144 plenerowych.<\/p>","protected":false},"excerpt":{"rendered":"<div class=\"icons\" style=\"display: flex; flex-wrap: wrap; gap: 5px; align-items: center; margin-top: 10px;\"><img decoding=\"async\" src=\"https:\/\/as-schwabe.de\/wp-content\/uploads\/ikony\/znak_SCH.png\" alt=\"\" width=\"45\" height=\"50\" \/><img decoding=\"async\" src=\"https:\/\/as-schwabe.de\/wp-content\/uploads\/ikony\/znak_CE.png\" alt=\"\" width=\"50\" height=\"50\" \/><img decoding=\"async\" src=\"https:\/\/as-schwabe.de\/wp-content\/uploads\/ikony\/znak_IP44.png\" alt=\"\" width=\"50\" height=\"50\" \/><img loading=\"lazy\" decoding=\"async\" src=\"https:\/\/as-schwabe.de\/wp-content\/uploads\/ikony\/znak_Z.png\" alt=\"\" width=\"50\" height=\"50\" \/><img loading=\"lazy\" decoding=\"async\" src=\"https:\/\/as-schwabe.de\/wp-content\/uploads\/ikony\/znak_D.png\" alt=\"\" width=\"50\" height=\"50\" \/><img loading=\"lazy\" decoding=\"async\" src=\"https:\/\/as-schwabe.de\/wp-content\/uploads\/ikony\/znak_DE.png\" alt=\"\" width=\"50\" height=\"40\" \/><\/div>\n<ul>\n<li>IP44: chroniony przed cia\u0142ami obcymi i bryzgami wody <\/li>\n<li>korpus b\u0119bna wykonany z blachy stalowej cynkowanej ogniowo <\/li>\n<li>z wytrzyma\u0142\u0105, poch\u0142aniaj\u0105c\u0105 wstrz\u0105sy i ocynkowan\u0105 pojedyncz\u0105 ram\u0105 podstawy z hamulcem postojowym <\/li>\n<li>rama z ergonomicznie ukszta\u0142towanym uchwytem i opatentowanym prowadzeniem kabli <\/li>\n<li>z wbudowanym wy\u0142\u0105cznikiem termicznym <\/li>\n<li>z wtyczk\u0105 z uziemieniem <\/li>\n<li>230 V, 16 A, maks. 3500 W<\/li>\n<\/ul>","protected":false},"featured_media":29009,"template":"","meta":{"inline_featured_image":false},"genre":[509],"product_cat":[510,511],"product_tag":[],"class_list":{"0":"post-14301","1":"product","2":"type-product","3":"status-publish","4":"has-post-thumbnail","6":"product_brand-as-schwabe-pl","7":"product_cat-przedluzacze-bebnowe-pl","8":"product_cat-przedluzacze-bebnowe-do-uzytku-na-zewnatrz-pl","10":"first","11":"instock","12":"shipping-taxable","13":"product-type-simple"},"aioseo_notices":[],"_links":{"self":[{"href":"https:\/\/as-schwabe.de\/pl\/wp-json\/wp\/v2\/product\/14301","targetHints":{"allow":["GET"]}}],"collection":[{"href":"https:\/\/as-schwabe.de\/pl\/wp-json\/wp\/v2\/product"}],"about":[{"href":"https:\/\/as-schwabe.de\/pl\/wp-json\/wp\/v2\/types\/product"}],"version-history":[{"count":0,"href":"https:\/\/as-schwabe.de\/pl\/wp-json\/wp\/v2\/product\/14301\/revisions"}],"wp:featuredmedia":[{"embeddable":true,"href":"https:\/\/as-schwabe.de\/pl\/wp-json\/wp\/v2\/media\/29009"}],"wp:attachment":[{"href":"https:\/\/as-schwabe.de\/pl\/wp-json\/wp\/v2\/media?parent=14301"}],"wp:term":[{"taxonomy":"product_brand","embeddable":true,"href":"https:\/\/as-schwabe.de\/pl\/wp-json\/wp\/v2\/genre?post=14301"},{"taxonomy":"product_cat","embeddable":true,"href":"https:\/\/as-schwabe.de\/pl\/wp-json\/wp\/v2\/product_cat?post=14301"},{"taxonomy":"product_tag","embeddable":true,"href":"https:\/\/as-schwabe.de\/pl\/wp-json\/wp\/v2\/product_tag?post=14301"}],"curies":[{"name":"wp","href":"https:\/\/api.w.org\/{rel}","templated":true}]}}