{"id":14289,"date":"2025-09-25T16:12:26","date_gmt":"2025-09-25T16:12:26","guid":{"rendered":"https:\/\/as-schwabe.de\/produkt\/pusty-beben-ironcoat-ip44-3xgn-285mm-10315\/"},"modified":"2025-10-23T00:12:46","modified_gmt":"2025-10-23T00:12:46","slug":"pusty-beben-ironcoat-ip44-3xgn-285mm-10315","status":"publish","type":"product","link":"https:\/\/as-schwabe.de\/pl\/produkt\/pusty-beben-ironcoat-ip44-3xgn-285mm-10315\/","title":{"rendered":"Pusty b\u0119ben wzmacniany &#8222;IronCoat&#8220; 285 mm IP44 | 10315"},"content":{"rendered":"<p>Pusty b\u0119ben wzmacniany &#8222;IronCoat&#8220; o \u015brednicy 285 mm to niezawodne rozwi\u0105zanie do zasilania urz\u0105dze\u0144 elektrycznych w warunkach zewn\u0119trznych. Dzi\u0119ki metalowemu stela\u017cowi oraz plastikowej prowadnicy do kabla, produkt gwarantuje trwa\u0142o\u015b\u0107 i stabilno\u015b\u0107 podczas u\u017cytkowania. Wyposa\u017cony w 3 gniazda IP44 z klapk\u0105, umo\u017cliwia bezpieczne po\u0142\u0105czenie zasilania 230 V i 16 A, co czyni go idealnym wyborem dla prac w ogrodzie, na budowie czy w miejscu imprez. Dodatkowe funkcje, takie jak hamulec i termik, zapewniaj\u0105 komfort i bezpiecze\u0144stwo u\u017cytkowania. B\u0119ben wzmocniony metalem oferuje maksymaln\u0105 moc 3500 W, co sprawia, \u017ce sprawdzi si\u0119 w nawet najbardziej wymagaj\u0105cych sytuacjach.<\/p>\n<h3>Wzmacniane b\u0119bny kablowe <span style=\"color: #0000ff;\">Xperts<\/span><\/h3>\n<h4>Co czyni je tak wyj\u0105tkowymi?<\/h4>\n<p>Metalowe b\u0119bny kablowe IronCoat \u0142\u0105cz\u0105 w sobie zalety klasycznego b\u0119bna kablowego z blachy stalowej z ulepszon\u0105 ochron\u0105 przed niebezpiecznymi napi\u0119ciami kontaktowymi. Specjalna, opatentowana izolacja ochronna cz\u0119\u015bci bocznych szpuli chroni przed pora\u017ceniem pr\u0105dem spowodowanym uszkodzonymi \u017cy\u0142ami kabla podczas jego zwijania. Oznacza to, \u017ce pr\u0105d nie mo\u017ce zosta\u0107 dostarczony od wewn\u0119trznych do zewn\u0119trznych cz\u0119\u015bci b\u0119bna kablowego, kt\u00f3re mo\u017cna dotkn\u0105\u0107 na du\u017cej powierzchni, co zapewnia ochron\u0119 przed powa\u017cnym uszczerbkiem na zdrowiu.<\/p>\n<p class=\"highlight\">Metalowe b\u0119bny kablowe IronCoat zosta\u0142y przetestowane przez DGUV (ubezpieczenie wypadkowe) i spe\u0142niaj\u0105 wymagania GS-ET 35 \/ BGI 608. To oznacza, \u017ce idealnie nadaj\u0105 si\u0119 do u\u017cytku profesjonalnego na budowach i monta\u017cach.<\/p>\n<div class=\"diagram\"><img fetchpriority=\"high\" decoding=\"async\" class=\"alignnone wp-image-35121 size-thumbnail\" src=\"https:\/\/as-schwabe.de\/wp-content\/uploads\/2025\/09\/ironcoat_schemat-1003x1024.webp\" alt=\"\" width=\"1000\" height=\"1000\" \/><\/div>","protected":false},"excerpt":{"rendered":"<div class=\"icons\" style=\"display: flex; flex-wrap: wrap; gap: 5px; align-items: center; margin-top: 10px;\"><img decoding=\"async\" src=\"https:\/\/as-schwabe.de\/wp-content\/uploads\/ikony\/znak_SCH.png\" alt=\"\" width=\"45\" height=\"50\" \/><img decoding=\"async\" src=\"https:\/\/as-schwabe.de\/wp-content\/uploads\/ikony\/znak_CE.png\" alt=\"\" width=\"50\" height=\"50\" \/><img loading=\"lazy\" decoding=\"async\" src=\"https:\/\/as-schwabe.de\/wp-content\/uploads\/ikony\/znak_IP44.png\" alt=\"\" width=\"50\" height=\"50\" \/><img loading=\"lazy\" decoding=\"async\" src=\"https:\/\/as-schwabe.de\/wp-content\/uploads\/ikony\/znak_DE.png\" alt=\"\" width=\"50\" height=\"40\" \/><img loading=\"lazy\" decoding=\"async\" src=\"https:\/\/as-schwabe.de\/wp-content\/uploads\/ikony\/znak_IC.png\" alt=\"\" width=\"40\" height=\"50\" \/><\/div>\n<ul>\n<li>Pusty b\u0119ben metalowy IronCoat <\/li>\n<li> 3x gniazdo z uziemieniem<\/li>\n<li> izolacja IronCoat<\/li>\n<li> wy\u0142\u0105cznik termiczny<\/li>\n<li> szpula 285mm do ok. 50 m kabla<\/li>\n<li> IP44: chroniony przed cia\u0142ami obcymi i bryzgami wody<\/li>\n<\/ul>","protected":false},"featured_media":28999,"template":"","meta":{"inline_featured_image":false},"genre":[509],"product_cat":[510,513],"product_tag":[],"class_list":{"0":"post-14289","1":"product","2":"type-product","3":"status-publish","4":"has-post-thumbnail","6":"product_brand-as-schwabe-pl","7":"product_cat-przedluzacze-bebnowe-pl","8":"product_cat-puste-bebny-2-pl","10":"first","11":"instock","12":"shipping-taxable","13":"product-type-simple"},"aioseo_notices":[],"_links":{"self":[{"href":"https:\/\/as-schwabe.de\/pl\/wp-json\/wp\/v2\/product\/14289","targetHints":{"allow":["GET"]}}],"collection":[{"href":"https:\/\/as-schwabe.de\/pl\/wp-json\/wp\/v2\/product"}],"about":[{"href":"https:\/\/as-schwabe.de\/pl\/wp-json\/wp\/v2\/types\/product"}],"version-history":[{"count":0,"href":"https:\/\/as-schwabe.de\/pl\/wp-json\/wp\/v2\/product\/14289\/revisions"}],"wp:featuredmedia":[{"embeddable":true,"href":"https:\/\/as-schwabe.de\/pl\/wp-json\/wp\/v2\/media\/28999"}],"wp:attachment":[{"href":"https:\/\/as-schwabe.de\/pl\/wp-json\/wp\/v2\/media?parent=14289"}],"wp:term":[{"taxonomy":"product_brand","embeddable":true,"href":"https:\/\/as-schwabe.de\/pl\/wp-json\/wp\/v2\/genre?post=14289"},{"taxonomy":"product_cat","embeddable":true,"href":"https:\/\/as-schwabe.de\/pl\/wp-json\/wp\/v2\/product_cat?post=14289"},{"taxonomy":"product_tag","embeddable":true,"href":"https:\/\/as-schwabe.de\/pl\/wp-json\/wp\/v2\/product_tag?post=14289"}],"curies":[{"name":"wp","href":"https:\/\/api.w.org\/{rel}","templated":true}]}}