{"id":14275,"date":"2025-09-25T16:12:15","date_gmt":"2025-09-25T16:12:15","guid":{"rendered":"https:\/\/as-schwabe.de\/produkt\/przedluzacz-bebnowy-ironcoat-h07rn-f-3g15-25-m-10313\/"},"modified":"2025-10-23T00:12:45","modified_gmt":"2025-10-23T00:12:45","slug":"przedluzacz-bebnowy-ironcoat-h07rn-f-3g15-25-m-10313","status":"publish","type":"product","link":"https:\/\/as-schwabe.de\/pl\/produkt\/przedluzacz-bebnowy-ironcoat-h07rn-f-3g15-25-m-10313\/","title":{"rendered":"Przed\u0142u\u017cacz b\u0119bnowy wzmacniany &#8222;IronCoat&#8220; 25 m H07RN-F 3G1,5 IP44 | 10313"},"content":{"rendered":"<p>Przed\u0142u\u017cacz b\u0119bnowy wzmacniany &#8222;IronCoat&#8220; o \u015brednicy 285 mm to idealne rozwi\u0105zanie dla profesjonalist\u00f3w, kt\u00f3rzy potrzebuj\u0105 niezawodnego \u017ar\u00f3d\u0142a zasilania w trudnych warunkach. Wyposa\u017cony w wej\u015bcie H07RN-F czarny 3G1,5 i d\u0142ugo\u015bci 25 m, umo\u017cliwia bezpieczne pod\u0142\u0105czenie urz\u0105dze\u0144 o maksymalnej mocy 3500 W (230 V, 16 A) dzi\u0119ki ochronnym gniazdom IP44 z klapk\u0105. Solidny metalowy stela\u017c oraz wzmocniona plastikowa szpula zapewniaj\u0105 d\u0142ugotrwa\u0142\u0105 wytrzyma\u0142o\u015b\u0107, a hamulec umo\u017cliwia komfortowe u\u017cytkowanie. Przed\u0142u\u017cacz z tr\u00f3jfazowymi gniazdami jest idealny do stosowania na zewn\u0105trz oraz na placach budowy, co czyni go doskona\u0142ym narz\u0119dziem zar\u00f3wno dla profesjonalist\u00f3w, jak i majsterkowicz\u00f3w.<\/p>\n<h3>Wzmacniane b\u0119bny kablowe <span style=\"color: #0000ff;\">Xperts<\/span><\/h3>\n<h4>Co czyni je tak wyj\u0105tkowymi?<\/h4>\n<p>Metalowe b\u0119bny kablowe IronCoat \u0142\u0105cz\u0105 w sobie zalety klasycznego b\u0119bna kablowego z blachy stalowej z ulepszon\u0105 ochron\u0105 przed niebezpiecznymi napi\u0119ciami kontaktowymi. Specjalna, opatentowana izolacja ochronna cz\u0119\u015bci bocznych szpuli chroni przed pora\u017ceniem pr\u0105dem spowodowanym uszkodzonymi \u017cy\u0142ami kabla podczas jego zwijania. Oznacza to, \u017ce pr\u0105d nie mo\u017ce zosta\u0107 dostarczony od wewn\u0119trznych do zewn\u0119trznych cz\u0119\u015bci b\u0119bna kablowego, kt\u00f3re mo\u017cna dotkn\u0105\u0107 na du\u017cej powierzchni, co zapewnia ochron\u0119 przed powa\u017cnym uszczerbkiem na zdrowiu.<\/p>\n<p class=\"highlight\">Metalowe b\u0119bny kablowe IronCoat zosta\u0142y przetestowane przez DGUV (ubezpieczenie wypadkowe) i spe\u0142niaj\u0105 wymagania GS-ET 35 \/ BGI 608. To oznacza, \u017ce idealnie nadaj\u0105 si\u0119 do u\u017cytku profesjonalnego na budowach i monta\u017cach.<\/p>\n<div class=\"diagram\"><img fetchpriority=\"high\" decoding=\"async\" class=\"alignnone wp-image-35121 size-thumbnail\" src=\"https:\/\/as-schwabe.de\/wp-content\/uploads\/2025\/09\/ironcoat_schemat-1003x1024.webp\" alt=\"\" width=\"1000\" height=\"1000\" \/><\/div>","protected":false},"excerpt":{"rendered":"<div class=\"icons\" style=\"display: flex; flex-wrap: wrap; gap: 5px; align-items: center; margin-top: 10px;\"><img decoding=\"async\" src=\"https:\/\/as-schwabe.de\/wp-content\/uploads\/ikony\/znak_SCH.png\" alt=\"\" width=\"45\" height=\"50\" \/><img decoding=\"async\" src=\"https:\/\/as-schwabe.de\/wp-content\/uploads\/ikony\/znak_CE.png\" alt=\"\" width=\"50\" height=\"50\" \/><img loading=\"lazy\" decoding=\"async\" src=\"https:\/\/as-schwabe.de\/wp-content\/uploads\/ikony\/znak_IP44.png\" alt=\"\" width=\"50\" height=\"50\" \/><img loading=\"lazy\" decoding=\"async\" src=\"https:\/\/as-schwabe.de\/wp-content\/uploads\/ikony\/znak_PB.png\" alt=\"\" width=\"50\" height=\"50\" \/><img loading=\"lazy\" decoding=\"async\" src=\"https:\/\/as-schwabe.de\/wp-content\/uploads\/ikony\/znak_Z.png\" alt=\"\" width=\"50\" height=\"50\" \/><img loading=\"lazy\" decoding=\"async\" src=\"https:\/\/as-schwabe.de\/wp-content\/uploads\/ikony\/znak_D.png\" alt=\"\" width=\"50\" height=\"50\" \/><img loading=\"lazy\" decoding=\"async\" src=\"https:\/\/as-schwabe.de\/wp-content\/uploads\/ikony\/znak_K2.png\" alt=\"\" width=\"50\" height=\"50\" \/><img loading=\"lazy\" decoding=\"async\" src=\"https:\/\/as-schwabe.de\/wp-content\/uploads\/ikony\/znak_DG.png\" alt=\"\" width=\"50\" height=\"50\" \/><img loading=\"lazy\" decoding=\"async\" src=\"https:\/\/as-schwabe.de\/wp-content\/uploads\/ikony\/znak_DE.png\" alt=\"\" width=\"50\" height=\"40\" \/><img loading=\"lazy\" decoding=\"async\" src=\"https:\/\/as-schwabe.de\/wp-content\/uploads\/ikony\/znak_IC.png\" alt=\"\" width=\"40\" height=\"50\" \/><\/div>\n<ul>\n<li>korpus b\u0119bna wykonany z blachy stalowej ocynkowane<\/li>\n<li> z wytrzyma\u0142\u0105, poch\u0142aniaj\u0105c\u0105 wstrz\u0105sy i ocynkowan\u0105 pojedyncz\u0105 ram\u0105 podstawy z hamulcem postojowym <\/li>\n<li> z wtyczk\u0105 z uziemieniem<\/li>\n<li> 230 V, 16 A, maks. 3500 W<\/li>\n<\/ul>","protected":false},"featured_media":28987,"template":"","meta":{"inline_featured_image":false},"genre":[509],"product_cat":[510,517],"product_tag":[],"class_list":{"0":"post-14275","1":"product","2":"type-product","3":"status-publish","4":"has-post-thumbnail","6":"product_brand-as-schwabe-pl","7":"product_cat-przedluzacze-bebnowe-pl","8":"product_cat-metalowe-budowlane-przedluzacze-bebnowe-pl","10":"first","11":"instock","12":"shipping-taxable","13":"product-type-simple"},"aioseo_notices":[],"_links":{"self":[{"href":"https:\/\/as-schwabe.de\/pl\/wp-json\/wp\/v2\/product\/14275","targetHints":{"allow":["GET"]}}],"collection":[{"href":"https:\/\/as-schwabe.de\/pl\/wp-json\/wp\/v2\/product"}],"about":[{"href":"https:\/\/as-schwabe.de\/pl\/wp-json\/wp\/v2\/types\/product"}],"version-history":[{"count":0,"href":"https:\/\/as-schwabe.de\/pl\/wp-json\/wp\/v2\/product\/14275\/revisions"}],"wp:featuredmedia":[{"embeddable":true,"href":"https:\/\/as-schwabe.de\/pl\/wp-json\/wp\/v2\/media\/28987"}],"wp:attachment":[{"href":"https:\/\/as-schwabe.de\/pl\/wp-json\/wp\/v2\/media?parent=14275"}],"wp:term":[{"taxonomy":"product_brand","embeddable":true,"href":"https:\/\/as-schwabe.de\/pl\/wp-json\/wp\/v2\/genre?post=14275"},{"taxonomy":"product_cat","embeddable":true,"href":"https:\/\/as-schwabe.de\/pl\/wp-json\/wp\/v2\/product_cat?post=14275"},{"taxonomy":"product_tag","embeddable":true,"href":"https:\/\/as-schwabe.de\/pl\/wp-json\/wp\/v2\/product_tag?post=14275"}],"curies":[{"name":"wp","href":"https:\/\/api.w.org\/{rel}","templated":true}]}}