{"id":14263,"date":"2025-09-25T16:12:05","date_gmt":"2025-09-25T16:12:05","guid":{"rendered":"https:\/\/as-schwabe.de\/produkt\/przedluzacz-bebnowy-plastikowy-ip20-4xgn-h05rr-f-3g15-50-m-10212\/"},"modified":"2025-10-23T00:12:44","modified_gmt":"2025-10-23T00:12:44","slug":"przedluzacz-bebnowy-plastikowy-ip20-4xgn-h05rr-f-3g15-50-m-10212","status":"publish","type":"product","link":"https:\/\/as-schwabe.de\/pl\/produkt\/przedluzacz-bebnowy-plastikowy-ip20-4xgn-h05rr-f-3g15-50-m-10212\/","title":{"rendered":"Przed\u0142u\u017cacz b\u0119bnowy plastikowy 50 m H05RR-F 3G1,5 IP20 | 10212"},"content":{"rendered":"<p>Przed\u0142u\u017cacz b\u0119bnowy o \u015brednicy 285 mm to niezawodne rozwi\u0105zanie dla profesjonalnych i domowych zastosowa\u0144 elektrycznych. Wyposa\u017cony w wej\u015bcie H05RR-F 3G1,5 czarny o d\u0142ugo\u015bci 50 m, wspiera u\u017cytkowanie w r\u00f3\u017cnych warunkach wewn\u0119trznych, zapewniaj\u0105c bezpiecze\u0144stwo dzi\u0119ki systemowi z uziemieniem (2P+Z) oraz maksymalnej mocy 3500 W. Cztery gniazda IP20 z niebieskimi klapkami chroni\u0105cymi przed kurzem, a tak\u017ce termik, dodatkowo podnosz\u0105 komfort u\u017cytkowania. Solidny metalowy stela\u017c oraz hamulec gwarantuj\u0105 stabilno\u015b\u0107 i \u0142atwo\u015b\u0107 w korzystaniu, a plastikowa szpula z uchwytem sprawia, \u017ce transport jest szybki i wygodny. Idealny do biur, warsztat\u00f3w czy domowych zastosowa\u0144, nasz przed\u0142u\u017cacz b\u0119bnowy to inwestycja w niezawodne i bezpieczne zasilanie.<\/p>","protected":false},"excerpt":{"rendered":"<div class=\"icons\" style=\"display: flex; flex-wrap: wrap; gap: 5px; align-items: center; margin-top: 10px;\"><img decoding=\"async\" src=\"https:\/\/as-schwabe.de\/wp-content\/uploads\/ikony\/znak_SCH.png\" alt=\"\" width=\"45\" height=\"50\" \/><img decoding=\"async\" src=\"https:\/\/as-schwabe.de\/wp-content\/uploads\/ikony\/znak_CE.png\" alt=\"\" width=\"50\" height=\"50\" \/><img decoding=\"async\" src=\"https:\/\/as-schwabe.de\/wp-content\/uploads\/ikony\/znak_IP20.png\" alt=\"\" width=\"50\" height=\"50\" \/><img loading=\"lazy\" decoding=\"async\" src=\"https:\/\/as-schwabe.de\/wp-content\/uploads\/ikony\/znak_D.png\" alt=\"\" width=\"50\" height=\"50\" \/><img loading=\"lazy\" decoding=\"async\" src=\"https:\/\/as-schwabe.de\/wp-content\/uploads\/ikony\/znak_DE.png\" alt=\"\" width=\"50\" height=\"40\" \/><\/div>\n<ul>\n<li>z wytrzyma\u0142\u0105, poch\u0142aniaj\u0105c\u0105 wstrz\u0105sy i ocynkowan\u0105 pojedyncz\u0105 ram\u0105 podstawy z hamulcem postojowym <\/li>\n<li>z wbudowanym wy\u0142\u0105cznikiem termicznym <\/li>\n<li>IP20: do u\u017cytku wewn\u0105trz pomieszcze\u0144 <\/li>\n<li>korpus b\u0119bna wykonany z wytrzyma\u0142ego, bardzo odpornego na uszkodzenia specjalnego tworzywa sztucznego <\/li>\n<li>z wtyczk\u0105 z uziemieniem <\/li>\n<li>rama z ergonomicznie ukszta\u0142towanym uchwytem i opatentowanym prowadzeniem kabli <\/li>\n<li>230 V, 16 A, maks. 3500 W<\/li>\n<\/ul>","protected":false},"featured_media":28977,"template":"","meta":{"inline_featured_image":false},"genre":[509],"product_cat":[510,512],"product_tag":[],"class_list":{"0":"post-14263","1":"product","2":"type-product","3":"status-publish","4":"has-post-thumbnail","6":"product_brand-as-schwabe-pl","7":"product_cat-przedluzacze-bebnowe-pl","8":"product_cat-przedluzacze-bebnowe-do-uzytku-wewnetrznego-pl","10":"first","11":"instock","12":"shipping-taxable","13":"product-type-simple"},"aioseo_notices":[],"_links":{"self":[{"href":"https:\/\/as-schwabe.de\/pl\/wp-json\/wp\/v2\/product\/14263","targetHints":{"allow":["GET"]}}],"collection":[{"href":"https:\/\/as-schwabe.de\/pl\/wp-json\/wp\/v2\/product"}],"about":[{"href":"https:\/\/as-schwabe.de\/pl\/wp-json\/wp\/v2\/types\/product"}],"version-history":[{"count":0,"href":"https:\/\/as-schwabe.de\/pl\/wp-json\/wp\/v2\/product\/14263\/revisions"}],"wp:featuredmedia":[{"embeddable":true,"href":"https:\/\/as-schwabe.de\/pl\/wp-json\/wp\/v2\/media\/28977"}],"wp:attachment":[{"href":"https:\/\/as-schwabe.de\/pl\/wp-json\/wp\/v2\/media?parent=14263"}],"wp:term":[{"taxonomy":"product_brand","embeddable":true,"href":"https:\/\/as-schwabe.de\/pl\/wp-json\/wp\/v2\/genre?post=14263"},{"taxonomy":"product_cat","embeddable":true,"href":"https:\/\/as-schwabe.de\/pl\/wp-json\/wp\/v2\/product_cat?post=14263"},{"taxonomy":"product_tag","embeddable":true,"href":"https:\/\/as-schwabe.de\/pl\/wp-json\/wp\/v2\/product_tag?post=14263"}],"curies":[{"name":"wp","href":"https:\/\/api.w.org\/{rel}","templated":true}]}}