{"id":14233,"date":"2025-09-25T16:11:24","date_gmt":"2025-09-25T16:11:24","guid":{"rendered":"https:\/\/as-schwabe.de\/produkt\/pusty-beben-kempingowy-plastikowy-z-gniazdami-ip44-10179\/"},"modified":"2025-10-23T00:12:43","modified_gmt":"2025-10-23T00:12:43","slug":"pusty-beben-kempingowy-plastikowy-z-gniazdami-ip44-10179","status":"publish","type":"product","link":"https:\/\/as-schwabe.de\/pl\/produkt\/pusty-beben-kempingowy-plastikowy-z-gniazdami-ip44-10179\/","title":{"rendered":"Pusty b\u0119ben kempingowy plastikowy CEE z gniazdami 285 mm IP44 | 10179"},"content":{"rendered":"<p>Pusty b\u0119ben kempingowy plastikowy z gniazdami IP44 o \u015brednicy 285 mm jest idealnym rozwi\u0105zaniem dla os\u00f3b poszukuj\u0105cych niezawodnego \u017ar\u00f3d\u0142a zasilania w warunkach zewn\u0119trznych. Dzi\u0119ki metalowemu stela\u017cu i wytrzyma\u0142ej szpuli plastikowej w kolorze niebieskim, produkt zapewnia wyj\u0105tkow\u0105 trwa\u0142o\u015b\u0107 i stabilno\u015b\u0107. Wyposa\u017cony w jedno gniazdo CEE 230V 16 A, 3P oraz dwa gniazda IP44 z klapk\u0105, oferuje wszechstronno\u015b\u0107 u\u017cytkowania z uziemieniem, co czyni go bezpiecznym w ka\u017cdej sytuacji. Dodatkowo, wbudowany hamulec, termik oraz maksymalne obci\u0105\u017cenie wynosz\u0105ce 3500 W sprawiaj\u0105, \u017ce b\u0119ben idealnie sprawdzi si\u0119 zar\u00f3wno podczas biwak\u00f3w, jak i prac na \u015bwie\u017cym powietrzu. Produkt charakteryzuje si\u0119 trwa\u0142o\u015bci\u0105 i odporno\u015bci\u0105 na warunki atmosferyczne, co czyni go doskona\u0142ym wyborem dla mi\u0142o\u015bnik\u00f3w wypoczynku na \u015bwie\u017cym powietrzu.<\/p>","protected":false},"excerpt":{"rendered":"<div class=\"icons\" style=\"display: flex; flex-wrap: wrap; gap: 5px; align-items: center; margin-top: 10px;\"><img decoding=\"async\" src=\"https:\/\/as-schwabe.de\/wp-content\/uploads\/ikony\/znak_SCH.png\" alt=\"\" width=\"45\" height=\"50\" \/><img decoding=\"async\" src=\"https:\/\/as-schwabe.de\/wp-content\/uploads\/ikony\/znak_CE.png\" alt=\"\" width=\"50\" height=\"50\" \/><img decoding=\"async\" src=\"https:\/\/as-schwabe.de\/wp-content\/uploads\/ikony\/znak_IP44.png\" alt=\"\" width=\"50\" height=\"50\" \/><img loading=\"lazy\" decoding=\"async\" src=\"https:\/\/as-schwabe.de\/wp-content\/uploads\/ikony\/znak_DE.png\" alt=\"\" width=\"50\" height=\"40\" \/><\/div>\n<ul>\n<li>Nawijak kempingowy z gniazdami<\/li>\n<li> 2x gniazdo z uziemieniem, 1x gniazdo CEE<\/li>\n<li> 230 V, 16 A, 3P, wy\u0142\u0105cznik termiczny<\/li>\n<li> IP44 285 do ok. 50 m kabla<\/li>\n<\/ul>","protected":false},"featured_media":28951,"template":"","meta":{"inline_featured_image":false},"genre":[509],"product_cat":[510,513],"product_tag":[],"class_list":{"0":"post-14233","1":"product","2":"type-product","3":"status-publish","4":"has-post-thumbnail","6":"product_brand-as-schwabe-pl","7":"product_cat-przedluzacze-bebnowe-pl","8":"product_cat-puste-bebny-2-pl","10":"first","11":"instock","12":"shipping-taxable","13":"product-type-simple"},"aioseo_notices":[],"_links":{"self":[{"href":"https:\/\/as-schwabe.de\/pl\/wp-json\/wp\/v2\/product\/14233","targetHints":{"allow":["GET"]}}],"collection":[{"href":"https:\/\/as-schwabe.de\/pl\/wp-json\/wp\/v2\/product"}],"about":[{"href":"https:\/\/as-schwabe.de\/pl\/wp-json\/wp\/v2\/types\/product"}],"version-history":[{"count":0,"href":"https:\/\/as-schwabe.de\/pl\/wp-json\/wp\/v2\/product\/14233\/revisions"}],"wp:featuredmedia":[{"embeddable":true,"href":"https:\/\/as-schwabe.de\/pl\/wp-json\/wp\/v2\/media\/28951"}],"wp:attachment":[{"href":"https:\/\/as-schwabe.de\/pl\/wp-json\/wp\/v2\/media?parent=14233"}],"wp:term":[{"taxonomy":"product_brand","embeddable":true,"href":"https:\/\/as-schwabe.de\/pl\/wp-json\/wp\/v2\/genre?post=14233"},{"taxonomy":"product_cat","embeddable":true,"href":"https:\/\/as-schwabe.de\/pl\/wp-json\/wp\/v2\/product_cat?post=14233"},{"taxonomy":"product_tag","embeddable":true,"href":"https:\/\/as-schwabe.de\/pl\/wp-json\/wp\/v2\/product_tag?post=14233"}],"curies":[{"name":"wp","href":"https:\/\/api.w.org\/{rel}","templated":true}]}}