{"id":14225,"date":"2025-09-25T16:11:15","date_gmt":"2025-09-25T16:11:15","guid":{"rendered":"https:\/\/as-schwabe.de\/produkt\/przedluzacz-bebnowy-plastikowy-cee-powerlight-h07rn-f-3g25-25-m-10176\/"},"modified":"2025-10-23T00:12:42","modified_gmt":"2025-10-23T00:12:42","slug":"przedluzacz-bebnowy-plastikowy-cee-powerlight-h07rn-f-3g25-25-m-10176","status":"publish","type":"product","link":"https:\/\/as-schwabe.de\/pl\/produkt\/przedluzacz-bebnowy-plastikowy-cee-powerlight-h07rn-f-3g25-25-m-10176\/","title":{"rendered":"Przed\u0142u\u017cacz b\u0119bnowy plastikowy CEE kempingowy 25 m H07RN-F 3G2,5 IP44 | 10176"},"content":{"rendered":"<p>Przed\u0142u\u017cacz b\u0119bnowy plastikowy CEE kempingowy o \u015brednicy 285 mm to idealne rozwi\u0105zanie dla os\u00f3b potrzebuj\u0105cych mobilnego \u017ar\u00f3d\u0142a zasilania podczas outdoorowych aktywno\u015bci. Wyposa\u017cony w kabel H07RN-F 3G2,5 o d\u0142ugo\u015bci 25 m oraz wtyczk\u0119 CEE 230 V, 16 A, 3P, zapewnia bezpieczne i stabilne zasilanie o maksymalnej mocy 3500 W. Produkt charakteryzuje si\u0119 stopniem ochrony IP44, co czyni go odpowiednim do u\u017cytku na zewn\u0105trz, nawet w trudnych warunkach atmosferycznych. Ergonomiczny uchwyt i ocynkowana rama podstawy gwarantuj\u0105 \u0142atwo\u015b\u0107 transportu i stabilno\u015b\u0107, a plastikowa prowadnica do kabli zwi\u0119ksza komfort u\u017cytkowania. Dodatkowe gniazda (2x 230 V, 16 A oraz 1x CEE 230 V, 16 A, 3P) z uziemieniem sprawiaj\u0105, \u017ce produkt jest bardzo wszechstronny i umo\u017cliwia jednoczesne zasilanie kilku urz\u0105dze\u0144.<\/p>","protected":false},"excerpt":{"rendered":"<div class=\"icons\" style=\"display: flex; flex-wrap: wrap; gap: 5px; align-items: center; margin-top: 10px;\"><img decoding=\"async\" src=\"https:\/\/as-schwabe.de\/wp-content\/uploads\/ikony\/znak_SCH.png\" alt=\"\" width=\"45\" height=\"50\" \/><img decoding=\"async\" src=\"https:\/\/as-schwabe.de\/wp-content\/uploads\/ikony\/znak_CE.png\" alt=\"\" width=\"50\" height=\"50\" \/><img decoding=\"async\" src=\"https:\/\/as-schwabe.de\/wp-content\/uploads\/ikony\/znak_IP44.png\" alt=\"\" width=\"50\" height=\"50\" \/><img loading=\"lazy\" decoding=\"async\" src=\"https:\/\/as-schwabe.de\/wp-content\/uploads\/ikony\/znak_POWERLIGHT.png\" alt=\"\" width=\"90\" height=\"50\" \/><img loading=\"lazy\" decoding=\"async\" src=\"https:\/\/as-schwabe.de\/wp-content\/uploads\/ikony\/znak_Z.png\" alt=\"\" width=\"50\" height=\"50\" \/><img loading=\"lazy\" decoding=\"async\" src=\"https:\/\/as-schwabe.de\/wp-content\/uploads\/ikony\/znak_D.png\" alt=\"\" width=\"50\" height=\"50\" \/><img loading=\"lazy\" decoding=\"async\" src=\"https:\/\/as-schwabe.de\/wp-content\/uploads\/ikony\/znak_DE.png\" alt=\"\" width=\"50\" height=\"40\" \/><\/div>\n<ul>\n<li>z wytrzyma\u0142\u0105, poch\u0142aniaj\u0105c\u0105 wstrz\u0105sy i ocynkowan\u0105 pojedyncz\u0105 ram\u0105 podstawy z hamulcem postojowym <\/li>\n<li>z ergonomicznym uchwytem <\/li>\n<li>z wtyczk\u0105 CEE 230 V, 16 A, 3P z sygnalizacj\u0105 napi\u0119cia \u201ePowerlight\u201d <\/li>\n<li>1x gniazdo CEE z uchyln\u0105 z klapk\u0105 230 V, 16 A, 3P<\/li>\n<\/ul>","protected":false},"featured_media":28944,"template":"","meta":{"inline_featured_image":false},"genre":[509],"product_cat":[515,516],"product_tag":[],"class_list":{"0":"post-14225","1":"product","2":"type-product","3":"status-publish","4":"has-post-thumbnail","6":"product_brand-as-schwabe-pl","7":"product_cat-kemping-i-caravaning-pl","8":"product_cat-przedluzacze-bebnowe-kemping-i-caravaning-pl","10":"first","11":"instock","12":"shipping-taxable","13":"product-type-simple"},"aioseo_notices":[],"_links":{"self":[{"href":"https:\/\/as-schwabe.de\/pl\/wp-json\/wp\/v2\/product\/14225","targetHints":{"allow":["GET"]}}],"collection":[{"href":"https:\/\/as-schwabe.de\/pl\/wp-json\/wp\/v2\/product"}],"about":[{"href":"https:\/\/as-schwabe.de\/pl\/wp-json\/wp\/v2\/types\/product"}],"version-history":[{"count":0,"href":"https:\/\/as-schwabe.de\/pl\/wp-json\/wp\/v2\/product\/14225\/revisions"}],"wp:featuredmedia":[{"embeddable":true,"href":"https:\/\/as-schwabe.de\/pl\/wp-json\/wp\/v2\/media\/28944"}],"wp:attachment":[{"href":"https:\/\/as-schwabe.de\/pl\/wp-json\/wp\/v2\/media?parent=14225"}],"wp:term":[{"taxonomy":"product_brand","embeddable":true,"href":"https:\/\/as-schwabe.de\/pl\/wp-json\/wp\/v2\/genre?post=14225"},{"taxonomy":"product_cat","embeddable":true,"href":"https:\/\/as-schwabe.de\/pl\/wp-json\/wp\/v2\/product_cat?post=14225"},{"taxonomy":"product_tag","embeddable":true,"href":"https:\/\/as-schwabe.de\/pl\/wp-json\/wp\/v2\/product_tag?post=14225"}],"curies":[{"name":"wp","href":"https:\/\/api.w.org\/{rel}","templated":true}]}}