{"id":14218,"date":"2025-09-25T16:11:07","date_gmt":"2025-09-25T16:11:07","guid":{"rendered":"https:\/\/as-schwabe.de\/produkt\/przedluzacz-bebnowy-plastikowy-cee-powerlight-h07bq-f-3g25-25-m-10170\/"},"modified":"2025-10-23T00:12:42","modified_gmt":"2025-10-23T00:12:42","slug":"przedluzacz-bebnowy-plastikowy-cee-powerlight-h07bq-f-3g25-25-m-10170","status":"publish","type":"product","link":"https:\/\/as-schwabe.de\/pl\/produkt\/przedluzacz-bebnowy-plastikowy-cee-powerlight-h07bq-f-3g25-25-m-10170\/","title":{"rendered":"Przed\u0142u\u017cacz b\u0119bnowy plastikowy CEE kempingowy 25 m H07BQ-F 3G2,5 IP44 | 10170"},"content":{"rendered":"<p>Przed\u0142u\u017cacz b\u0119bnowy plastikowy CEE kempingowy o \u015brednicy 285 mm stanowi doskona\u0142e rozwi\u0105zanie dla mobilnych u\u017cytkownik\u00f3w energii elektrycznej, idealny do zastosowa\u0144 na kempingach oraz w outdoorze. Wyposa\u017cony w wysokiej jako\u015bci przew\u00f3d H07BQ-F 3G2,5 o d\u0142ugo\u015bci 25 m, oferuje wydajno\u015b\u0107 do 16 A i 3500 W przy napi\u0119ciu 230 V. Elementy zabezpieczaj\u0105ce, takie jak gniazda z klapk\u0105 oraz ergonomiczny uchwyt, zapewniaj\u0105 wygod\u0119 i bezpiecze\u0144stwo u\u017cytkowania. Dodatkowo, wbudowana sygnalizacja napi\u0119cia Powerlight oraz ocynkowana rama podstawy przyczyniaj\u0105 si\u0119 do zwi\u0119kszenia trwa\u0142o\u015bci oraz funkcjonalno\u015bci urz\u0105dzenia, a jego stopie\u0144 ochrony IP44 gwarantuje mo\u017cliwo\u015b\u0107 u\u017cytkowania na zewn\u0105trz, nawet w trudnych warunkach.<\/p>","protected":false},"excerpt":{"rendered":"<div class=\"icons\" style=\"display: flex; flex-wrap: wrap; gap: 5px; align-items: center; margin-top: 10px;\"><img decoding=\"async\" src=\"https:\/\/as-schwabe.de\/wp-content\/uploads\/ikony\/znak_SCH.png\" alt=\"\" width=\"45\" height=\"50\" \/><img decoding=\"async\" src=\"https:\/\/as-schwabe.de\/wp-content\/uploads\/ikony\/znak_CE.png\" alt=\"\" width=\"50\" height=\"50\" \/><img decoding=\"async\" src=\"https:\/\/as-schwabe.de\/wp-content\/uploads\/ikony\/znak_IP44.png\" alt=\"\" width=\"50\" height=\"50\" \/><img loading=\"lazy\" decoding=\"async\" src=\"https:\/\/as-schwabe.de\/wp-content\/uploads\/ikony\/znak_POWERLIGHT.png\" alt=\"\" width=\"90\" height=\"50\" \/><img loading=\"lazy\" decoding=\"async\" src=\"https:\/\/as-schwabe.de\/wp-content\/uploads\/ikony\/znak_Z.png\" alt=\"\" width=\"50\" height=\"50\" \/><img loading=\"lazy\" decoding=\"async\" src=\"https:\/\/as-schwabe.de\/wp-content\/uploads\/ikony\/znak_D.png\" alt=\"\" width=\"50\" height=\"50\" \/><img loading=\"lazy\" decoding=\"async\" src=\"https:\/\/as-schwabe.de\/wp-content\/uploads\/ikony\/znak_DE.png\" alt=\"\" width=\"50\" height=\"40\" \/><\/div>\n<ul>\n<li>z wytrzyma\u0142\u0105, poch\u0142aniaj\u0105c\u0105 wstrz\u0105sy i ocynkowan\u0105 pojedyncz\u0105 ram\u0105 podstawy z hamulcem postojowym <\/li>\n<li>z ergonomicznym uchwytem <\/li>\n<li>z wtyczk\u0105 CEE 230 V, 16 A, 3P z sygnalizacj\u0105 napi\u0119cia \u201ePowerlight\u201d <\/li>\n<li>1x gniazdo CEE z uchyln\u0105 z klapk\u0105 230 V, 16 A, 3P<\/li>\n<\/ul>","protected":false},"featured_media":28938,"template":"","meta":{"inline_featured_image":false},"genre":[509],"product_cat":[515,516],"product_tag":[],"class_list":{"0":"post-14218","1":"product","2":"type-product","3":"status-publish","4":"has-post-thumbnail","6":"product_brand-as-schwabe-pl","7":"product_cat-kemping-i-caravaning-pl","8":"product_cat-przedluzacze-bebnowe-kemping-i-caravaning-pl","10":"first","11":"instock","12":"shipping-taxable","13":"product-type-simple"},"aioseo_notices":[],"_links":{"self":[{"href":"https:\/\/as-schwabe.de\/pl\/wp-json\/wp\/v2\/product\/14218","targetHints":{"allow":["GET"]}}],"collection":[{"href":"https:\/\/as-schwabe.de\/pl\/wp-json\/wp\/v2\/product"}],"about":[{"href":"https:\/\/as-schwabe.de\/pl\/wp-json\/wp\/v2\/types\/product"}],"version-history":[{"count":0,"href":"https:\/\/as-schwabe.de\/pl\/wp-json\/wp\/v2\/product\/14218\/revisions"}],"wp:featuredmedia":[{"embeddable":true,"href":"https:\/\/as-schwabe.de\/pl\/wp-json\/wp\/v2\/media\/28938"}],"wp:attachment":[{"href":"https:\/\/as-schwabe.de\/pl\/wp-json\/wp\/v2\/media?parent=14218"}],"wp:term":[{"taxonomy":"product_brand","embeddable":true,"href":"https:\/\/as-schwabe.de\/pl\/wp-json\/wp\/v2\/genre?post=14218"},{"taxonomy":"product_cat","embeddable":true,"href":"https:\/\/as-schwabe.de\/pl\/wp-json\/wp\/v2\/product_cat?post=14218"},{"taxonomy":"product_tag","embeddable":true,"href":"https:\/\/as-schwabe.de\/pl\/wp-json\/wp\/v2\/product_tag?post=14218"}],"curies":[{"name":"wp","href":"https:\/\/api.w.org\/{rel}","templated":true}]}}