{"id":14161,"date":"2025-09-25T16:10:02","date_gmt":"2025-09-25T16:10:02","guid":{"rendered":"https:\/\/as-schwabe.de\/produkt\/przedluzacz-bebnowy-plastikowy-ip20-4xgn-z-klapka-h05vv-f-3g15-50-m-10119\/"},"modified":"2025-10-23T00:12:37","modified_gmt":"2025-10-23T00:12:37","slug":"przedluzacz-bebnowy-plastikowy-ip20-4xgn-z-klapka-h05vv-f-3g15-50-m-10119","status":"publish","type":"product","link":"https:\/\/as-schwabe.de\/pl\/produkt\/przedluzacz-bebnowy-plastikowy-ip20-4xgn-z-klapka-h05vv-f-3g15-50-m-10119\/","title":{"rendered":"Przed\u0142u\u017cacz b\u0119bnowy plastikowy 50 m H05VV-F 3G1,5 IP20 | 10119"},"content":{"rendered":"<p>Przed\u0142u\u017cacz b\u0119bnowy plastikowy o \u015brednicy 285 mm, wyposa\u017cony w 50-metrowy kabel H05VV-F 3G1,5, to idealne rozwi\u0105zanie do u\u017cytku wewn\u0119trznego w r\u00f3\u017cnych aplikacjach elektrycznych. Jego solidna konstrukcja, obejmuj\u0105ca metalowy stela\u017c oraz plastikow\u0105 szpul\u0119 w kolorze czarnym, zapewnia trwa\u0142o\u015b\u0107 i wygod\u0119 u\u017cytkowania. Produkt oferuje cztery gniazda IP20 z klapk\u0105 niebiesk\u0105, umo\u017cliwiaj\u0105ce pod\u0142\u0105czenie urz\u0105dze\u0144 o maksymalnej mocy 3500 W (230 V, 16 A). Dodatkowo, przed\u0142u\u017cacz zosta\u0142 wyposa\u017cony w termik, hamulec oraz uchwyt z tworzywa, co zapewnia bezpiecze\u0144stwo i stabilno\u015b\u0107 podczas eksploatacji. Dzi\u0119ki prowadnicy do kabla, u\u017cytkownik zyskuje \u0142atwo\u015b\u0107 w zarz\u0105dzaniu d\u0142ugo\u015bci\u0105 przewodu, co zwi\u0119ksza komfort u\u017cytkowania.<\/p>","protected":false},"excerpt":{"rendered":"<div class=\"icons\" style=\"display: flex; flex-wrap: wrap; gap: 5px; align-items: center; margin-top: 10px;\"><img decoding=\"async\" src=\"https:\/\/as-schwabe.de\/wp-content\/uploads\/ikony\/znak_SCH.png\" alt=\"\" width=\"45\" height=\"50\" \/><img decoding=\"async\" src=\"https:\/\/as-schwabe.de\/wp-content\/uploads\/ikony\/znak_CE.png\" alt=\"\" width=\"50\" height=\"50\" \/><img decoding=\"async\" src=\"https:\/\/as-schwabe.de\/wp-content\/uploads\/ikony\/znak_IP20.png\" alt=\"\" width=\"50\" height=\"50\" \/><img loading=\"lazy\" decoding=\"async\" src=\"https:\/\/as-schwabe.de\/wp-content\/uploads\/ikony\/znak_D.png\" alt=\"\" width=\"50\" height=\"50\" \/><img loading=\"lazy\" decoding=\"async\" src=\"https:\/\/as-schwabe.de\/wp-content\/uploads\/ikony\/znak_DE.png\" alt=\"\" width=\"50\" height=\"40\" \/><\/div>\n<ul>\n<li>z wytrzyma\u0142\u0105, poch\u0142aniaj\u0105c\u0105 wstrz\u0105sy i ocynkowan\u0105 pojedyncz\u0105 ram\u0105 podstawy z hamulcem postojowym <\/li>\n<li>z wbudowanym wy\u0142\u0105cznikiem termicznym <\/li>\n<li>IP20: do u\u017cytku wewn\u0105trz pomieszcze\u0144 <\/li>\n<li>korpus b\u0119bna wykonany z wytrzyma\u0142ego, bardzo odpornego na uszkodzenia specjalnego tworzywa sztucznego <\/li>\n<li>z wtyczk\u0105 z uziemieniem <\/li>\n<li>rama z ergonomicznie ukszta\u0142towanym uchwytem i opatentowanym prowadzeniem kabli <\/li>\n<li>230 V, 16 A, maks. 3500 W<\/li>\n<\/ul>","protected":false},"featured_media":28867,"template":"","meta":{"inline_featured_image":false},"genre":[509],"product_cat":[510,512],"product_tag":[],"class_list":{"0":"post-14161","1":"product","2":"type-product","3":"status-publish","4":"has-post-thumbnail","6":"product_brand-as-schwabe-pl","7":"product_cat-przedluzacze-bebnowe-pl","8":"product_cat-przedluzacze-bebnowe-do-uzytku-wewnetrznego-pl","10":"first","11":"instock","12":"shipping-taxable","13":"product-type-simple"},"aioseo_notices":[],"_links":{"self":[{"href":"https:\/\/as-schwabe.de\/pl\/wp-json\/wp\/v2\/product\/14161","targetHints":{"allow":["GET"]}}],"collection":[{"href":"https:\/\/as-schwabe.de\/pl\/wp-json\/wp\/v2\/product"}],"about":[{"href":"https:\/\/as-schwabe.de\/pl\/wp-json\/wp\/v2\/types\/product"}],"version-history":[{"count":0,"href":"https:\/\/as-schwabe.de\/pl\/wp-json\/wp\/v2\/product\/14161\/revisions"}],"wp:featuredmedia":[{"embeddable":true,"href":"https:\/\/as-schwabe.de\/pl\/wp-json\/wp\/v2\/media\/28867"}],"wp:attachment":[{"href":"https:\/\/as-schwabe.de\/pl\/wp-json\/wp\/v2\/media?parent=14161"}],"wp:term":[{"taxonomy":"product_brand","embeddable":true,"href":"https:\/\/as-schwabe.de\/pl\/wp-json\/wp\/v2\/genre?post=14161"},{"taxonomy":"product_cat","embeddable":true,"href":"https:\/\/as-schwabe.de\/pl\/wp-json\/wp\/v2\/product_cat?post=14161"},{"taxonomy":"product_tag","embeddable":true,"href":"https:\/\/as-schwabe.de\/pl\/wp-json\/wp\/v2\/product_tag?post=14161"}],"curies":[{"name":"wp","href":"https:\/\/api.w.org\/{rel}","templated":true}]}}