{"id":14147,"date":"2025-09-25T16:09:44","date_gmt":"2025-09-25T16:09:44","guid":{"rendered":"https:\/\/as-schwabe.de\/produkt\/przedluzacz-bebnowy-plastikowy-ip44-3xgn-h05rr-f-3g15-25-m-10116\/"},"modified":"2025-10-23T00:12:36","modified_gmt":"2025-10-23T00:12:36","slug":"przedluzacz-bebnowy-plastikowy-ip44-3xgn-h05rr-f-3g15-25-m-10116","status":"publish","type":"product","link":"https:\/\/as-schwabe.de\/pl\/produkt\/przedluzacz-bebnowy-plastikowy-ip44-3xgn-h05rr-f-3g15-25-m-10116\/","title":{"rendered":"Przed\u0142u\u017cacz b\u0119bnowy plastikowy 25 m H05RR-F 3G1,5 IP44 | 10116"},"content":{"rendered":"<p>Przed\u0142u\u017cacz b\u0119bnowy o \u015brednicy 230 mm jest idealnym rozwi\u0105zaniem do zastosowa\u0144 zar\u00f3wno wewn\u0119trznych, jak i zewn\u0119trznych, oferuj\u0105c maksymalne obci\u0105\u017cenie 3500 W przy 230 V, 16 A. Wykonany z wysokiej jako\u015bci plastiku i metalu, wyr\u00f3\u017cnia si\u0119 solidnym stela\u017cem, metalow\u0105 prowadnic\u0105 do kabla oraz wygodnym uchwytem z tworzywa, co zapewnia \u0142atwo\u015b\u0107 w u\u017cytkowaniu i transportowaniu. Dzi\u0119ki trzem gniazdom IP44 z klapk\u0105 ochronn\u0105 i wbudowanemu termikowi, przed\u0142u\u017cacz gwarantuje bezpieczne zasilanie urz\u0105dze\u0144 elektrycznych nawet w trudnych warunkach atmosferycznych. Dodatkowo, jego konstrukcja z hamulcem zapobiega niekontrolowanemu zwijaniu kabla, co zwi\u0119ksza komfort pracy. Produkt, doskona\u0142y do u\u017cytku na budowach, w ogrodach czy na eventach plenerowych, sprawdza si\u0119 tam, gdzie konieczne jest bezpieczne i niezawodne zasilanie.<\/p>","protected":false},"excerpt":{"rendered":"<div class=\"icons\" style=\"display: flex; flex-wrap: wrap; gap: 5px; align-items: center; margin-top: 10px;\"><img decoding=\"async\" src=\"https:\/\/as-schwabe.de\/wp-content\/uploads\/ikony\/znak_SCH.png\" alt=\"\" width=\"45\" height=\"50\" \/><img decoding=\"async\" src=\"https:\/\/as-schwabe.de\/wp-content\/uploads\/ikony\/znak_CE.png\" alt=\"\" width=\"50\" height=\"50\" \/><img decoding=\"async\" src=\"https:\/\/as-schwabe.de\/wp-content\/uploads\/ikony\/znak_IP44.png\" alt=\"\" width=\"50\" height=\"50\" \/><img loading=\"lazy\" decoding=\"async\" src=\"https:\/\/as-schwabe.de\/wp-content\/uploads\/ikony\/znak_Z.png\" alt=\"\" width=\"50\" height=\"50\" \/><img loading=\"lazy\" decoding=\"async\" src=\"https:\/\/as-schwabe.de\/wp-content\/uploads\/ikony\/znak_D.png\" alt=\"\" width=\"50\" height=\"50\" \/><img loading=\"lazy\" decoding=\"async\" src=\"https:\/\/as-schwabe.de\/wp-content\/uploads\/ikony\/znak_DE.png\" alt=\"\" width=\"50\" height=\"40\" \/><\/div>\n<ul>\n<li>IP44: chroniony przed cia\u0142ami obcymi i bryzgami wody <\/li>\n<li>korpus b\u0119bna wykonany z wytrzyma\u0142ego, bardzo odpornego na uszkodzenia specjalnego tworzywa sztucznego <\/li>\n<li>z wytrzyma\u0142\u0105, poch\u0142aniaj\u0105c\u0105 wstrz\u0105sy i ocynkowan\u0105 pojedyncz\u0105 ram\u0105 podstawy z hamulcem postojowym <\/li>\n<li>rama z ergonomicznie ukszta\u0142towanym uchwytem i opatentowanym prowadzeniem kabli <\/li>\n<li>z wbudowanym wy\u0142\u0105cznikiem termicznym <\/li>\n<li>z wtyczk\u0105 z uziemieniem <\/li>\n<li>230 V, 16 A, maks. 3500 W<\/li>\n<\/ul>","protected":false},"featured_media":28855,"template":"","meta":{"inline_featured_image":false},"genre":[509],"product_cat":[510,511],"product_tag":[],"class_list":{"0":"post-14147","1":"product","2":"type-product","3":"status-publish","4":"has-post-thumbnail","6":"product_brand-as-schwabe-pl","7":"product_cat-przedluzacze-bebnowe-pl","8":"product_cat-przedluzacze-bebnowe-do-uzytku-na-zewnatrz-pl","10":"first","11":"instock","12":"shipping-taxable","13":"product-type-simple"},"aioseo_notices":[],"_links":{"self":[{"href":"https:\/\/as-schwabe.de\/pl\/wp-json\/wp\/v2\/product\/14147","targetHints":{"allow":["GET"]}}],"collection":[{"href":"https:\/\/as-schwabe.de\/pl\/wp-json\/wp\/v2\/product"}],"about":[{"href":"https:\/\/as-schwabe.de\/pl\/wp-json\/wp\/v2\/types\/product"}],"version-history":[{"count":0,"href":"https:\/\/as-schwabe.de\/pl\/wp-json\/wp\/v2\/product\/14147\/revisions"}],"wp:featuredmedia":[{"embeddable":true,"href":"https:\/\/as-schwabe.de\/pl\/wp-json\/wp\/v2\/media\/28855"}],"wp:attachment":[{"href":"https:\/\/as-schwabe.de\/pl\/wp-json\/wp\/v2\/media?parent=14147"}],"wp:term":[{"taxonomy":"product_brand","embeddable":true,"href":"https:\/\/as-schwabe.de\/pl\/wp-json\/wp\/v2\/genre?post=14147"},{"taxonomy":"product_cat","embeddable":true,"href":"https:\/\/as-schwabe.de\/pl\/wp-json\/wp\/v2\/product_cat?post=14147"},{"taxonomy":"product_tag","embeddable":true,"href":"https:\/\/as-schwabe.de\/pl\/wp-json\/wp\/v2\/product_tag?post=14147"}],"curies":[{"name":"wp","href":"https:\/\/api.w.org\/{rel}","templated":true}]}}