{"id":14145,"date":"2025-09-25T16:09:42","date_gmt":"2025-09-25T16:09:42","guid":{"rendered":"https:\/\/as-schwabe.de\/produkt\/kabel-h07rn-f-4g25-na-metry-400-v-125-a-cza-1-m-10091\/"},"modified":"2025-10-23T00:12:36","modified_gmt":"2025-10-23T00:12:36","slug":"kabel-h07rn-f-4g25-na-metry-400-v-125-a-cza-1-m-10091","status":"publish","type":"product","link":"https:\/\/as-schwabe.de\/pl\/produkt\/kabel-h07rn-f-4g25-na-metry-400-v-125-a-cza-1-m-10091\/","title":{"rendered":"Kabel 1 m H07RN-F 4G25 na metry 450\/750 V CZA | 10091"},"content":{"rendered":"<p>Kabel H07RN-F 4G25 o d\u0142ugo\u015bci 1 metra to elastyczny przew\u00f3d przeznaczony do u\u017cytku w trudnych warunkach zewn\u0119trznych oraz na placach budowy. Oferuje wysok\u0105 odporno\u015b\u0107 na dzia\u0142anie wilgoci, promieniowania UV oraz mechaniczne uszkodzenia, co czyni go idealnym rozwi\u0105zaniem dla profesjonalnych aplikacji elektrycznych. Mimo swojej zwartej konstrukcji, kabel zapewnia wydajno\u015b\u0107 pr\u0105dow\u0105 do 125 A przy napi\u0119ciu 400 V, co pozwala na bezpieczne zasilanie sprz\u0119tu budowlanego oraz narz\u0119dzi elektrycznych. Dzi\u0119ki zastosowanej technologii, H07RN-F 4G25 gwarantuje d\u0142ugotrwa\u0142\u0105 niezawodno\u015b\u0107 i wysok\u0105 jako\u015b\u0107, co przek\u0142ada si\u0119 na zadowolenie u\u017cytkownik\u00f3w.<\/p>","protected":false},"excerpt":{"rendered":"<div class=\"icons\" style=\"display: flex; flex-wrap: wrap; gap: 5px; align-items: center; margin-top: 10px;\"><img decoding=\"async\" src=\"https:\/\/as-schwabe.de\/wp-content\/uploads\/ikony\/znak_CE.png\" alt=\"\" width=\"50\" height=\"50\" \/><img decoding=\"async\" src=\"https:\/\/as-schwabe.de\/wp-content\/uploads\/ikony\/znak_PB.png\" alt=\"\" width=\"50\" height=\"50\" \/><img decoding=\"async\" src=\"https:\/\/as-schwabe.de\/wp-content\/uploads\/ikony\/znak_Z.png\" alt=\"\" width=\"50\" height=\"50\" \/><img loading=\"lazy\" decoding=\"async\" src=\"https:\/\/as-schwabe.de\/wp-content\/uploads\/ikony\/znak_D.png\" alt=\"\" width=\"50\" height=\"50\" \/><\/div>\n<ul>\n<li>kabel na metry H07RN-F <\/li>\n<li>przewody przeznaczone do najwy\u017cszych obci\u0105\u017ce\u0144 mechanicznych, idealne do zastosowa\u0144 przemys\u0142owych, takich jak pod\u0142\u0105czanie maszyn i silnik\u00f3w <\/li>\n<li>produkty wykonane w Europie, spe\u0142niaj\u0105ce rygorystyczne standardy jako\u015bci<\/li>\n<li> przewody posiadaj\u0105 dodatkow\u0105 izolacj\u0119 z gumy, poliuretanu lub PCV, a tak\u017ce pow\u0142ok\u0119 neoprenow\u0105, co zwi\u0119ksza ich odporno\u015b\u0107 na uszkodzenia mechaniczne <\/li>\n<\/ul>","protected":false},"featured_media":28854,"template":"","meta":{"inline_featured_image":false},"genre":[509],"product_cat":[507,508],"product_tag":[],"class_list":{"0":"post-14145","1":"product","2":"type-product","3":"status-publish","4":"has-post-thumbnail","6":"product_brand-as-schwabe-pl","7":"product_cat-przewody-przylaczeniowe-2-pl","8":"product_cat-kable-w-krazkach-sprzedawane-na-metry-pl","10":"first","11":"instock","12":"shipping-taxable","13":"product-type-simple"},"aioseo_notices":[],"_links":{"self":[{"href":"https:\/\/as-schwabe.de\/pl\/wp-json\/wp\/v2\/product\/14145","targetHints":{"allow":["GET"]}}],"collection":[{"href":"https:\/\/as-schwabe.de\/pl\/wp-json\/wp\/v2\/product"}],"about":[{"href":"https:\/\/as-schwabe.de\/pl\/wp-json\/wp\/v2\/types\/product"}],"version-history":[{"count":0,"href":"https:\/\/as-schwabe.de\/pl\/wp-json\/wp\/v2\/product\/14145\/revisions"}],"wp:featuredmedia":[{"embeddable":true,"href":"https:\/\/as-schwabe.de\/pl\/wp-json\/wp\/v2\/media\/28854"}],"wp:attachment":[{"href":"https:\/\/as-schwabe.de\/pl\/wp-json\/wp\/v2\/media?parent=14145"}],"wp:term":[{"taxonomy":"product_brand","embeddable":true,"href":"https:\/\/as-schwabe.de\/pl\/wp-json\/wp\/v2\/genre?post=14145"},{"taxonomy":"product_cat","embeddable":true,"href":"https:\/\/as-schwabe.de\/pl\/wp-json\/wp\/v2\/product_cat?post=14145"},{"taxonomy":"product_tag","embeddable":true,"href":"https:\/\/as-schwabe.de\/pl\/wp-json\/wp\/v2\/product_tag?post=14145"}],"curies":[{"name":"wp","href":"https:\/\/api.w.org\/{rel}","templated":true}]}}