{"id":14143,"date":"2025-09-25T16:09:41","date_gmt":"2025-09-25T16:09:41","guid":{"rendered":"https:\/\/as-schwabe.de\/produkt\/kabel-h07rn-f-4g35-na-metry-400-v-125-a-cza-1-m-10089\/"},"modified":"2025-10-23T00:12:35","modified_gmt":"2025-10-23T00:12:35","slug":"kabel-h07rn-f-4g35-na-metry-400-v-125-a-cza-1-m-10089","status":"publish","type":"product","link":"https:\/\/as-schwabe.de\/pl\/produkt\/kabel-h07rn-f-4g35-na-metry-400-v-125-a-cza-1-m-10089\/","title":{"rendered":"Kabel 1 m H07RN-F 4G35 na metry 450\/750 V CZA | 10089"},"content":{"rendered":"<p>Kabel H07RN-F 4G35 to wysokiej jako\u015bci przew\u00f3d elektryczny przeznaczony do u\u017cytku zewn\u0119trznego oraz w warunkach budowlanych. Oferuje doskona\u0142\u0105 odporno\u015b\u0107 na dzia\u0142anie zmiennych warunk\u00f3w atmosferycznych, co czyni go idealnym rozwi\u0105zaniem do zasilania urz\u0105dze\u0144 na placach budowy i w innych aplikacjach zewn\u0119trznych. Jego przekr\u00f3j 4G35 pozwala na przesy\u0142 pr\u0105du o nat\u0119\u017ceniu do 125 A, co zapewnia niezawodno\u015b\u0107 oraz bezpiecze\u0144stwo u\u017cytkowania. Kabl ten charakteryzuje si\u0119 tak\u017ce elastyczno\u015bci\u0105 oraz wysok\u0105 odporno\u015bci\u0105 na mechaniczne uszkodzenia, co u\u0142atwia jego instalacj\u0119 i obs\u0142ug\u0119 w trudnych warunkach. Dzi\u0119ki zastosowaniu materia\u0142\u00f3w najwy\u017cszej jako\u015bci, kabel H07RN-F 4G35 gwarantuje d\u0142ugotrwa\u0142\u0105 i stabiln\u0105 prac\u0119, co sprawia, \u017ce jest idealnym wyborem dla profesjonalist\u00f3w w bran\u017cy elektrotechnicznej.<\/p>","protected":false},"excerpt":{"rendered":"<div class=\"icons\" style=\"display: flex; flex-wrap: wrap; gap: 5px; align-items: center; margin-top: 10px;\"><img decoding=\"async\" src=\"https:\/\/as-schwabe.de\/wp-content\/uploads\/ikony\/znak_CE.png\" alt=\"\" width=\"50\" height=\"50\" \/><img decoding=\"async\" src=\"https:\/\/as-schwabe.de\/wp-content\/uploads\/ikony\/znak_PB.png\" alt=\"\" width=\"50\" height=\"50\" \/><img decoding=\"async\" src=\"https:\/\/as-schwabe.de\/wp-content\/uploads\/ikony\/znak_Z.png\" alt=\"\" width=\"50\" height=\"50\" \/><img loading=\"lazy\" decoding=\"async\" src=\"https:\/\/as-schwabe.de\/wp-content\/uploads\/ikony\/znak_D.png\" alt=\"\" width=\"50\" height=\"50\" \/><\/div>\n<ul>\n<li>kabel na metry H07RN-F <\/li>\n<li>przewody przeznaczone do najwy\u017cszych obci\u0105\u017ce\u0144 mechanicznych, idealne do zastosowa\u0144 przemys\u0142owych, takich jak pod\u0142\u0105czanie maszyn i silnik\u00f3w <\/li>\n<li>produkty wykonane w Europie, spe\u0142niaj\u0105ce rygorystyczne standardy jako\u015bci<\/li>\n<li> przewody posiadaj\u0105 dodatkow\u0105 izolacj\u0119 z gumy, poliuretanu lub PCV, a tak\u017ce pow\u0142ok\u0119 neoprenow\u0105, co zwi\u0119ksza ich odporno\u015b\u0107 na uszkodzenia mechaniczne <\/li>\n<\/ul>","protected":false},"featured_media":28853,"template":"","meta":{"inline_featured_image":false},"genre":[509],"product_cat":[507,508],"product_tag":[],"class_list":{"0":"post-14143","1":"product","2":"type-product","3":"status-publish","4":"has-post-thumbnail","6":"product_brand-as-schwabe-pl","7":"product_cat-przewody-przylaczeniowe-2-pl","8":"product_cat-kable-w-krazkach-sprzedawane-na-metry-pl","10":"first","11":"instock","12":"shipping-taxable","13":"product-type-simple"},"aioseo_notices":[],"_links":{"self":[{"href":"https:\/\/as-schwabe.de\/pl\/wp-json\/wp\/v2\/product\/14143","targetHints":{"allow":["GET"]}}],"collection":[{"href":"https:\/\/as-schwabe.de\/pl\/wp-json\/wp\/v2\/product"}],"about":[{"href":"https:\/\/as-schwabe.de\/pl\/wp-json\/wp\/v2\/types\/product"}],"version-history":[{"count":0,"href":"https:\/\/as-schwabe.de\/pl\/wp-json\/wp\/v2\/product\/14143\/revisions"}],"wp:featuredmedia":[{"embeddable":true,"href":"https:\/\/as-schwabe.de\/pl\/wp-json\/wp\/v2\/media\/28853"}],"wp:attachment":[{"href":"https:\/\/as-schwabe.de\/pl\/wp-json\/wp\/v2\/media?parent=14143"}],"wp:term":[{"taxonomy":"product_brand","embeddable":true,"href":"https:\/\/as-schwabe.de\/pl\/wp-json\/wp\/v2\/genre?post=14143"},{"taxonomy":"product_cat","embeddable":true,"href":"https:\/\/as-schwabe.de\/pl\/wp-json\/wp\/v2\/product_cat?post=14143"},{"taxonomy":"product_tag","embeddable":true,"href":"https:\/\/as-schwabe.de\/pl\/wp-json\/wp\/v2\/product_tag?post=14143"}],"curies":[{"name":"wp","href":"https:\/\/api.w.org\/{rel}","templated":true}]}}