{"id":14121,"date":"2025-09-25T16:09:23","date_gmt":"2025-09-25T16:09:23","guid":{"rendered":"https:\/\/as-schwabe.de\/produkt\/kabel-h07rn-f-5g16-w-krazku-400-v-63-a-cza-50-m-10053\/"},"modified":"2025-10-23T00:12:30","modified_gmt":"2025-10-23T00:12:30","slug":"kabel-h07rn-f-5g16-w-krazku-400-v-63-a-cza-50-m-10053","status":"publish","type":"product","link":"https:\/\/as-schwabe.de\/pl\/produkt\/kabel-h07rn-f-5g16-w-krazku-400-v-63-a-cza-50-m-10053\/","title":{"rendered":"Kabel 50 m H07RN-F 5G16 w kr\u0105\u017cku 450\/750 V CZA | 10053"},"content":{"rendered":"<p>Kabel H07RN-F 5G16 to wysokiej jako\u015bci produkt przeznaczony do zewn\u0119trznego u\u017cytku oraz zastosowa\u0144 budowlanych. Jego konstrukcja z pi\u0119cioma \u017cy\u0142ami o przekroju 16 mm\u00b2 zapewnia odporno\u015b\u0107 na trudne warunki atmosferyczne oraz mechaniczne, co czyni go idealnym rozwi\u0105zaniem do zasilania maszyn i urz\u0105dze\u0144 w terenie. Kabel charakteryzuje si\u0119 napi\u0119ciem nominalnym 400 V i maksymalnym pr\u0105dem 63 A, co gwarantuje stabiln\u0105 i bezpieczn\u0105 prac\u0119. Dzi\u0119ki elastycznemu, czarnemu materia\u0142owi izolacyjnemu, H07RN-F jest \u0142atwy w manewrowaniu oraz odporny na dzia\u0142anie olej\u00f3w i chemikali\u00f3w. Produkt sprzedawany na kr\u0105\u017cku o d\u0142ugo\u015bci 50 m umo\u017cliwia wygodne przechowywanie i u\u017cytkowanie w r\u00f3\u017cnych aplikacjach przemys\u0142owych.<\/p>","protected":false},"excerpt":{"rendered":"<div class=\"icons\" style=\"display: flex; flex-wrap: wrap; gap: 5px; align-items: center; margin-top: 10px;\"><img decoding=\"async\" src=\"https:\/\/as-schwabe.de\/wp-content\/uploads\/ikony\/znak_CE.png\" alt=\"\" width=\"50\" height=\"50\" \/><img decoding=\"async\" src=\"https:\/\/as-schwabe.de\/wp-content\/uploads\/ikony\/znak_PB.png\" alt=\"\" width=\"50\" height=\"50\" \/><img decoding=\"async\" src=\"https:\/\/as-schwabe.de\/wp-content\/uploads\/ikony\/znak_Z.png\" alt=\"\" width=\"50\" height=\"50\" \/><img loading=\"lazy\" decoding=\"async\" src=\"https:\/\/as-schwabe.de\/wp-content\/uploads\/ikony\/znak_D.png\" alt=\"\" width=\"50\" height=\"50\" \/><\/div>\n<ul>\n<li>kabel w kr\u0105\u017cku H07RN-F <\/li>\n<li>przewody przeznaczone do najwy\u017cszych obci\u0105\u017ce\u0144 mechanicznych, idealne do zastosowa\u0144 przemys\u0142owych, takich jak pod\u0142\u0105czanie maszyn i silnik\u00f3w <\/li>\n<li>produkty wykonane w Europie, spe\u0142niaj\u0105ce rygorystyczne standardy jako\u015bci<\/li>\n<li> przewody posiadaj\u0105 dodatkow\u0105 izolacj\u0119 z gumy, poliuretanu lub PCV, a tak\u017ce pow\u0142ok\u0119 neoprenow\u0105, co zwi\u0119ksza ich odporno\u015b\u0107 na uszkodzenia mechaniczne <\/li>\n<\/ul>","protected":false},"featured_media":28840,"template":"","meta":{"inline_featured_image":false},"genre":[509],"product_cat":[507,508],"product_tag":[],"class_list":{"0":"post-14121","1":"product","2":"type-product","3":"status-publish","4":"has-post-thumbnail","6":"product_brand-as-schwabe-pl","7":"product_cat-przewody-przylaczeniowe-2-pl","8":"product_cat-kable-w-krazkach-sprzedawane-na-metry-pl","10":"first","11":"instock","12":"shipping-taxable","13":"product-type-simple"},"aioseo_notices":[],"_links":{"self":[{"href":"https:\/\/as-schwabe.de\/pl\/wp-json\/wp\/v2\/product\/14121","targetHints":{"allow":["GET"]}}],"collection":[{"href":"https:\/\/as-schwabe.de\/pl\/wp-json\/wp\/v2\/product"}],"about":[{"href":"https:\/\/as-schwabe.de\/pl\/wp-json\/wp\/v2\/types\/product"}],"version-history":[{"count":0,"href":"https:\/\/as-schwabe.de\/pl\/wp-json\/wp\/v2\/product\/14121\/revisions"}],"wp:featuredmedia":[{"embeddable":true,"href":"https:\/\/as-schwabe.de\/pl\/wp-json\/wp\/v2\/media\/28840"}],"wp:attachment":[{"href":"https:\/\/as-schwabe.de\/pl\/wp-json\/wp\/v2\/media?parent=14121"}],"wp:term":[{"taxonomy":"product_brand","embeddable":true,"href":"https:\/\/as-schwabe.de\/pl\/wp-json\/wp\/v2\/genre?post=14121"},{"taxonomy":"product_cat","embeddable":true,"href":"https:\/\/as-schwabe.de\/pl\/wp-json\/wp\/v2\/product_cat?post=14121"},{"taxonomy":"product_tag","embeddable":true,"href":"https:\/\/as-schwabe.de\/pl\/wp-json\/wp\/v2\/product_tag?post=14121"}],"curies":[{"name":"wp","href":"https:\/\/api.w.org\/{rel}","templated":true}]}}