{"id":14109,"date":"2025-09-25T16:09:16","date_gmt":"2025-09-25T16:09:16","guid":{"rendered":"https:\/\/as-schwabe.de\/produkt\/kabel-h07rn-f-5g10-na-metry-400-v-63-a-cza-1-m-10045\/"},"modified":"2025-10-23T00:12:27","modified_gmt":"2025-10-23T00:12:27","slug":"kabel-h07rn-f-5g10-na-metry-400-v-63-a-cza-1-m-10045","status":"publish","type":"product","link":"https:\/\/as-schwabe.de\/pl\/produkt\/kabel-h07rn-f-5g10-na-metry-400-v-63-a-cza-1-m-10045\/","title":{"rendered":"Kabel 1 m H07RN-F 5G10 na metry 450\/750 V CZA | 10045"},"content":{"rendered":"<p>Kabel H07RN-F 5G10 o d\u0142ugo\u015bci 1 m to wysokiej jako\u015bci przew\u00f3d na metry, przeznaczony do u\u017cytku zar\u00f3wno na zewn\u0105trz, jak i na budowach. Wyposa\u017cony w pi\u0119\u0107 \u017cy\u0142 o przekroju 10 mm\u00b2, zapewnia maksymalne napi\u0119cie robocze 400 V oraz pr\u0105d znamionowy wynosz\u0105cy 63 A, co czyni go idealnym rozwi\u0105zaniem dla profesjonalnych aplikacji wymagaj\u0105cych wysokiej wydajno\u015bci. Dzi\u0119ki odporno\u015bci na dzia\u0142anie czynnik\u00f3w atmosferycznych oraz mechaniczne, kabel ten jest doskona\u0142ym wyborem do trudnych warunk\u00f3w pracy. Jego elastyczna konstrukcja umo\u017cliwia \u0142atwy monta\u017c i transport, co znacz\u0105co zwi\u0119ksza komfort u\u017cytkowania. Kod H07RN-F oznacza r\u00f3wnie\u017c zgodno\u015b\u0107 z normami bezpiecze\u0144stwa, co stanowi dodatkowy atut dla u\u017cytkownik\u00f3w dbaj\u0105cych o jako\u015b\u0107 i niezawodno\u015b\u0107 instalacji elektrycznych.<\/p>","protected":false},"excerpt":{"rendered":"<div class=\"icons\" style=\"display: flex; flex-wrap: wrap; gap: 5px; align-items: center; margin-top: 10px;\"><img decoding=\"async\" src=\"https:\/\/as-schwabe.de\/wp-content\/uploads\/ikony\/znak_CE.png\" alt=\"\" width=\"50\" height=\"50\" \/><img decoding=\"async\" src=\"https:\/\/as-schwabe.de\/wp-content\/uploads\/ikony\/znak_PB.png\" alt=\"\" width=\"50\" height=\"50\" \/><img decoding=\"async\" src=\"https:\/\/as-schwabe.de\/wp-content\/uploads\/ikony\/znak_Z.png\" alt=\"\" width=\"50\" height=\"50\" \/><img loading=\"lazy\" decoding=\"async\" src=\"https:\/\/as-schwabe.de\/wp-content\/uploads\/ikony\/znak_D.png\" alt=\"\" width=\"50\" height=\"50\" \/><\/div>\n<ul>\n<li>kabel na metry H07RN-F <\/li>\n<li>przewody przeznaczone do najwy\u017cszych obci\u0105\u017ce\u0144 mechanicznych, idealne do zastosowa\u0144 przemys\u0142owych, takich jak pod\u0142\u0105czanie maszyn i silnik\u00f3w <\/li>\n<li>produkty wykonane w Europie, spe\u0142niaj\u0105ce rygorystyczne standardy jako\u015bci<\/li>\n<li> przewody posiadaj\u0105 dodatkow\u0105 izolacj\u0119 z gumy, poliuretanu lub PCV, a tak\u017ce pow\u0142ok\u0119 neoprenow\u0105, co zwi\u0119ksza ich odporno\u015b\u0107 na uszkodzenia mechaniczne <\/li>\n<\/ul>","protected":false},"featured_media":28834,"template":"","meta":{"inline_featured_image":false},"genre":[509],"product_cat":[507,508],"product_tag":[],"class_list":{"0":"post-14109","1":"product","2":"type-product","3":"status-publish","4":"has-post-thumbnail","6":"product_brand-as-schwabe-pl","7":"product_cat-przewody-przylaczeniowe-2-pl","8":"product_cat-kable-w-krazkach-sprzedawane-na-metry-pl","10":"first","11":"instock","12":"shipping-taxable","13":"product-type-simple"},"aioseo_notices":[],"_links":{"self":[{"href":"https:\/\/as-schwabe.de\/pl\/wp-json\/wp\/v2\/product\/14109","targetHints":{"allow":["GET"]}}],"collection":[{"href":"https:\/\/as-schwabe.de\/pl\/wp-json\/wp\/v2\/product"}],"about":[{"href":"https:\/\/as-schwabe.de\/pl\/wp-json\/wp\/v2\/types\/product"}],"version-history":[{"count":0,"href":"https:\/\/as-schwabe.de\/pl\/wp-json\/wp\/v2\/product\/14109\/revisions"}],"wp:featuredmedia":[{"embeddable":true,"href":"https:\/\/as-schwabe.de\/pl\/wp-json\/wp\/v2\/media\/28834"}],"wp:attachment":[{"href":"https:\/\/as-schwabe.de\/pl\/wp-json\/wp\/v2\/media?parent=14109"}],"wp:term":[{"taxonomy":"product_brand","embeddable":true,"href":"https:\/\/as-schwabe.de\/pl\/wp-json\/wp\/v2\/genre?post=14109"},{"taxonomy":"product_cat","embeddable":true,"href":"https:\/\/as-schwabe.de\/pl\/wp-json\/wp\/v2\/product_cat?post=14109"},{"taxonomy":"product_tag","embeddable":true,"href":"https:\/\/as-schwabe.de\/pl\/wp-json\/wp\/v2\/product_tag?post=14109"}],"curies":[{"name":"wp","href":"https:\/\/api.w.org\/{rel}","templated":true}]}}