{"id":14105,"date":"2025-09-25T16:09:15","date_gmt":"2025-09-25T16:09:15","guid":{"rendered":"https:\/\/as-schwabe.de\/produkt\/kabel-h07rn-f-5g6-w-krazku-400-v-32-a-cza-50m-10042\/"},"modified":"2025-10-23T00:12:26","modified_gmt":"2025-10-23T00:12:26","slug":"kabel-h07rn-f-5g6-w-krazku-400-v-32-a-cza-50m-10042","status":"publish","type":"product","link":"https:\/\/as-schwabe.de\/pl\/produkt\/kabel-h07rn-f-5g6-w-krazku-400-v-32-a-cza-50m-10042\/","title":{"rendered":"Kabel 50 m H07RN-F 5G6 w kr\u0105\u017cku 450\/750 V CZA | 10042"},"content":{"rendered":"<p>Kabel H07RN-F 5G6 o d\u0142ugo\u015bci 50 metr\u00f3w to wysokiej jako\u015bci przew\u00f3d elektryczny, przeznaczony do zastosowa\u0144 na zewn\u0105trz i w budownictwie. Charakteryzuje si\u0119 napi\u0119ciem znamionowym 400 V oraz pr\u0105dem znamionowym 32 A, co zapewnia jego wszechstronno\u015b\u0107 i niezawodno\u015b\u0107 w trudnych warunkach. Wykonany z elastycznych przewod\u00f3w miedzianych, kabel ten jest odporny na dzia\u0142anie wysokich temperatur oraz wp\u0142yw czynnik\u00f3w atmosferycznych, co czyni go idealnym rozwi\u0105zaniem do u\u017cytku na placach budowy i w innych wymagaj\u0105cych aplikacjach. Dodatkowo, czarna os\u0142ona z gumy syntetycznej gwarantuje wysok\u0105 odporno\u015b\u0107 na przetarcia i mechaniczne uszkodzenia. Wybieraj\u0105c kabel H07RN-F 5G6, zyskuj\u0105 Pa\u0144stwo solidne, bezpieczne i trwa\u0142e \u017ar\u00f3d\u0142o zasilania w ka\u017cdej sytuacji.<\/p>","protected":false},"excerpt":{"rendered":"<div class=\"icons\" style=\"display: flex; flex-wrap: wrap; gap: 5px; align-items: center; margin-top: 10px;\"><img decoding=\"async\" src=\"https:\/\/as-schwabe.de\/wp-content\/uploads\/ikony\/znak_CE.png\" alt=\"\" width=\"50\" height=\"50\" \/><img decoding=\"async\" src=\"https:\/\/as-schwabe.de\/wp-content\/uploads\/ikony\/znak_PB.png\" alt=\"\" width=\"50\" height=\"50\" \/><img decoding=\"async\" src=\"https:\/\/as-schwabe.de\/wp-content\/uploads\/ikony\/znak_Z.png\" alt=\"\" width=\"50\" height=\"50\" \/><img loading=\"lazy\" decoding=\"async\" src=\"https:\/\/as-schwabe.de\/wp-content\/uploads\/ikony\/znak_D.png\" alt=\"\" width=\"50\" height=\"50\" \/><\/div>\n<ul>\n<li>kabel w kr\u0105\u017cku H07RN-F <\/li>\n<li>przewody przeznaczone do najwy\u017cszych obci\u0105\u017ce\u0144 mechanicznych, idealne do zastosowa\u0144 przemys\u0142owych, takich jak pod\u0142\u0105czanie maszyn i silnik\u00f3w <\/li>\n<li>produkty wykonane w Europie, spe\u0142niaj\u0105ce rygorystyczne standardy jako\u015bci<\/li>\n<li> przewody posiadaj\u0105 dodatkow\u0105 izolacj\u0119 z gumy, poliuretanu lub PCV, a tak\u017ce pow\u0142ok\u0119 neoprenow\u0105, co zwi\u0119ksza ich odporno\u015b\u0107 na uszkodzenia mechaniczne <\/li>\n<\/ul>","protected":false},"featured_media":28832,"template":"","meta":{"inline_featured_image":false},"genre":[509],"product_cat":[507,508],"product_tag":[],"class_list":{"0":"post-14105","1":"product","2":"type-product","3":"status-publish","4":"has-post-thumbnail","6":"product_brand-as-schwabe-pl","7":"product_cat-przewody-przylaczeniowe-2-pl","8":"product_cat-kable-w-krazkach-sprzedawane-na-metry-pl","10":"first","11":"instock","12":"shipping-taxable","13":"product-type-simple"},"aioseo_notices":[],"_links":{"self":[{"href":"https:\/\/as-schwabe.de\/pl\/wp-json\/wp\/v2\/product\/14105","targetHints":{"allow":["GET"]}}],"collection":[{"href":"https:\/\/as-schwabe.de\/pl\/wp-json\/wp\/v2\/product"}],"about":[{"href":"https:\/\/as-schwabe.de\/pl\/wp-json\/wp\/v2\/types\/product"}],"version-history":[{"count":0,"href":"https:\/\/as-schwabe.de\/pl\/wp-json\/wp\/v2\/product\/14105\/revisions"}],"wp:featuredmedia":[{"embeddable":true,"href":"https:\/\/as-schwabe.de\/pl\/wp-json\/wp\/v2\/media\/28832"}],"wp:attachment":[{"href":"https:\/\/as-schwabe.de\/pl\/wp-json\/wp\/v2\/media?parent=14105"}],"wp:term":[{"taxonomy":"product_brand","embeddable":true,"href":"https:\/\/as-schwabe.de\/pl\/wp-json\/wp\/v2\/genre?post=14105"},{"taxonomy":"product_cat","embeddable":true,"href":"https:\/\/as-schwabe.de\/pl\/wp-json\/wp\/v2\/product_cat?post=14105"},{"taxonomy":"product_tag","embeddable":true,"href":"https:\/\/as-schwabe.de\/pl\/wp-json\/wp\/v2\/product_tag?post=14105"}],"curies":[{"name":"wp","href":"https:\/\/api.w.org\/{rel}","templated":true}]}}