{"id":14101,"date":"2025-09-25T16:09:12","date_gmt":"2025-09-25T16:09:12","guid":{"rendered":"https:\/\/as-schwabe.de\/produkt\/kabel-h07rn-f-5g6-na-metry-400-v-32-a-cza-1-m-10040\/"},"modified":"2025-10-23T00:12:25","modified_gmt":"2025-10-23T00:12:25","slug":"kabel-h07rn-f-5g6-na-metry-400-v-32-a-cza-1-m-10040","status":"publish","type":"product","link":"https:\/\/as-schwabe.de\/pl\/produkt\/kabel-h07rn-f-5g6-na-metry-400-v-32-a-cza-1-m-10040\/","title":{"rendered":"Kabel 1 m H07RN-F 5G6 na metry 450\/750 V CZA | 10040"},"content":{"rendered":"<p>Kabel H07RN-F 5G6 to elastyczny przew\u00f3d o napi\u0119ciu roboczym 400 V i pr\u0105dzie znamionowym 32 A, przeznaczony do u\u017cytku na zewn\u0105trz oraz w trudnych warunkach budowlanych. Z pi\u0119cioma \u017cy\u0142ami o przekroju 6 mm\u00b2, zapewnia wysok\u0105 odporno\u015b\u0107 na uszkodzenia mechaniczne oraz dzia\u0142anie niekorzystnych warunk\u00f3w atmosferycznych, co czyni go idealnym rozwi\u0105zaniem dla profesjonalnych aplikacji. Kabel charakteryzuje si\u0119 doskona\u0142\u0105 elastyczno\u015bci\u0105, u\u0142atwiaj\u0105c\u0105 jego uk\u0142adanie oraz transport, a jego czarna izolacja z gumy syntetycznej gwarantuje dodatkow\u0105 ochron\u0119 przed wp\u0142ywem UV i olej\u00f3w. H07RN-F 5G6 to doskona\u0142y wyb\u00f3r dla elektryk\u00f3w i wykonawc\u00f3w poszukuj\u0105cych niezawodnego rozwi\u0105zania do zasilania maszyn, narz\u0119dzi oraz innych urz\u0105dze\u0144 elektrycznych w terenie.<\/p>","protected":false},"excerpt":{"rendered":"<div class=\"icons\" style=\"display: flex; flex-wrap: wrap; gap: 5px; align-items: center; margin-top: 10px;\"><img decoding=\"async\" src=\"https:\/\/as-schwabe.de\/wp-content\/uploads\/ikony\/znak_CE.png\" alt=\"\" width=\"50\" height=\"50\" \/><img decoding=\"async\" src=\"https:\/\/as-schwabe.de\/wp-content\/uploads\/ikony\/znak_PB.png\" alt=\"\" width=\"50\" height=\"50\" \/><img decoding=\"async\" src=\"https:\/\/as-schwabe.de\/wp-content\/uploads\/ikony\/znak_Z.png\" alt=\"\" width=\"50\" height=\"50\" \/><img loading=\"lazy\" decoding=\"async\" src=\"https:\/\/as-schwabe.de\/wp-content\/uploads\/ikony\/znak_D.png\" alt=\"\" width=\"50\" height=\"50\" \/><\/div>\n<ul>\n<li>kabel na metry H07RN-F <\/li>\n<li>przewody przeznaczone do najwy\u017cszych obci\u0105\u017ce\u0144 mechanicznych, idealne do zastosowa\u0144 przemys\u0142owych, takich jak pod\u0142\u0105czanie maszyn i silnik\u00f3w <\/li>\n<li>produkty wykonane w Europie, spe\u0142niaj\u0105ce rygorystyczne standardy jako\u015bci<\/li>\n<li> przewody posiadaj\u0105 dodatkow\u0105 izolacj\u0119 z gumy, poliuretanu lub PCV, a tak\u017ce pow\u0142ok\u0119 neoprenow\u0105, co zwi\u0119ksza ich odporno\u015b\u0107 na uszkodzenia mechaniczne <\/li>\n<\/ul>","protected":false},"featured_media":28830,"template":"","meta":{"inline_featured_image":false},"genre":[509],"product_cat":[507,508],"product_tag":[],"class_list":{"0":"post-14101","1":"product","2":"type-product","3":"status-publish","4":"has-post-thumbnail","6":"product_brand-as-schwabe-pl","7":"product_cat-przewody-przylaczeniowe-2-pl","8":"product_cat-kable-w-krazkach-sprzedawane-na-metry-pl","10":"first","11":"instock","12":"shipping-taxable","13":"product-type-simple"},"aioseo_notices":[],"_links":{"self":[{"href":"https:\/\/as-schwabe.de\/pl\/wp-json\/wp\/v2\/product\/14101","targetHints":{"allow":["GET"]}}],"collection":[{"href":"https:\/\/as-schwabe.de\/pl\/wp-json\/wp\/v2\/product"}],"about":[{"href":"https:\/\/as-schwabe.de\/pl\/wp-json\/wp\/v2\/types\/product"}],"version-history":[{"count":0,"href":"https:\/\/as-schwabe.de\/pl\/wp-json\/wp\/v2\/product\/14101\/revisions"}],"wp:featuredmedia":[{"embeddable":true,"href":"https:\/\/as-schwabe.de\/pl\/wp-json\/wp\/v2\/media\/28830"}],"wp:attachment":[{"href":"https:\/\/as-schwabe.de\/pl\/wp-json\/wp\/v2\/media?parent=14101"}],"wp:term":[{"taxonomy":"product_brand","embeddable":true,"href":"https:\/\/as-schwabe.de\/pl\/wp-json\/wp\/v2\/genre?post=14101"},{"taxonomy":"product_cat","embeddable":true,"href":"https:\/\/as-schwabe.de\/pl\/wp-json\/wp\/v2\/product_cat?post=14101"},{"taxonomy":"product_tag","embeddable":true,"href":"https:\/\/as-schwabe.de\/pl\/wp-json\/wp\/v2\/product_tag?post=14101"}],"curies":[{"name":"wp","href":"https:\/\/api.w.org\/{rel}","templated":true}]}}