{"id":14093,"date":"2025-09-25T16:09:07","date_gmt":"2025-09-25T16:09:07","guid":{"rendered":"https:\/\/as-schwabe.de\/produkt\/kabel-h07rn-f-5g4-na-metry-400-v-32-a-cza-1-m-10034\/"},"modified":"2025-10-23T00:12:24","modified_gmt":"2025-10-23T00:12:24","slug":"kabel-h07rn-f-5g4-na-metry-400-v-32-a-cza-1-m-10034","status":"publish","type":"product","link":"https:\/\/as-schwabe.de\/pl\/produkt\/kabel-h07rn-f-5g4-na-metry-400-v-32-a-cza-1-m-10034\/","title":{"rendered":"Kabel 1 m H07RN-F 5G4 na metry 450\/750 V CZA | 10034"},"content":{"rendered":"<p>Kabel H07RN-F 5G4 na metry to wysokiej jako\u015bci przew\u00f3d o napi\u0119ciu 400 V i pr\u0105dzie nominalnym 32 A, stworzony z my\u015bl\u0105 o zastosowaniach zewn\u0119trznych oraz na placach budowy. Dzi\u0119ki pi\u0119ciu \u017cy\u0142om, wykonanym z elastycznego miedzi, kabel cechuje si\u0119 doskona\u0142ymi w\u0142a\u015bciwo\u015bciami przewodz\u0105cymi oraz du\u017c\u0105 odporno\u015bci\u0105 na uszkodzenia mechaniczne, co zapewnia niezawodno\u015b\u0107 w trudnych warunkach. Jego czarna, gumowa os\u0142ona chroni przed wp\u0142ywem wilgoci, promieniowaniem UV oraz substancjami chemicznymi, co czyni go idealnym rozwi\u0105zaniem do pracy w terenie. Kabel jest dost\u0119pny w dowolnej d\u0142ugo\u015bci, co pozwala na elastyczne dopasowanie do indywidualnych potrzeb u\u017cytkownik\u00f3w. Wybieraj\u0105c H07RN-F 5G4, inwestujesz w bezpiecze\u0144stwo oraz komfort pracy w ka\u017cdym otoczeniu.<\/p>","protected":false},"excerpt":{"rendered":"<div class=\"icons\" style=\"display: flex; flex-wrap: wrap; gap: 5px; align-items: center; margin-top: 10px;\"><img decoding=\"async\" src=\"https:\/\/as-schwabe.de\/wp-content\/uploads\/ikony\/znak_CE.png\" alt=\"\" width=\"50\" height=\"50\" \/><img decoding=\"async\" src=\"https:\/\/as-schwabe.de\/wp-content\/uploads\/ikony\/znak_PB.png\" alt=\"\" width=\"50\" height=\"50\" \/><img decoding=\"async\" src=\"https:\/\/as-schwabe.de\/wp-content\/uploads\/ikony\/znak_Z.png\" alt=\"\" width=\"50\" height=\"50\" \/><img loading=\"lazy\" decoding=\"async\" src=\"https:\/\/as-schwabe.de\/wp-content\/uploads\/ikony\/znak_D.png\" alt=\"\" width=\"50\" height=\"50\" \/><\/div>\n<ul>\n<li>kabel na metry H07RN-F <\/li>\n<li>przewody przeznaczone do najwy\u017cszych obci\u0105\u017ce\u0144 mechanicznych, idealne do zastosowa\u0144 przemys\u0142owych, takich jak pod\u0142\u0105czanie maszyn i silnik\u00f3w <\/li>\n<li>produkty wykonane w Europie, spe\u0142niaj\u0105ce rygorystyczne standardy jako\u015bci<\/li>\n<li> przewody posiadaj\u0105 dodatkow\u0105 izolacj\u0119 z gumy, poliuretanu lub PCV, a tak\u017ce pow\u0142ok\u0119 neoprenow\u0105, co zwi\u0119ksza ich odporno\u015b\u0107 na uszkodzenia mechaniczne <\/li>\n<\/ul>","protected":false},"featured_media":28826,"template":"","meta":{"inline_featured_image":false},"genre":[509],"product_cat":[507,508],"product_tag":[],"class_list":{"0":"post-14093","1":"product","2":"type-product","3":"status-publish","4":"has-post-thumbnail","6":"product_brand-as-schwabe-pl","7":"product_cat-przewody-przylaczeniowe-2-pl","8":"product_cat-kable-w-krazkach-sprzedawane-na-metry-pl","10":"first","11":"instock","12":"shipping-taxable","13":"product-type-simple"},"aioseo_notices":[],"_links":{"self":[{"href":"https:\/\/as-schwabe.de\/pl\/wp-json\/wp\/v2\/product\/14093","targetHints":{"allow":["GET"]}}],"collection":[{"href":"https:\/\/as-schwabe.de\/pl\/wp-json\/wp\/v2\/product"}],"about":[{"href":"https:\/\/as-schwabe.de\/pl\/wp-json\/wp\/v2\/types\/product"}],"version-history":[{"count":0,"href":"https:\/\/as-schwabe.de\/pl\/wp-json\/wp\/v2\/product\/14093\/revisions"}],"wp:featuredmedia":[{"embeddable":true,"href":"https:\/\/as-schwabe.de\/pl\/wp-json\/wp\/v2\/media\/28826"}],"wp:attachment":[{"href":"https:\/\/as-schwabe.de\/pl\/wp-json\/wp\/v2\/media?parent=14093"}],"wp:term":[{"taxonomy":"product_brand","embeddable":true,"href":"https:\/\/as-schwabe.de\/pl\/wp-json\/wp\/v2\/genre?post=14093"},{"taxonomy":"product_cat","embeddable":true,"href":"https:\/\/as-schwabe.de\/pl\/wp-json\/wp\/v2\/product_cat?post=14093"},{"taxonomy":"product_tag","embeddable":true,"href":"https:\/\/as-schwabe.de\/pl\/wp-json\/wp\/v2\/product_tag?post=14093"}],"curies":[{"name":"wp","href":"https:\/\/api.w.org\/{rel}","templated":true}]}}