{"id":14089,"date":"2025-09-25T16:09:03","date_gmt":"2025-09-25T16:09:03","guid":{"rendered":"https:\/\/as-schwabe.de\/produkt\/kabel-h07rn-f-5g25-na-metry-400-v-16-a-cza-1-m-10030\/"},"modified":"2025-10-23T00:12:23","modified_gmt":"2025-10-23T00:12:23","slug":"kabel-h07rn-f-5g25-na-metry-400-v-16-a-cza-1-m-10030","status":"publish","type":"product","link":"https:\/\/as-schwabe.de\/pl\/produkt\/kabel-h07rn-f-5g25-na-metry-400-v-16-a-cza-1-m-10030\/","title":{"rendered":"Kabel 1 m H07RN-F 5G2,5 na metry 450\/750 V CZA | 10030"},"content":{"rendered":"<p>Kabel H07RN-F 5G2,5 o d\u0142ugo\u015bci 1 m to elastyczny przew\u00f3d o napi\u0119ciu znamionowym 400 V i nat\u0119\u017ceniu 16 A, przeznaczony do u\u017cytku na zewn\u0105trz oraz w trudnych warunkach budowlanych. Wykonana ze specjalnych materia\u0142\u00f3w izolacyjnych konstrukcja zapewnia wysok\u0105 odporno\u015b\u0107 na dzia\u0142anie wilgoci, chemikali\u00f3w oraz promieni UV, co czyni go idealnym rozwi\u0105zaniem do zastosowa\u0144 mobilnych i stacjonarnych. Kabel charakteryzuje si\u0119 pi\u0119cioma \u017cy\u0142ami, co umo\u017cliwia pod\u0142\u0105czenie r\u00f3\u017cnych urz\u0105dze\u0144 elektrycznych w spos\u00f3b bezpieczny i efektywny. Jego czarny kolor oraz elastyczno\u015b\u0107 umo\u017cliwiaj\u0105 \u0142atwe manewrowanie i dostosowanie do wymaga\u0144 u\u017cytkownika. Wybieraj\u0105c kabel H07RN-F 5G2,5, inwestujesz w jako\u015b\u0107 i niezawodno\u015b\u0107, kt\u00f3re s\u0105 niezb\u0119dne do sprawnego funkcjonowania na budowie.<\/p>","protected":false},"excerpt":{"rendered":"<div class=\"icons\" style=\"display: flex; flex-wrap: wrap; gap: 5px; align-items: center; margin-top: 10px;\"><img decoding=\"async\" src=\"https:\/\/as-schwabe.de\/wp-content\/uploads\/ikony\/znak_CE.png\" alt=\"\" width=\"50\" height=\"50\" \/><img decoding=\"async\" src=\"https:\/\/as-schwabe.de\/wp-content\/uploads\/ikony\/znak_PB.png\" alt=\"\" width=\"50\" height=\"50\" \/><img decoding=\"async\" src=\"https:\/\/as-schwabe.de\/wp-content\/uploads\/ikony\/znak_Z.png\" alt=\"\" width=\"50\" height=\"50\" \/><img loading=\"lazy\" decoding=\"async\" src=\"https:\/\/as-schwabe.de\/wp-content\/uploads\/ikony\/znak_D.png\" alt=\"\" width=\"50\" height=\"50\" \/><\/div>\n<ul>\n<li>kabel na metry H07RN-F <\/li>\n<li>przewody przeznaczone do najwy\u017cszych obci\u0105\u017ce\u0144 mechanicznych, idealne do zastosowa\u0144 przemys\u0142owych, takich jak pod\u0142\u0105czanie maszyn i silnik\u00f3w <\/li>\n<li>produkty wykonane w Europie, spe\u0142niaj\u0105ce rygorystyczne standardy jako\u015bci<\/li>\n<li> przewody posiadaj\u0105 dodatkow\u0105 izolacj\u0119 z gumy, poliuretanu lub PCV, a tak\u017ce pow\u0142ok\u0119 neoprenow\u0105, co zwi\u0119ksza ich odporno\u015b\u0107 na uszkodzenia mechaniczne <\/li>\n<\/ul>","protected":false},"featured_media":28824,"template":"","meta":{"inline_featured_image":false},"genre":[509],"product_cat":[507,508],"product_tag":[],"class_list":{"0":"post-14089","1":"product","2":"type-product","3":"status-publish","4":"has-post-thumbnail","6":"product_brand-as-schwabe-pl","7":"product_cat-przewody-przylaczeniowe-2-pl","8":"product_cat-kable-w-krazkach-sprzedawane-na-metry-pl","10":"first","11":"instock","12":"shipping-taxable","13":"product-type-simple"},"aioseo_notices":[],"_links":{"self":[{"href":"https:\/\/as-schwabe.de\/pl\/wp-json\/wp\/v2\/product\/14089","targetHints":{"allow":["GET"]}}],"collection":[{"href":"https:\/\/as-schwabe.de\/pl\/wp-json\/wp\/v2\/product"}],"about":[{"href":"https:\/\/as-schwabe.de\/pl\/wp-json\/wp\/v2\/types\/product"}],"version-history":[{"count":0,"href":"https:\/\/as-schwabe.de\/pl\/wp-json\/wp\/v2\/product\/14089\/revisions"}],"wp:featuredmedia":[{"embeddable":true,"href":"https:\/\/as-schwabe.de\/pl\/wp-json\/wp\/v2\/media\/28824"}],"wp:attachment":[{"href":"https:\/\/as-schwabe.de\/pl\/wp-json\/wp\/v2\/media?parent=14089"}],"wp:term":[{"taxonomy":"product_brand","embeddable":true,"href":"https:\/\/as-schwabe.de\/pl\/wp-json\/wp\/v2\/genre?post=14089"},{"taxonomy":"product_cat","embeddable":true,"href":"https:\/\/as-schwabe.de\/pl\/wp-json\/wp\/v2\/product_cat?post=14089"},{"taxonomy":"product_tag","embeddable":true,"href":"https:\/\/as-schwabe.de\/pl\/wp-json\/wp\/v2\/product_tag?post=14089"}],"curies":[{"name":"wp","href":"https:\/\/api.w.org\/{rel}","templated":true}]}}