{"id":14081,"date":"2025-09-25T16:09:00","date_gmt":"2025-09-25T16:09:00","guid":{"rendered":"https:\/\/as-schwabe.de\/produkt\/kabel-h07rn-f-3g25-na-metry-230-v-16-a-cza-1-m-10018\/"},"modified":"2025-10-23T00:12:22","modified_gmt":"2025-10-23T00:12:22","slug":"kabel-h07rn-f-3g25-na-metry-230-v-16-a-cza-1-m-10018","status":"publish","type":"product","link":"https:\/\/as-schwabe.de\/pl\/produkt\/kabel-h07rn-f-3g25-na-metry-230-v-16-a-cza-1-m-10018\/","title":{"rendered":"Kabel 1 m H07RN-F 3G2,5 na metry 450\/750 V CZA | 10018"},"content":{"rendered":"<p>Kabel H07RN-F 3G2,5 o d\u0142ugo\u015bci 1 m to wysoce elastyczny przew\u00f3d o napi\u0119ciu znamionowym 230 V, kt\u00f3ry doskonale sprawdza si\u0119 w zastosowaniach zar\u00f3wno na zewn\u0105trz, jak i w warunkach budowlanych. Jego konstrukcja w klasie ochrony IP 44 zapewnia odporno\u015b\u0107 na wilgo\u0107 oraz dzia\u0142anie niekorzystnych warunk\u00f3w atmosferycznych, co gwarantuje niezawodno\u015b\u0107 w trudnych warunkach. Kabel charakteryzuje si\u0119 przewodami o przekroju 2,5 mm\u00b2 i maksymalnym obci\u0105\u017ceniu pr\u0105dowym do 16 A, co czyni go idealnym rozwi\u0105zaniem do zasilania narz\u0119dzi elektrycznych i urz\u0105dze\u0144 wymagaj\u0105cych stabilnego i wydajnego po\u0142\u0105czenia. Dzi\u0119ki elastyczno\u015bci oraz trwa\u0142o\u015bci tego przewodu u\u017cytkownik zyskuje komfort podczas pracy oraz pewno\u015b\u0107, \u017ce jego instalacje elektryczne s\u0105 bezpieczne i efektywne. Kabel H07RN-F to niezast\u0105piony element wyposa\u017cenia ka\u017cdego fachowca w bran\u017cy budowlanej i elektronicznej.<\/p>","protected":false},"excerpt":{"rendered":"<div class=\"icons\" style=\"display: flex; flex-wrap: wrap; gap: 5px; align-items: center; margin-top: 10px;\"><img decoding=\"async\" src=\"https:\/\/as-schwabe.de\/wp-content\/uploads\/ikony\/znak_CE.png\" alt=\"\" width=\"50\" height=\"50\" \/><img decoding=\"async\" src=\"https:\/\/as-schwabe.de\/wp-content\/uploads\/ikony\/znak_PB.png\" alt=\"\" width=\"50\" height=\"50\" \/><img decoding=\"async\" src=\"https:\/\/as-schwabe.de\/wp-content\/uploads\/ikony\/znak_Z.png\" alt=\"\" width=\"50\" height=\"50\" \/><img loading=\"lazy\" decoding=\"async\" src=\"https:\/\/as-schwabe.de\/wp-content\/uploads\/ikony\/znak_D.png\" alt=\"\" width=\"50\" height=\"50\" \/><\/div>\n<ul>\n<li>kabel na metry H07RN-F <\/li>\n<li>przewody przeznaczone do najwy\u017cszych obci\u0105\u017ce\u0144 mechanicznych, idealne do zastosowa\u0144 przemys\u0142owych, takich jak pod\u0142\u0105czanie maszyn i silnik\u00f3w <\/li>\n<li>produkty wykonane w Europie, spe\u0142niaj\u0105ce rygorystyczne standardy jako\u015bci<\/li>\n<li> przewody posiadaj\u0105 dodatkow\u0105 izolacj\u0119 z gumy, poliuretanu lub PCV, a tak\u017ce pow\u0142ok\u0119 neoprenow\u0105, co zwi\u0119ksza ich odporno\u015b\u0107 na uszkodzenia mechaniczne <\/li>\n<\/ul>","protected":false},"featured_media":28820,"template":"","meta":{"inline_featured_image":false},"genre":[509],"product_cat":[507,508],"product_tag":[],"class_list":{"0":"post-14081","1":"product","2":"type-product","3":"status-publish","4":"has-post-thumbnail","6":"product_brand-as-schwabe-pl","7":"product_cat-przewody-przylaczeniowe-2-pl","8":"product_cat-kable-w-krazkach-sprzedawane-na-metry-pl","10":"first","11":"instock","12":"shipping-taxable","13":"product-type-simple"},"aioseo_notices":[],"_links":{"self":[{"href":"https:\/\/as-schwabe.de\/pl\/wp-json\/wp\/v2\/product\/14081","targetHints":{"allow":["GET"]}}],"collection":[{"href":"https:\/\/as-schwabe.de\/pl\/wp-json\/wp\/v2\/product"}],"about":[{"href":"https:\/\/as-schwabe.de\/pl\/wp-json\/wp\/v2\/types\/product"}],"version-history":[{"count":0,"href":"https:\/\/as-schwabe.de\/pl\/wp-json\/wp\/v2\/product\/14081\/revisions"}],"wp:featuredmedia":[{"embeddable":true,"href":"https:\/\/as-schwabe.de\/pl\/wp-json\/wp\/v2\/media\/28820"}],"wp:attachment":[{"href":"https:\/\/as-schwabe.de\/pl\/wp-json\/wp\/v2\/media?parent=14081"}],"wp:term":[{"taxonomy":"product_brand","embeddable":true,"href":"https:\/\/as-schwabe.de\/pl\/wp-json\/wp\/v2\/genre?post=14081"},{"taxonomy":"product_cat","embeddable":true,"href":"https:\/\/as-schwabe.de\/pl\/wp-json\/wp\/v2\/product_cat?post=14081"},{"taxonomy":"product_tag","embeddable":true,"href":"https:\/\/as-schwabe.de\/pl\/wp-json\/wp\/v2\/product_tag?post=14081"}],"curies":[{"name":"wp","href":"https:\/\/api.w.org\/{rel}","templated":true}]}}