{"id":6911,"date":"2025-01-03T22:31:01","date_gmt":"2025-01-03T22:31:01","guid":{"rendered":"https:\/\/as2025.as-schwabe.de\/?page_id=6911"},"modified":"2025-04-04T06:20:19","modified_gmt":"2025-04-04T06:20:19","slug":"owh","status":"publish","type":"page","link":"https:\/\/as-schwabe.de\/pl\/owh\/","title":{"rendered":"OWH"},"content":{"rendered":"<div data-elementor-type=\"wp-page\" data-elementor-id=\"6911\" class=\"elementor elementor-6911\" data-elementor-post-type=\"page\">\n\t\t\t\t\t\t<div class=\"elementor-element elementor-element-76caf35 e-flex e-con-boxed e-con e-parent\" data-id=\"76caf35\" data-element_type=\"container\">\r\n\t\t\t\t\t<div class=\"e-con-inner\">\r\n\t\t\t\t\t<div class=\"elementor-element elementor-element-56c732b elementor-widget elementor-widget-text-editor\" data-id=\"56c732b\" data-element_type=\"widget\" data-widget_type=\"text-editor.default\">\n\t\t\t\t\t\t\t\t\t<p><span style=\"font-size: 18pt; font-family: 'Helvetica Neue LT Pro';\"><strong>Og\u00f3lne warunki handlowe (OWH) w Polsce<\/strong><\/span><\/p><p><span style=\"font-size: 12pt;\"><strong>Warunki dostawy i p\u0142atno\u015bci<\/strong><\/span><\/p><p><span style=\"font-size: 12pt;\"><strong style=\"letter-spacing: 0.48px;\">1.\u00a0<\/strong><strong style=\"letter-spacing: 0.48px;\">Wyceny i przetwarzanie zam\u00f3wie\u0144<\/strong><\/span><\/p><p><span style=\"font-size: 12pt;\">1.1<\/span><br \/><span style=\"font-size: 12pt;\">Wszystkie nasze oferty (telefoniczne, pisemne lub tekstowe) s\u0105 sk\u0142adane wy\u0142\u0105cznie na podstawie poni\u017cszych warunk\u00f3w. S\u0105 one niewi\u0105\u017c\u0105ce do momentu zawarcia umowy.<\/span><\/p><p><span style=\"font-size: 12pt;\">1.2<\/span><br \/><span style=\"font-size: 12pt;\">Przyj\u0119cie zam\u00f3wienia zostanie potwierdzone na pi\u015bmie. Zam\u00f3wienia uznaje si\u0119 za przyj\u0119te wy\u0142\u0105cznie po ich potwierdzeniu przez nas.<\/span><\/p><p><span style=\"font-size: 12pt;\">1.3<\/span><br \/><span style=\"font-size: 12pt;\">Dane s\u0105 przechowywane w zwi\u0105zku z zapytaniami, pro\u015bbami o katalogi i otrzymanymi zam\u00f3wieniami.<\/span><\/p><p><span style=\"font-size: 12pt;\"><strong><span style=\"letter-spacing: 0.48px;\">2.\u00a0<\/span><\/strong><strong style=\"letter-spacing: 0.48px;\">Ceny, wysy\u0142ka, pakowanie<\/strong><\/span><\/p><p><span style=\"font-size: 12pt;\">2.1<\/span><br \/><span style=\"font-size: 12pt;\">Ceny s\u0105 podawane EXW Ex Works (z zak\u0142adu), bez opakowania, w euro, plus podatek VAT wed\u0142ug stawki obowi\u0105zuj\u0105cej w dniu dostawy. Naliczane s\u0105 ceny obowi\u0105zuj\u0105ce w dniu dostawy.<\/span><\/p><p><span style=\"font-size: 12pt;\">2.2<\/span><br \/><span style=\"font-size: 12pt;\">W przypadku zam\u00f3wie\u0144 do natychmiastowego odbioru o warto\u015bci od 1000,00 EURO netto, dostawa zostanie zrealizowana z op\u0142aconym transportem do siedziby odbiorcy na terenie ca\u0142ej Polski.<\/span><\/p><p><span style=\"font-size: 12pt;\">2.3<\/span><br \/><span style=\"font-size: 12pt;\">Je\u015bli warto\u015b\u0107 zam\u00f3wienia jest ni\u017csza ni\u017c 1000,00 EUR netto, naliczona zostanie zrycza\u0142towana op\u0142ata za wysy\u0142k\u0119 zale\u017cna od wagi.<\/span><\/p><p><span style=\"font-size: 12pt;\">2.4<\/span><br \/><span style=\"font-size: 12pt;\">Zastrzegamy sobie prawo do wyboru sposobu wysy\u0142ki. Z dokonanego wyboru nie mog\u0105 wynika\u0107 \u017cadne roszczenia wobec nas.<\/span><\/p><p><span style=\"font-size: 12pt;\"><strong>3. Miejsce spe\u0142nienia<\/strong><\/span><\/p><p><span style=\"font-size: 12pt;\">3.1<\/span><br \/><span style=\"font-size: 12pt;\">Miejscem realizacji p\u0142atno\u015bci ceny zakupu i wszystkich innych us\u0142ug kupuj\u0105cego jest Eutingen i.G.<\/span><\/p><p><span style=\"font-size: 12pt;\">3.2<\/span><br \/><span style=\"font-size: 12pt;\">Miejscem realizacji naszych dostaw jest miejsce, w kt\u00f3rym towary znajduj\u0105 si\u0119 w celu wysy\u0142ki lub uzgodnionego przekazania kupuj\u0105cemu.<\/span><\/p><p><span style=\"font-size: 12pt;\"><strong>4. Zagro\u017cenie transportowe<\/strong><\/span><\/p><p><span style=\"font-size: 12pt;\">Niezale\u017cnie od postanowie\u0144 klauzuli 2, przeniesienie ryzyka nast\u0119puje z chwil\u0105 przekazania przesy\u0142ki osobie, firmie lub instytucji, kt\u00f3rej zlecono jej wykonanie, nawet w przypadku dostawy op\u0142aconej.<\/span><\/p><p><span style=\"font-size: 12pt;\"><strong>5. Zakres us\u0142ugi<\/strong><\/span><\/p><p><span style=\"font-size: 12pt;\">5.1<\/span><br \/><span style=\"font-size: 12pt;\">Wszelkie informacje zawarte w ilustracjach, broszurach, katalogach i reklamach nie stanowi\u0105 opisu jako\u015bci towar\u00f3w w uzupe\u0142nieniu do opisu produktu. Takie informacje s\u0105 wi\u0105\u017c\u0105ce tylko wtedy, gdy zosta\u0142y uzgodnione jako jako\u015b\u0107 towar\u00f3w.<\/span><\/p><p><span style=\"font-size: 12pt;\">5.2<\/span><br \/><span style=\"font-size: 12pt;\">W przypadku produkt\u00f3w niestandardowych, ze wzgl\u0119d\u00f3w technicznych dopuszczalne s\u0105 nadwy\u017cki lub kr\u00f3tkie dostawy do 10%.<\/span><\/p><p><span style=\"font-size: 12pt;\"><strong>6. Czas dostawy - obowi\u0105zek dostawy<\/strong><\/span><\/p><p><span style=\"font-size: 12pt;\">6.1<\/span><br \/><span style=\"font-size: 12pt;\">Okres dostawy rozpoczyna si\u0119 wraz z wys\u0142aniem potwierdzenia zam\u00f3wienia.<\/span><\/p><p><span style=\"font-size: 12pt;\">6.2<\/span><br \/><span style=\"font-size: 12pt;\">Termin dostawy uwa\u017ca si\u0119 za dotrzymany, je\u017celi towary opu\u015bci\u0142y miejsce wysy\u0142ki lub gotowo\u015b\u0107 do wysy\u0142ki zosta\u0142a zg\u0142oszona przed up\u0142ywem terminu.<\/span><\/p><p><span style=\"font-size: 12pt;\">6.3<\/span><br \/><span style=\"font-size: 12pt;\">Termin dostawy zostanie odpowiednio przed\u0142u\u017cony w przypadku spor\u00f3w zbiorowych, zak\u0142\u00f3ce\u0144 operacyjnych, niedobor\u00f3w surowc\u00f3w, zak\u0142\u00f3ce\u0144 w ruchu drogowym, kl\u0119sk \u017cywio\u0142owych, wszelkich przypadk\u00f3w si\u0142y wy\u017cszej oraz wyst\u0105pienia nieprzewidzianych przeszk\u00f3d pozostaj\u0105cych poza nasz\u0105 kontrol\u0105, o ile takie przeszkody maj\u0105 znacz\u0105cy wp\u0142yw na uko\u0144czenie lub dostaw\u0119 towar\u00f3w. Ma to r\u00f3wnie\u017c zastosowanie w przypadku wyst\u0105pienia takich okoliczno\u015bci u podwykonawc\u00f3w lub dostawc\u00f3w umownych. Je\u015bli tre\u015b\u0107 us\u0142ugi zostanie r\u00f3wnie\u017c znacz\u0105co zmieniona przez te okoliczno\u015bci, zwalnia nas to z obowi\u0105zku dostawy na czas trwania zak\u0142\u00f3cenia i w zakresie jego skutk\u00f3w.<\/span><\/p><p><span style=\"font-size: 12pt;\">6.4<\/span><br \/><span style=\"font-size: 12pt;\">Jeste\u015bmy upowa\u017cnieni do dokonywania dostaw cz\u0119\u015bciowych. Ka\u017cd\u0105 dostaw\u0119 cz\u0119\u015bciow\u0105 uznaje si\u0119 za niezale\u017cn\u0105 transakcj\u0119.<\/span><\/p><p><span style=\"font-size: 12pt;\">6.5<\/span><br \/><span style=\"font-size: 12pt;\">Niezadowalaj\u0105ce informacje o kupuj\u0105cych uprawniaj\u0105 nas do anulowania um\u00f3w i zobowi\u0105za\u0144 dostawy w ca\u0142o\u015bci lub w cz\u0119\u015bci.<\/span><\/p><p><span style=\"font-size: 12pt;\"><strong>7. Potr\u0105cenie lub zatrzymanie <\/strong><\/span><\/p><p><span style=\"font-size: 12pt;\">Potr\u0105cenie przez kupuj\u0105cego jakichkolwiek roszcze\u0144 wzajemnych zakwestionowanych przez nas i\/lub niepotwierdzonych prawnie jest niedozwolone. Dotyczy to r\u00f3wnie\u017c zatrzymania p\u0142atno\u015bci.<\/span><\/p><p><span style=\"font-size: 12pt;\"><strong>8. Zg\u0142aszanie usterek (reklamacje)<\/strong><\/span><\/p><p><span style=\"font-size: 12pt;\">8.1<\/span><br \/><span style=\"font-size: 12pt;\">W przypadku reklamacji dotycz\u0105cych rodzaju, jako\u015bci i ilo\u015bci dostarczonych towar\u00f3w, ponosimy odpowiedzialno\u015b\u0107 tylko wtedy, gdy kupuj\u0105cy niezw\u0142ocznie sprawdzi towary, aby upewni\u0107 si\u0119, \u017ce s\u0105 one wolne od wad i kompletne oraz niezw\u0142ocznie powiadomi nas na pi\u015bmie o wszelkich wykrytych wadach z dok\u0142adnym opisem. Je\u015bli kupuj\u0105cy nie dokona kontroli towar\u00f3w lub nie zg\u0142osi wad w odpowiednim czasie, dostarczone towary uznaje si\u0119 za zatwierdzone, chyba \u017ce wada nie by\u0142a rozpoznawalna podczas kontroli. Wady wykryte p\u00f3\u017aniej r\u00f3wnie\u017c musz\u0105 zosta\u0107 nam niezw\u0142ocznie zg\u0142oszone, w przeciwnym razie towary zostan\u0105 r\u00f3wnie\u017c uznane za zatwierdzone z powodu tych wad.<\/span><\/p><p><span style=\"font-size: 12pt;\">8.2<\/span><br \/><span style=\"font-size: 12pt;\">Okres przedawnienia roszcze\u0144 gwarancyjnych i roszcze\u0144 o odszkodowanie wynosi 2 lata od dostawy towar\u00f3w.<\/span><\/p><p><span style=\"font-size: 12pt;\">8.3<\/span><br \/><span style=\"font-size: 12pt;\">Nie udziela si\u0119 gwarancji, je\u015bli nabywca lub osoba trzecia przeprowadzi modyfikacje lub naprawy bez naszej uprzedniej zgody.<\/span><\/p><p><span style=\"font-size: 12pt;\">8.4<\/span><br \/><span style=\"font-size: 12pt;\">W przypadku uzasadnionych reklamacji, wed\u0142ug w\u0142asnego uznania, naprawimy lub wymienimy towar.<\/span><\/p><p><span style=\"font-size: 12pt;\">8.5<\/span><br \/><span style=\"font-size: 12pt;\">Je\u015bli naprawa lub dostawa zast\u0119pcza nie powiedzie si\u0119, kupuj\u0105cy mo\u017ce, wed\u0142ug w\u0142asnego uznania, za\u017c\u0105da\u0107 obni\u017cenia p\u0142atno\u015bci lub odst\u0105pienia od umowy. Je\u015bli kupuj\u0105cy zdecyduje si\u0119 odst\u0105pi\u0107 od umowy z powodu wady, zrzeka si\u0119 prawa do dochodzenia roszcze\u0144 odszkodowawczych.<\/span><\/p><p><span style=\"font-size: 12pt;\">8.6<\/span><br \/><span style=\"font-size: 12pt;\">Poniesiemy koszty zwi\u0105zane z p\u00f3\u017aniejsz\u0105 realizacj\u0105 tylko wtedy, gdy s\u0105 one uzasadnione w danym przypadku, w szczeg\u00f3lno\u015bci w odniesieniu do ceny zakupu towar\u00f3w, ale w \u017cadnym wypadku nie przekraczaj\u0105 150 % warto\u015bci netto towar\u00f3w. Dalsze koszty, np. zwi\u0105zane z instalacj\u0105 i usuni\u0119ciem wadliwego towaru, ponosimy wy\u0142\u0105cznie zgodnie z niniejszymi warunkami.<\/span><\/p><p><span style=\"font-size: 12pt;\"><strong>9. Zwrot towar\u00f3w<\/strong><\/span><\/p><p><span style=\"font-size: 12pt;\">Zasadniczo nie przyjmujemy zwrot\u00f3w. Je\u015bli jednak jest to nieuniknione, wymaga to naszej wyra\u017anej pisemnej zgody. Towary mog\u0105 zosta\u0107 zwr\u00f3cone tylko wtedy, gdy nadal znajduj\u0105 si\u0119 w oryginalnym opakowaniu i nie maj\u0105 do\u0142\u0105czonej ceny i\/lub innych etykiet\/naklejek. Towary, kt\u00f3re zosta\u0142y wykonane specjalnie dla kupuj\u0105cego, s\u0105 zasadniczo wy\u0142\u0105czone z mo\u017cliwo\u015bci zwrotu. Zwroty musz\u0105 by\u0107 zawsze wysy\u0142ane z op\u0142aconym transportem.<\/span><\/p><p><span style=\"font-size: 12pt;\"><strong>10. Roszczenia o odszkodowanie<\/strong><\/span><\/p><p><span style=\"font-size: 12pt;\">Nie ponosimy odpowiedzialno\u015bci, niezale\u017cnie od podstawy prawnej, za nieznaczne naruszenie obowi\u0105zk\u00f3w przez nas, naszych przedstawicieli prawnych lub zast\u0119pc\u00f3w. W przypadku nieznacznego zaniedbania obowi\u0105zk\u00f3w materialnych, nasza odpowiedzialno\u015b\u0107 b\u0119dzie ograniczona do wysoko\u015bci typowej przewidywalnej szkody. Nie ponosimy odpowiedzialno\u015bci za op\u00f3\u017anienie lub niemo\u017cno\u015b\u0107 spowodowan\u0105 drobnym zaniedbaniem. Nie dotyczy to przypadk\u00f3w odpowiedzialno\u015bci na zasadzie ryzyka.<\/span><\/p><p><span style=\"font-size: 12pt;\"><strong>11. P\u0142atno\u015b\u0107, termin p\u0142atno\u015bci, niewykonanie zobowi\u0105zania<\/strong><\/span><\/p><p><span style=\"font-size: 12pt;\">11.1<\/span><br \/><span style=\"font-size: 12pt;\">Faktury s\u0105 p\u0142atne netto w ci\u0105gu 14 dni od daty wystawienia faktury. Chyba, \u017ce ustalono inaczej.<\/span><\/p><p><span style=\"font-size: 12pt;\">11.2<\/span><br \/><span style=\"font-size: 12pt;\">Czeki i weksle s\u0105 akceptowane wy\u0142\u0105cznie na poczet p\u0142atno\u015bci. Te ostatnie tylko po uprzednim pisemnym uzgodnieniu.<\/span><\/p><p><span style=\"font-size: 12pt;\">11.3<\/span><br \/><span style=\"font-size: 12pt;\">W przypadku p\u0142atno\u015bci po up\u0142ywie 14 dni od daty wystawienia faktury, odsetki za zw\u0142ok\u0119 w wysoko\u015bci 9% punkt\u00f3w procentowych powy\u017cej odpowiedniej bazowej stopy procentowej b\u0119d\u0105 nale\u017cne bez uprzedniego wezwania.<\/span><\/p><p><span style=\"font-size: 12pt;\">11.4<\/span><br \/><span style=\"font-size: 12pt;\">Je\u015bli kupuj\u0105cy nie wywi\u0105zuje si\u0119 z umowy, mamy prawo, wed\u0142ug w\u0142asnego uznania, odst\u0105pi\u0107 od umowy i odebra\u0107 dostarczone towary z zastrze\u017ceniem w\u0142asno\u015bci pomniejszonej o poniesione koszty (zwykle 20 % warto\u015bci towar\u00f3w).<\/span><\/p><p><span style=\"font-size: 12pt;\">11.5<\/span><br \/><span style=\"font-size: 12pt;\">\u015arodki te nie maj\u0105 wp\u0142ywu na jakiekolwiek roszczenia odszkodowawcze.<\/span><\/p><p><span style=\"font-size: 12pt;\">11.6<\/span><br \/><span style=\"font-size: 12pt;\">Je\u015bli otrzymamy powiadomienie o pogorszeniu si\u0119 sytuacji finansowej kupuj\u0105cego lub je\u015bli kupuj\u0105cy dostarczy zapasy lub zaleg\u0142e kwoty jako zabezpieczenie dla innych wierzycieli, b\u0119dziemy uprawnieni do anulowania wszystkich um\u00f3w p\u0142atniczych, \u017c\u0105dania natychmiastowej p\u0142atno\u015bci got\u00f3wk\u0105 lub zwrotu towar\u00f3w, odst\u0105pienia od umowy lub \u017c\u0105dania p\u0142atno\u015bci z g\u00f3ry lub dostawy za pobraniem.<\/span><\/p><p><span style=\"font-size: 12pt;\"><strong>12. Zastrze\u017cenie w\u0142asno\u015bci<\/strong><\/span><\/p><p><span style=\"font-size: 12pt;\">12.1<\/span><br \/><span style=\"font-size: 12pt;\">Towary pozostaj\u0105 nasz\u0105 w\u0142asno\u015bci\u0105 do momentu pe\u0142nej zap\u0142aty wszystkich roszcze\u0144, w tym roszcze\u0144 dodatkowych, roszcze\u0144 odszkodowawczych, przysz\u0142ych roszcze\u0144 oraz realizacji czek\u00f3w i weksli.<\/span><\/p><p><span style=\"font-size: 12pt;\">12.2<\/span><br \/><span style=\"font-size: 12pt;\">Z zastrze\u017ceniem poni\u017cszych postanowie\u0144, kupuj\u0105cy jest upowa\u017cniony do sprzeda\u017cy i przetwarzania towar\u00f3w.<\/span><\/p><p><span style=\"font-size: 12pt;\">12.3<\/span><br \/><span style=\"font-size: 12pt;\">Upowa\u017cnienie Kupuj\u0105cego do przetwarzania towar\u00f3w obj\u0119tych zastrze\u017ceniem w\u0142asno\u015bci w zwyk\u0142ym toku dzia\u0142alno\u015bci wygasa z chwil\u0105 zaprzestania dokonywania przez niego p\u0142atno\u015bci lub z chwil\u0105 z\u0142o\u017cenia wniosku o wszcz\u0119cie post\u0119powania upad\u0142o\u015bciowego w stosunku do jego maj\u0105tku. Przetwarzaj\u0105c towar zastrze\u017cony, kupuj\u0105cy nie nabywa w\u0142asno\u015bci nowej rzeczy zgodnie z \u00a7 950 BGB. Je\u015bli towar zastrze\u017cony zostanie przetworzony z innymi przedmiotami, nabywamy wsp\u00f3\u0142w\u0142asno\u015b\u0107 nowego przedmiotu w stosunku warto\u015bci fakturowej naszego towaru zastrze\u017conego do warto\u015bci fakturowej innych przetworzonych przedmiot\u00f3w.<\/span><\/p><p><span style=\"font-size: 12pt;\">12.4<\/span><br \/><span style=\"font-size: 12pt;\">Zamawiaj\u0105cy niniejszym przenosi na nas roszczenie wraz ze wszystkimi prawami dodatkowymi wynikaj\u0105cymi z odsprzeda\u017cy towaru zastrze\u017conego, r\u00f3wnie\u017c proporcjonalnie do stopnia przetworzenia towaru i nabycia przez nas wsp\u00f3\u0142w\u0142asno\u015bci w wysoko\u015bci warto\u015bci faktury. Jeste\u015bmy uprawnieni do u\u0142amka odpowiedniego roszczenia z tytu\u0142u ceny zakupu proporcjonalnie do warto\u015bci fakturowej naszych zastrze\u017conych towar\u00f3w do warto\u015bci fakturowej przedmiotu. Je\u015bli kupuj\u0105cy sprzeda\u0142 t\u0119 wierzytelno\u015b\u0107 w ramach faktycznego faktoringu, ceduje na nas wierzytelno\u015b\u0107 wobec faktora, kt\u00f3ry zajmuje jego miejsce. Akceptujemy takie cesje. Kupuj\u0105cy jest uprawniony do samodzielnego odbioru nale\u017cno\u015bci, o ile wype\u0142nia swoje zobowi\u0105zania p\u0142atnicze wobec nas zgodnie z umow\u0105, a my nie udzielamy mu \u017cadnych innych instrukcji. Na \u017c\u0105danie kupuj\u0105cy jest zobowi\u0105zany do przekazania nam dok\u0142adnej listy wierzytelno\u015bci, do kt\u00f3rych jeste\u015bmy uprawnieni, w tym nazw i adres\u00f3w klient\u00f3w, kwoty poszczeg\u00f3lnych wierzytelno\u015bci, daty wystawienia faktury itp. oraz do poinformowania swoich klient\u00f3w o cesji i przekazania nam wszelkich informacji niezb\u0119dnych do dochodzenia scedowanych wierzytelno\u015bci.<\/span><\/p><p><span style=\"font-size: 12pt;\">12.5<\/span><br \/><span style=\"font-size: 12pt;\">Zastrze\u017cenie w\u0142asno\u015bci pozostaje w mocy, nawet je\u015bli poszczeg\u00f3lne nasze roszczenia zostan\u0105 uwzgl\u0119dnione w bie\u017c\u0105cej fakturze, a saldo zostanie pobrane i uznane. Jeste\u015bmy uprawnieni do zastrze\u017cenia w\u0142asno\u015bci nie tylko w odniesieniu do uznanego i abstrakcyjnego salda ko\u0144cowego, ale tak\u017ce w odniesieniu do salda przyczynowego. Niniejszym zwalniamy w pe\u0142ni op\u0142acone dostawy, je\u015bli zabezpieczenie ustanowione przez zastrze\u017cenie w\u0142asno\u015bci przekracza roszczenie, kt\u00f3re ma by\u0107 zabezpieczone przez 20 %. Jeste\u015bmy uprawnieni do wyboru zabezpiecze\u0144, kt\u00f3re maj\u0105 zosta\u0107 zwolnione. Zastawienie lub przew\u0142aszczenie na zabezpieczenie towar\u00f3w obj\u0119tych zastrze\u017ceniem w\u0142asno\u015bci lub zbycie scedowanych wierzytelno\u015bci oraz nieautentyczny faktoring s\u0105 niedozwolone.<\/span><\/p><p><span style=\"font-size: 12pt;\">12.6<\/span><br \/><span style=\"font-size: 12pt;\">Je\u015bli odbierzemy dostarczone towary ze wzgl\u0119du na zastrze\u017cenie prawa w\u0142asno\u015bci, b\u0119dzie to stanowi\u0107 odst\u0105pienie od umowy tylko wtedy, gdy wyra\u017anie to o\u015bwiadczymy.<\/span><\/p><p><span style=\"font-size: 12pt;\">12.7<\/span><br \/><span style=\"font-size: 12pt;\">Kupuj\u0105cy przechowa dla nas zarezerwowane towary. Jest on zobowi\u0105zany do ubezpieczenia ich od ognia, kradzie\u017cy i wody. Kupuj\u0105cy niniejszym nieodwo\u0142alnie ceduje na nas swoje roszczenia odszkodowawcze przys\u0142uguj\u0105ce mu wobec towarzystw ubezpieczeniowych lub innych podmiot\u00f3w odpowiedzialnych za szkody wymienione w zdaniu 2 w wysoko\u015bci naszych roszcze\u0144. Przyjmujemy cesj\u0119.<\/span><\/p><p><span style=\"font-size: 12pt;\"><strong>13. Miejsce jurysdykcji<\/strong><\/span><\/p><p><span style=\"font-size: 12pt;\">Miejscem jurysdykcji jest wy\u0142\u0105cznie lokalny s\u0105d Horb a.N., niezale\u017cnie od kwoty sporu, je\u015bli kupuj\u0105cy jest kupcem.<\/span><\/p><p><span style=\"font-size: 12pt;\"><strong>14. Uznanie<\/strong><\/span><\/p><p><span style=\"font-size: 12pt;\">14.1<\/span><br \/><span style=\"font-size: 12pt;\">Powy\u017csze warunki maj\u0105 zastosowanie do wszystkich transakcji sprzeda\u017cy, nawet je\u015bli nie ma wyra\u017anego odniesienia do niniejszych warunk\u00f3w. Nasze warunki maj\u0105 r\u00f3wnie\u017c zastosowanie, je\u015bli kupuj\u0105cy wykluczy wa\u017cno\u015b\u0107 warunk\u00f3w sprzedaj\u0105cego w swoich warunkach zakupu, a my nie wyrazimy wyra\u017anego sprzeciwu wobec nich. Kupuj\u0105cy uznaje nasze warunki poprzez zawarcie transakcji zakupu i przyj\u0119cie naszego potwierdzenia zam\u00f3wienia bez sprzeciwu.<\/span><\/p><p><span style=\"font-size: 12pt;\">14.2<\/span><br \/><span style=\"font-size: 12pt;\">Sprzeczne warunki nie b\u0119d\u0105 uznawane, chyba \u017ce potwierdzimy je na pi\u015bmie.<\/span><\/p><p><span style=\"font-size: 12pt;\">14.3<\/span><br \/><span style=\"font-size: 12pt;\">Umowy ustne i umowy specjalne s\u0105 skuteczne tylko wtedy, gdy zostan\u0105 przez nas potwierdzone na pi\u015bmie.<\/span><\/p><p><span style=\"font-size: 12pt;\">Pobierz nasze Og\u00f3lne Warunki Handlowe:\u00a0<a href=\"https:\/\/as-schwabe.de\/pl\/fileadmin\/data\/pdf\/as_Schwabe_AGB_D_2019.pdf\/\">Og\u00f3lne warunki handlowe dla as - Schwabe GmbH<\/a><\/span><\/p>\t\t\t\t\t\t\t\t<\/div>\n\t\t\t\t\t<\/div>\n\t\t\t\t<\/div>\n\t\t\t\t<\/div>","protected":false},"excerpt":{"rendered":"<p>All\u00adge\u00admei\u00adne Ge\u00adsch\u00e4fts\u00adbe\u00addin\u00adgun\u00adgen (AGB) Lieferungs- und Zahlungsbedingungen 1.\u00a0Angebote und Auftragsabwicklung 1.1Unsere s\u00e4mtlichen Angebote (telefonisch, schriftlich oder in Textform) erfolgen ausschlie\u00dflich auf Basis der nachfolgenden Bedingungen. Sie sind bis zum erfolgten Vertragsabschluss freibleibend. 1.2Die Annahme von Auftr\u00e4gen wird schriftlich best\u00e4tigt. Erst mit unserer Auftragsbest\u00e4tigung gelten die Auftr\u00e4ge als angenommen. 1.3Bei Anfragen, Kataloganforderungen und bei Entgegennahme von Auftr\u00e4gen [&hellip;]<\/p>","protected":false},"author":1,"featured_media":0,"parent":0,"menu_order":0,"comment_status":"closed","ping_status":"closed","template":"","meta":{"inline_featured_image":false,"footnotes":""},"class_list":["post-6911","page","type-page","status-publish","hentry"],"aioseo_notices":[],"_links":{"self":[{"href":"https:\/\/as-schwabe.de\/pl\/wp-json\/wp\/v2\/pages\/6911","targetHints":{"allow":["GET"]}}],"collection":[{"href":"https:\/\/as-schwabe.de\/pl\/wp-json\/wp\/v2\/pages"}],"about":[{"href":"https:\/\/as-schwabe.de\/pl\/wp-json\/wp\/v2\/types\/page"}],"author":[{"embeddable":true,"href":"https:\/\/as-schwabe.de\/pl\/wp-json\/wp\/v2\/users\/1"}],"replies":[{"embeddable":true,"href":"https:\/\/as-schwabe.de\/pl\/wp-json\/wp\/v2\/comments?post=6911"}],"version-history":[{"count":0,"href":"https:\/\/as-schwabe.de\/pl\/wp-json\/wp\/v2\/pages\/6911\/revisions"}],"wp:attachment":[{"href":"https:\/\/as-schwabe.de\/pl\/wp-json\/wp\/v2\/media?parent=6911"}],"curies":[{"name":"wp","href":"https:\/\/api.w.org\/{rel}","templated":true}]}}