{"id":6905,"date":"2025-01-03T22:28:36","date_gmt":"2025-01-03T22:28:36","guid":{"rendered":"https:\/\/as2025.as-schwabe.de\/?page_id=6905"},"modified":"2025-01-03T22:29:21","modified_gmt":"2025-01-03T22:29:21","slug":"impressum","status":"publish","type":"page","link":"https:\/\/as-schwabe.de\/pl\/impressum\/","title":{"rendered":"Impressum"},"content":{"rendered":"<div data-elementor-type=\"wp-page\" data-elementor-id=\"6905\" class=\"elementor elementor-6905\" data-elementor-post-type=\"page\">\n\t\t\t\t\t\t<div class=\"elementor-element elementor-element-d98ad43 e-flex e-con-boxed e-con e-parent\" data-id=\"d98ad43\" data-element_type=\"container\">\r\n\t\t\t\t\t<div class=\"e-con-inner\">\r\n\t\t\t\t\t<div class=\"elementor-element elementor-element-c53bf73 elementor-widget elementor-widget-text-editor\" data-id=\"c53bf73\" data-element_type=\"widget\" data-widget_type=\"text-editor.default\">\n\t\t\t\t\t\t\t\t\t<div style=\"padding-right: 15px; padding-left: 15px; width: 1170px; color: #000000; font-family: 'Helvetica Neue LT W01_45 Light', Arial, sans-serif; font-size: 16px; letter-spacing: normal;\"><header><h2 class=\"\">Informacje zgodnie z \u00a7 5 TMG<\/h2><\/header><p>as - Schwabe GmbH<br \/>Merkurstrasse 10<br \/>72184 Eutingen im G\u00e4u<\/p><h3>Reprezentowany przez:<\/h3><p>Dyrektor zarz\u0105dzaj\u0105cy: Kai Weing\u00e4rtner<\/p><h3>Kontakt:<\/h3><p>Telefon: +49 7457 9 48 53 0<br \/>E-mail: info@as-schwabe.de<\/p><h3>Wpis do rejestru:<\/h3><p>Wpis do rejestru handlowego.<br \/>S\u0105d rejestrowy: s\u0105d rejonowy w Stuttgarcie<br \/>Numer rejestracyjny: HRB 440829<\/p><h3>Identyfikator podatkowy sprzeda\u017cy:<\/h3><p>Numer identyfikacji podatkowej zgodnie z \u00a727 ustawy o podatku od sprzeda\u017cy:<br \/>PL 14 64 82 157<\/p><h3>Zastrze\u017cenie:<\/h3><p><strong>Odpowiedzialno\u015b\u0107 za tre\u015b\u0107<\/strong><\/p><p>Zawarto\u015b\u0107 naszej strony internetowej zosta\u0142a opracowana z najwy\u017csz\u0105 staranno\u015bci\u0105. Nie mo\u017cemy jednak przyj\u0105\u0107 \u017cadnej odpowiedzialno\u015bci za dok\u0142adno\u015b\u0107, kompletno\u015b\u0107 i aktualno\u015b\u0107 tre\u015bci. Jako dostawca us\u0142ug jeste\u015bmy odpowiedzialni za w\u0142asne tre\u015bci na tych stronach zgodnie z \u00a7 7 ust. 1 TMG (niemiecka ustawa o telemediach) i og\u00f3lnymi przepisami prawa. Zgodnie z \u00a7\u00a7 8 do 10 TMG, jako us\u0142ugodawca nie jeste\u015bmy jednak zobowi\u0105zani do monitorowania przesy\u0142anych lub przechowywanych informacji os\u00f3b trzecich ani do badania okoliczno\u015bci wskazuj\u0105cych na nielegaln\u0105 dzia\u0142alno\u015b\u0107. Nie ma to wp\u0142ywu na obowi\u0105zek usuni\u0119cia lub zablokowania korzystania z informacji zgodnie z og\u00f3lnymi przepisami prawa. Odpowiedzialno\u015b\u0107 w tym zakresie jest jednak mo\u017cliwa dopiero od momentu powzi\u0119cia informacji o konkretnym naruszeniu. Gdy tylko dowiemy si\u0119 o takich naruszeniach, niezw\u0142ocznie usuniemy te tre\u015bci.<\/p><p><strong>Odpowiedzialno\u015b\u0107 za linki<\/strong><\/p><p>Nasza witryna internetowa zawiera \u0142\u0105cza do zewn\u0119trznych witryn internetowych os\u00f3b trzecich, na kt\u00f3rych tre\u015b\u0107 nie mamy wp\u0142ywu. W zwi\u0105zku z tym nie mo\u017cemy ponosi\u0107 \u017cadnej odpowiedzialno\u015bci za tre\u015bci stron trzecich. Odpowiedni dostawca lub operator stron jest zawsze odpowiedzialny za tre\u015b\u0107 stron, do kt\u00f3rych prowadz\u0105 linki. Po\u0142\u0105czone strony zosta\u0142y sprawdzone pod k\u0105tem mo\u017cliwych narusze\u0144 prawa w momencie \u0142\u0105czenia. Nielegalne tre\u015bci nie zosta\u0142y rozpoznane w momencie linkowania. Sta\u0142e monitorowanie tre\u015bci stron, do kt\u00f3rych prowadz\u0105 linki, nie jest jednak uzasadnione bez konkretnych dowod\u00f3w naruszenia prawa. Je\u015bli dowiemy si\u0119 o jakichkolwiek naruszeniach prawa, niezw\u0142ocznie usuniemy takie linki.<\/p><p><strong>Prawa autorskie<\/strong><\/p><p>Tre\u015bci i dzie\u0142a stworzone przez operator\u00f3w witryn na tych stronach podlegaj\u0105 niemieckiemu prawu autorskiemu. Powielanie, przetwarzanie, rozpowszechnianie i wszelkiego rodzaju wykorzystywanie poza granicami prawa autorskiego wymaga pisemnej zgody odpowiedniego autora lub tw\u00f3rcy. Pobieranie i kopiowanie tej strony jest dozwolone wy\u0142\u0105cznie do prywatnego, niekomercyjnego u\u017cytku. O ile tre\u015bci na tej stronie nie zosta\u0142y stworzone przez operatora, prawa autorskie os\u00f3b trzecich s\u0105 przestrzegane. W szczeg\u00f3lno\u015bci tre\u015bci os\u00f3b trzecich s\u0105 oznaczone jako takie. Je\u015bli mimo to dowiesz si\u0119 o naruszeniu praw autorskich, poinformuj nas o tym. Je\u015bli dowiemy si\u0119 o jakichkolwiek naruszeniach, niezw\u0142ocznie usuniemy takie tre\u015bci.<\/p><p><strong>Ochrona danych<\/strong><\/p><p>Korzystanie z naszej strony internetowej jest zasadniczo mo\u017cliwe bez podawania danych osobowych. W zakresie, w jakim dane osobowe (np. imi\u0119 i nazwisko, adres lub adresy e-mail) s\u0105 gromadzone na naszej stronie internetowej, odbywa si\u0119 to zawsze na zasadzie dobrowolno\u015bci, o ile jest to mo\u017cliwe. Dane te nie b\u0119d\u0105 przekazywane osobom trzecim bez wyra\u017anej zgody u\u017cytkownika.<\/p><p>Zwracamy uwag\u0119, \u017ce transmisja danych przez Internet (np. podczas komunikacji za po\u015brednictwem poczty elektronicznej) mo\u017ce zawiera\u0107 luki w zabezpieczeniach. Pe\u0142na ochrona danych przed dost\u0119pem os\u00f3b trzecich nie jest mo\u017cliwa.<\/p><p>Niniejszym wyra\u017anie zabraniamy wykorzystywania danych kontaktowych opublikowanych w ramach obowi\u0105zku nadruku przez osoby trzecie do wysy\u0142ania niezam\u00f3wionych materia\u0142\u00f3w reklamowych i informacyjnych. Operatorzy tej witryny wyra\u017anie zastrzegaj\u0105 sobie prawo do podj\u0119cia krok\u00f3w prawnych w przypadku niezam\u00f3wionego wysy\u0142ania informacji reklamowych, takich jak spam.<\/p><p><strong>Polityka prywatno\u015bci dotycz\u0105ca korzystania z Google Analytics<\/strong><\/p><p>Niniejsza strona internetowa korzysta z Google Analytics, us\u0142ugi analizy ogl\u0105dalno\u015bci stron internetowych udost\u0119pnianej przez Google Inc (\"Google\"). Google Analytics wykorzystuje pliki \"cookie\", kt\u00f3re s\u0105 plikami tekstowymi umieszczanymi na komputerze u\u017cytkownika w celu umo\u017cliwienia witrynie przeanalizowania sposobu, w jaki u\u017cytkownicy z niej korzystaj\u0105. Informacje generowane przez pliki cookie na temat korzystania z tej witryny s\u0105 zazwyczaj przesy\u0142ane na serwer Google w USA i tam przechowywane. Jednak w przypadku aktywacji anonimizacji IP na tej stronie, adres IP u\u017cytkownika zostanie wcze\u015bniej skr\u00f3cony przez Google w pa\u0144stwach cz\u0142onkowskich Unii Europejskiej lub w innych umawiaj\u0105cych si\u0119 pa\u0144stwach Porozumienia o Europejskim Obszarze Gospodarczym.<\/p><p>Tylko w wyj\u0105tkowych przypadkach pe\u0142ny adres IP zostanie przes\u0142any na serwer Google w USA i tam skr\u00f3cony. W imieniu operatora tej witryny Google wykorzysta te informacje do analizy korzystania z witryny przez u\u017cytkownika, tworzenia raport\u00f3w dotycz\u0105cych aktywno\u015bci na stronie oraz \u015bwiadczenia innych us\u0142ug zwi\u0105zanych z aktywno\u015bci\u0105 na stronie i korzystaniem z Internetu na rzecz operatora witryny. Adres IP przes\u0142any przez przegl\u0105dark\u0119 u\u017cytkownika w ramach Google Analytics nie zostanie po\u0142\u0105czony z innymi danymi Google.<\/p><p>U\u017cytkownik mo\u017ce odm\u00f3wi\u0107 korzystania z plik\u00f3w cookie, wybieraj\u0105c odpowiednie ustawienia w przegl\u0105darce, jednak nale\u017cy pami\u0119ta\u0107, \u017ce w takim przypadku korzystanie z pe\u0142nej funkcjonalno\u015bci tej witryny mo\u017ce nie by\u0107 mo\u017cliwe. U\u017cytkownik mo\u017ce r\u00f3wnie\u017c uniemo\u017cliwi\u0107 Google gromadzenie danych generowanych przez pliki cookie i zwi\u0105zanych z korzystaniem przez niego ze strony internetowej (w tym adresu IP) oraz przetwarzanie tych danych przez Google, pobieraj\u0105c i instaluj\u0105c wtyczk\u0119 do przegl\u0105darki dost\u0119pn\u0105 pod poni\u017cszym linkiem:\u00a0<a href=\"http:\/\/tools.google.com\/dlpage\/gaoptout?hl=de\" target=\"_blank\" rel=\"noopener\">http:\/\/tools.google.com\/dlpage\/gaoptout?hl=de<\/a>.<\/p><p><strong>Polityka prywatno\u015bci dotycz\u0105ca korzystania z Google Adsense<\/strong><\/p><p>Ta strona korzysta z Google AdSense, us\u0142ugi integracji reklam Google Inc (\"Google\"). Google AdSense u\u017cywa \"cookies\", czyli plik\u00f3w tekstowych umieszczanych na komputerze u\u017cytkownika w celu umo\u017cliwienia witrynie przeanalizowania sposobu, w jaki u\u017cytkownicy z niej korzystaj\u0105. Google AdSense u\u017cywa r\u00f3wnie\u017c tak zwanych sygna\u0142\u00f3w nawigacyjnych (niewidoczna grafika). Te sygna\u0142y nawigacyjne mog\u0105 by\u0107 wykorzystywane do analizowania informacji, takich jak ruch odwiedzaj\u0105cych na tych stronach.<\/p><p>Informacje generowane przez pliki cookie i sygnalizatory WWW na temat korzystania z tej witryny (w tym adres IP) oraz dostarczania format\u00f3w reklamowych s\u0105 przesy\u0142ane na serwer Google w USA i tam przechowywane. Informacje te mog\u0105 by\u0107 przekazywane przez Google partnerom umownym Google. Google nie b\u0119dzie jednak \u0142\u0105czy\u0107 adresu IP u\u017cytkownika z innymi danymi przechowywanymi przez u\u017cytkownika.<\/p><p>U\u017cytkownik mo\u017ce odm\u00f3wi\u0107 korzystania z plik\u00f3w cookie, wybieraj\u0105c odpowiednie ustawienia w przegl\u0105darce, jednak nale\u017cy pami\u0119ta\u0107, \u017ce je\u015bli to zrobi, mo\u017ce nie by\u0107 w stanie korzysta\u0107 z pe\u0142nej funkcjonalno\u015bci tej witryny. Korzystaj\u0105c z tej strony internetowej, u\u017cytkownik wyra\u017ca zgod\u0119 na przetwarzanie jego danych przez Google w spos\u00f3b i w celach okre\u015blonych powy\u017cej.<\/p><p><strong>Polityka prywatno\u015bci dotycz\u0105ca korzystania z serwisu Twitter<\/strong><\/p><p>Funkcje serwisu Twitter s\u0105 zintegrowane na naszych stronach. Funkcje te s\u0105 oferowane przez Twitter Inc, Twitter, Inc. 1355 Market St, Suite 900, San Francisco, CA 94103, USA. Korzystaj\u0105c z Twittera i funkcji \"Re-Tweet\", odwiedzane strony internetowe s\u0105 powi\u0105zane z kontem u\u017cytkownika na Twitterze i udost\u0119pniane innym u\u017cytkownikom. W tym procesie dane s\u0105 r\u00f3wnie\u017c przesy\u0142ane do Twittera.<\/p><p>Pragniemy podkre\u015bli\u0107, \u017ce jako dostawca stron nie mamy wiedzy na temat tre\u015bci przesy\u0142anych danych ani ich wykorzystania przez Twittera. Wi\u0119cej informacji na ten temat mo\u017cna znale\u017a\u0107 w polityce prywatno\u015bci Twittera pod adresem\u00a0<a href=\"http:\/\/twitter.com\/privacy\" target=\"_blank\" rel=\"noopener\">http:\/\/twitter.com\/privacy<\/a>.<\/p><p>Ustawienia ochrony danych na Twitterze mo\u017cna zmieni\u0107 w ustawieniach konta w sekcji\u00a0<a href=\"http:\/\/twitter.com\/account\/settings\" target=\"_blank\" rel=\"noopener\">Zmie\u0144 http:\/\/twitter.com\/account\/settings<\/a>.<\/p><p><em>Odniesienie do \u017ar\u00f3d\u0142a:\u00a0<a href=\"http:\/\/www.e-recht24.de\/muster-disclaimer.htm\" target=\"_blank\" rel=\"noopener\">Zastrze\u017cenie eRecht24<\/a>,\u00a0<a href=\"http:\/\/www.google.com\/intl\/de\/analytics\/privacyoverview.html\" target=\"_blank\" rel=\"noopener\">Warunki Google Analytics<\/a>,\u00a0<a href=\"http:\/\/www.e-recht24.de\/artikel\/datenschutz\/6635-datenschutz-rechtliche-risiken-bei-der-nutzung-von-google-analytics-und-googleadsense.html\" target=\"_blank\" rel=\"noopener\">eRecht24 Polityka prywatno\u015bci Google Adsense<\/a>,\u00a0<a href=\"http:\/\/twitter.com\/privacy\" target=\"_blank\" rel=\"noopener\">Polityka prywatno\u015bci serwisu Twitter<\/a><\/em><\/p><\/div>\t\t\t\t\t\t\t\t<\/div>\n\t\t\t\t\t<\/div>\n\t\t\t\t<\/div>\n\t\t\t\t<\/div>","protected":false},"excerpt":{"rendered":"<p>An\u00adga\u00adben ge\u00adm\u00e4\u00df \u00a7 5 TMG as &#8211; Schwabe GmbHMerkurstra\u00dfe 1072184 Eutingen im G\u00e4u Vertreten durch: Gesch\u00e4ftsf\u00fchrer: Kai Weing\u00e4rtner Kontakt: Telefon: +49 7457 9 48 53 0E-Mail: info@as-schwabe.de Registereintrag: Eintragung im Handelsregister.Registergericht:Amtsgericht StuttgartRegisternummer: HRB 440829 Umsatzsteuer-ID: Umsatzsteuer-Identifikationsnummer gem\u00e4\u00df \u00a727 a Umsatzsteuergesetz:DE 14 64 82 157 Haftungsausschluss: Haftung f\u00fcr Inhalte Die Inhalte unserer Seiten wurden mit gr\u00f6\u00dfter [&hellip;]<\/p>","protected":false},"author":1,"featured_media":0,"parent":0,"menu_order":0,"comment_status":"closed","ping_status":"closed","template":"","meta":{"inline_featured_image":false,"footnotes":""},"class_list":["post-6905","page","type-page","status-publish","hentry"],"aioseo_notices":[],"_links":{"self":[{"href":"https:\/\/as-schwabe.de\/pl\/wp-json\/wp\/v2\/pages\/6905","targetHints":{"allow":["GET"]}}],"collection":[{"href":"https:\/\/as-schwabe.de\/pl\/wp-json\/wp\/v2\/pages"}],"about":[{"href":"https:\/\/as-schwabe.de\/pl\/wp-json\/wp\/v2\/types\/page"}],"author":[{"embeddable":true,"href":"https:\/\/as-schwabe.de\/pl\/wp-json\/wp\/v2\/users\/1"}],"replies":[{"embeddable":true,"href":"https:\/\/as-schwabe.de\/pl\/wp-json\/wp\/v2\/comments?post=6905"}],"version-history":[{"count":0,"href":"https:\/\/as-schwabe.de\/pl\/wp-json\/wp\/v2\/pages\/6905\/revisions"}],"wp:attachment":[{"href":"https:\/\/as-schwabe.de\/pl\/wp-json\/wp\/v2\/media?parent=6905"}],"curies":[{"name":"wp","href":"https:\/\/api.w.org\/{rel}","templated":true}]}}